{"id":129,"date":"2014-07-16T14:01:30","date_gmt":"2014-07-16T14:01:30","guid":{"rendered":"https:\/\/www.museedelaguerre.ca\/premiere-guerre-mondial\/?page_id=129"},"modified":"2015-03-26T12:56:10","modified_gmt":"2015-03-26T12:56:10","slug":"saint-eloi","status":"publish","type":"page","link":"https:\/\/www.museedelaguerre.ca\/premiereguerremondiale\/histoire\/batailles-et-combats\/batailles-terrestres\/saint-eloi\/","title":{"rendered":"Saint-\u00c9loi"},"content":{"rendered":"<p class=\"excerpt\">La bataille des crat\u00e8res de Saint-\u00c9loi fut le premier engagement majeur de la 2e division canadienne r\u00e9cemment arriv\u00e9e d&rsquo;Angleterre. Ce fut un d\u00e9sastre.<\/p>\n<h2>Crat\u00e8res remplis de boue et manque d&rsquo;abris<\/h2>\n<p>Les forces britanniques avaient d\u00e9j\u00e0 fait exploser une s\u00e9rie de mines souterraines pour d\u00e9truire les d\u00e9fenses allemandes du secteur, mais cet effort avait laiss\u00e9 aux attaquants d&rsquo;\u00e9normes crat\u00e8res remplis de boue \u00e0 occuper. Quand les Canadiens vinrent pr\u00eater main forte aux troupes britanniques dans la nuit du 3 avril, ils ne trouv\u00e8rent que peu de v\u00e9ritables tranch\u00e9es o\u00f9 s&rsquo;abriter, et la plupart de celles-ci \u00e9taient inond\u00e9es d&rsquo;eau jusqu&rsquo;\u00e0 hauteur de taille. Le front tout entier \u00e9tait aussi sous l&rsquo;observation et les tirs incessants des Allemands.<\/p>\n<h2>Deux semaines de combats violents et confus<\/h2>\n<p>Une s\u00e9rie de contre-attaques allemandes le 6 avril oblig\u00e8rent les Canadiens \u00e0 sortir des crat\u00e8res boueux et sem\u00e8rent la confusion dans toute la division et dans les quartiers g\u00e9n\u00e9raux.<\/p>\n<p>Pendant deux semaines de durs combats, les commandants canadiens ignor\u00e8rent souvent o\u00f9 se trouvaient leurs troupes. La plupart des soldats s&rsquo;abritaient des tirs nourris et, s\u00e9par\u00e9s par les crat\u00e8res des obus, ne pouvaient fournir \u00e0 leurs commandants que peu de renseignements exacts sur l&rsquo;\u00e9volution de la bataille.<\/p>\n<p>Quand la photographie a\u00e9rienne put r\u00e9v\u00e9ler les v\u00e9ritables positions allemandes et canadiennes, la bataille s&rsquo;interrompit le 16 avril, l&rsquo;ennemi \u00e9tant ma\u00eetre de la plupart des points sensibles.<\/p>\n<h2>Sir Julian Byng assume le commandement<\/h2>\n<p>Les Canadiens subirent 1373 pertes au cours des combats confus \u00e0 Saint-\u00c9loi. Le commandant du Corps, le lieutenant-g\u00e9n\u00e9ral E.A.H. Alderson, fut remplac\u00e9 par sir Julian Byng, un g\u00e9n\u00e9ral britannique exp\u00e9riment\u00e9 et respect\u00e9.<\/p>\n<h3>Poursuivez votre exploration avec ces sujets :<\/h3>\n<ul class=\"related\">\n<li><a href=\"\/premiereguerremondiale\/histoire\/batailles-et-combats\/armes-terrestres\/mines-souterraines\/\">Mines souterraines<\/a><\/li>\n<li><a href=\"\/premiereguerremondiale\/histoire\/les-gens\/generaux\/sir-julian-byng\/\">Sir Julian Byng<\/a><\/li>\n<li><a href=\"\/premiereguerremondiale\/histoire\/la-vie-au-front\/la-culture-des-tranchees\/largot-des-soldats\/\">L&rsquo;argot des soldats<\/a><\/li>\n<\/ul>\n","protected":false},"excerpt":{"rendered":"<p>La bataille des crat\u00e8res de Saint-\u00c9loi fut le premier engagement majeur de la 2e division canadienne r\u00e9cemment arriv\u00e9e d&rsquo;Angleterre. Ce fut un d\u00e9sastre. Crat\u00e8res remplis de boue et manque d&rsquo;abris Les forces britanniques avaient d\u00e9j\u00e0 fait exploser une s\u00e9rie de mines souterraines pour d\u00e9truire les d\u00e9fenses allemandes du secteur, mais cet effort avait laiss\u00e9 aux [&hellip;]<\/p>\n","protected":false},"author":1,"featured_media":125,"parent":115,"menu_order":2,"comment_status":"open","ping_status":"open","template":"single-history.php","meta":{"footnotes":""},"_links":{"self":[{"href":"https:\/\/www.museedelaguerre.ca\/premiereguerremondiale\/wp-json\/wp\/v2\/pages\/129"}],"collection":[{"href":"https:\/\/www.museedelaguerre.ca\/premiereguerremondiale\/wp-json\/wp\/v2\/pages"}],"about":[{"href":"https:\/\/www.museedelaguerre.ca\/premiereguerremondiale\/wp-json\/wp\/v2\/types\/page"}],"author":[{"embeddable":true,"href":"https:\/\/www.museedelaguerre.ca\/premiereguerremondiale\/wp-json\/wp\/v2\/users\/1"}],"replies":[{"embeddable":true,"href":"https:\/\/www.museedelaguerre.ca\/premiereguerremondiale\/wp-json\/wp\/v2\/comments?post=129"}],"version-history":[{"count":5,"href":"https:\/\/www.museedelaguerre.ca\/premiereguerremondiale\/wp-json\/wp\/v2\/pages\/129\/revisions"}],"predecessor-version":[{"id":3345,"href":"https:\/\/www.museedelaguerre.ca\/premiereguerremondiale\/wp-json\/wp\/v2\/pages\/129\/revisions\/3345"}],"up":[{"embeddable":true,"href":"https:\/\/www.museedelaguerre.ca\/premiereguerremondiale\/wp-json\/wp\/v2\/pages\/115"}],"wp:featuredmedia":[{"embeddable":true,"href":"https:\/\/www.museedelaguerre.ca\/premiereguerremondiale\/wp-json\/wp\/v2\/media\/125"}],"wp:attachment":[{"href":"https:\/\/www.museedelaguerre.ca\/premiereguerremondiale\/wp-json\/wp\/v2\/media?parent=129"}],"curies":[{"name":"wp","href":"https:\/\/api.w.org\/{rel}","templated":true}]}}