{"id":127,"date":"2014-07-16T13:34:08","date_gmt":"2014-07-16T13:34:08","guid":{"rendered":"https:\/\/www.museedelaguerre.ca\/premiere-guerre-mondial\/?page_id=127"},"modified":"2015-03-26T12:54:36","modified_gmt":"2015-03-26T12:54:36","slug":"festubert","status":"publish","type":"page","link":"https:\/\/www.museedelaguerre.ca\/premiereguerremondiale\/histoire\/batailles-et-combats\/batailles-terrestres\/festubert\/","title":{"rendered":"Festubert"},"content":{"rendered":"<p class=\"excerpt\">\u00c0 la bataille de Festubert, en mai 1915, les troupes canadiennes ne gagn\u00e8rent gu\u00e8re de terrain et subirent de terribles pertes.<\/p>\n<h2>Une op\u00e9ration risqu\u00e9e<\/h2>\n<p>Juste au sud du saillant d&rsquo;Ypres, la Premi\u00e8re Arm\u00e9e britannique de sir Douglas Haig avait subi 11\u00a0000 pertes au cours d&rsquo;une attaque infructueuse contre la cr\u00eate d&rsquo;Aubers le 9 mai 1915. Moins d&rsquo;une semaine plus tard, il ordonna une autre pouss\u00e9e, avec cette fois deux brigades canadiennes.<\/p>\n<h2>Une attaque imparfaite<\/h2>\n<p>L&rsquo;objectif de la 3e\u00a0brigade d&rsquo;infanterie canadienne du brigadier-g\u00e9n\u00e9ral Richard Turner \u00e9tait un petit verger en face du village de Festubert. Au sud, la 2e brigade d&rsquo;infanterie canadienne du brigadier-g\u00e9n\u00e9ral Arthur Currie s&#8217;emparerait d&rsquo;une s\u00e9rie de tranch\u00e9es simplement appel\u00e9e K.5.<\/p>\n<p>Les forces canadiennes n&rsquo;eurent presque pas de temps pour se pr\u00e9parer \u00e0 l&rsquo;op\u00e9ration. Leurs cartes contenaient des renseignements inexacts et elles \u00e9taient mal soutenues par l&rsquo;artillerie. Les Allemands avaient tous les avantages du terrain et de la puissance de feu et purent observer les pr\u00e9paratifs de l&rsquo;assaut.<\/p>\n<h2>Pertes et \u00e9chec<\/h2>\n<p>Les Canadiens lanc\u00e8rent plusieurs assauts frontaux, mais l&rsquo;infanterie attaquante fut la cible de mitrailleuses ennemies bien positionn\u00e9es. Les Canadiens firent de petits gains pendant une semaine de combats, mais subirent 2468 pertes au cours d&rsquo;une s\u00e9rie d&rsquo;attaques pour la plupart infructueuses. Depuis la deuxi\u00e8me bataille d&rsquo;Ypres moins d&rsquo;un mois plus t\u00f4t, la division canadienne avait subi plus de 8500 pertes.<\/p>\n<h3>Poursuivez votre exploration avec ces sujets :<\/h3>\n<ul class=\"related\">\n<li><a href=\"\/premiereguerremondiale\/histoire\/les-gens\/generaux\/sir-douglas-haig\/\">Sir Douglas Haig<\/a><\/li>\n<li><a href=\"\/premiereguerremondiale\/histoire\/batailles-et-combats\/armes-terrestres\/armes-a-feu\/\">Armes \u00e0 feu<\/a><\/li>\n<li><a href=\"\/premiereguerremondiale\/histoire\/batailles-et-combats\/la-guerre-sur-terre\/fournir-le-materiel-necessaire-a-la-guerre\/\">Fournir le mat\u00e9riel n\u00e9cessaire \u00e0 la guerre<\/a><\/li>\n<\/ul>\n","protected":false},"excerpt":{"rendered":"<p>\u00c0 la bataille de Festubert, en mai 1915, les troupes canadiennes ne gagn\u00e8rent gu\u00e8re de terrain et subirent de terribles pertes. Une op\u00e9ration risqu\u00e9e Juste au sud du saillant d&rsquo;Ypres, la Premi\u00e8re Arm\u00e9e britannique de sir Douglas Haig avait subi 11\u00a0000 pertes au cours d&rsquo;une attaque infructueuse contre la cr\u00eate d&rsquo;Aubers le 9 mai 1915. [&hellip;]<\/p>\n","protected":false},"author":1,"featured_media":126,"parent":115,"menu_order":1,"comment_status":"open","ping_status":"open","template":"single-history.php","meta":{"footnotes":""},"_links":{"self":[{"href":"https:\/\/www.museedelaguerre.ca\/premiereguerremondiale\/wp-json\/wp\/v2\/pages\/127"}],"collection":[{"href":"https:\/\/www.museedelaguerre.ca\/premiereguerremondiale\/wp-json\/wp\/v2\/pages"}],"about":[{"href":"https:\/\/www.museedelaguerre.ca\/premiereguerremondiale\/wp-json\/wp\/v2\/types\/page"}],"author":[{"embeddable":true,"href":"https:\/\/www.museedelaguerre.ca\/premiereguerremondiale\/wp-json\/wp\/v2\/users\/1"}],"replies":[{"embeddable":true,"href":"https:\/\/www.museedelaguerre.ca\/premiereguerremondiale\/wp-json\/wp\/v2\/comments?post=127"}],"version-history":[{"count":6,"href":"https:\/\/www.museedelaguerre.ca\/premiereguerremondiale\/wp-json\/wp\/v2\/pages\/127\/revisions"}],"predecessor-version":[{"id":3344,"href":"https:\/\/www.museedelaguerre.ca\/premiereguerremondiale\/wp-json\/wp\/v2\/pages\/127\/revisions\/3344"}],"up":[{"embeddable":true,"href":"https:\/\/www.museedelaguerre.ca\/premiereguerremondiale\/wp-json\/wp\/v2\/pages\/115"}],"wp:featuredmedia":[{"embeddable":true,"href":"https:\/\/www.museedelaguerre.ca\/premiereguerremondiale\/wp-json\/wp\/v2\/media\/126"}],"wp:attachment":[{"href":"https:\/\/www.museedelaguerre.ca\/premiereguerremondiale\/wp-json\/wp\/v2\/media?parent=127"}],"curies":[{"name":"wp","href":"https:\/\/api.w.org\/{rel}","templated":true}]}}