{"id":115,"date":"2014-07-16T12:59:32","date_gmt":"2014-07-16T12:59:32","guid":{"rendered":"https:\/\/www.museedelaguerre.ca\/premiere-guerre-mondial\/?page_id=115"},"modified":"2014-07-16T12:59:32","modified_gmt":"2014-07-16T12:59:32","slug":"batailles-terrestres","status":"publish","type":"page","link":"https:\/\/www.museedelaguerre.ca\/premiereguerremondiale\/histoire\/batailles-et-combats\/batailles-terrestres\/","title":{"rendered":"Batailles terrestres"},"content":{"rendered":"<p>La plus grande contribution du Canada \u00e0 l&rsquo;effort de guerre alli\u00e9 fut ses forces terrestres, qui se battirent sur le front occidental de 1915 \u00e0 1918. Apprenez-en davantage sur les batailles du Canada lors de la Premi\u00e8re Guerre mondiale.<\/p>\n","protected":false},"excerpt":{"rendered":"<p>La plus grande contribution du Canada \u00e0 l&rsquo;effort de guerre alli\u00e9 fut ses forces terrestres, qui se battirent sur le front occidental de 1915 \u00e0 1918. Apprenez-en davantage sur les batailles du Canada lors de la Premi\u00e8re Guerre mondiale.<\/p>\n","protected":false},"author":1,"featured_media":114,"parent":111,"menu_order":0,"comment_status":"open","ping_status":"open","template":"listing-history.php","meta":{"footnotes":""},"_links":{"self":[{"href":"https:\/\/www.museedelaguerre.ca\/premiereguerremondiale\/wp-json\/wp\/v2\/pages\/115"}],"collection":[{"href":"https:\/\/www.museedelaguerre.ca\/premiereguerremondiale\/wp-json\/wp\/v2\/pages"}],"about":[{"href":"https:\/\/www.museedelaguerre.ca\/premiereguerremondiale\/wp-json\/wp\/v2\/types\/page"}],"author":[{"embeddable":true,"href":"https:\/\/www.museedelaguerre.ca\/premiereguerremondiale\/wp-json\/wp\/v2\/users\/1"}],"replies":[{"embeddable":true,"href":"https:\/\/www.museedelaguerre.ca\/premiereguerremondiale\/wp-json\/wp\/v2\/comments?post=115"}],"version-history":[{"count":1,"href":"https:\/\/www.museedelaguerre.ca\/premiereguerremondiale\/wp-json\/wp\/v2\/pages\/115\/revisions"}],"predecessor-version":[{"id":116,"href":"https:\/\/www.museedelaguerre.ca\/premiereguerremondiale\/wp-json\/wp\/v2\/pages\/115\/revisions\/116"}],"up":[{"embeddable":true,"href":"https:\/\/www.museedelaguerre.ca\/premiereguerremondiale\/wp-json\/wp\/v2\/pages\/111"}],"wp:featuredmedia":[{"embeddable":true,"href":"https:\/\/www.museedelaguerre.ca\/premiereguerremondiale\/wp-json\/wp\/v2\/media\/114"}],"wp:attachment":[{"href":"https:\/\/www.museedelaguerre.ca\/premiereguerremondiale\/wp-json\/wp\/v2\/media?parent=115"}],"curies":[{"name":"wp","href":"https:\/\/api.w.org\/{rel}","templated":true}]}}