{"id":109,"date":"2014-07-15T18:05:41","date_gmt":"2014-07-15T18:05:41","guid":{"rendered":"https:\/\/www.museedelaguerre.ca\/premiere-guerre-mondial\/?page_id=109"},"modified":"2015-03-02T19:15:43","modified_gmt":"2015-03-02T19:15:43","slug":"les-canadiens-sont-envoyes-outre-mer","status":"publish","type":"page","link":"https:\/\/www.museedelaguerre.ca\/premiereguerremondiale\/histoire\/lentree-en-guerre\/le-canada-entre-en-guerre\/les-canadiens-sont-envoyes-outre-mer\/","title":{"rendered":"Les Canadiens sont envoy\u00e9s outre-mer"},"content":{"rendered":"<p class=\"excerpt\">Le premier contingent canadien fit voile vers l&rsquo;Angleterre en octobre 1914, avec plus de 30\u00a0000 volontaires, r\u00e9alisation remarquable dans un d\u00e9lai aussi court.<\/p>\n<h2>Premier commandant<\/h2>\n<p>Les gouvernements britannique et canadien ne trouv\u00e8rent aucun g\u00e9n\u00e9ral canadien ayant les comp\u00e9tences voulues pour commander le premier contingent. C&rsquo;est le lieutenant-g\u00e9n\u00e9ral E.A.H. Alderson, un officier britannique d&rsquo;exp\u00e9rience qui avait d\u00e9j\u00e0 command\u00e9 des soldats canadiens au cours de la guerre d&rsquo;Afrique du Sud, qui fut nomm\u00e9 \u00e0 ce poste. Alderson allait guider les Canadiens pendant une bonne partie de la premi\u00e8re ann\u00e9e et demie de la guerre, mais il eut de la difficult\u00e9 \u00e0 mettre un frein \u00e0 l&rsquo;ing\u00e9rence politique d&rsquo;Ottawa.<\/p>\n<h2>Voyage vers l&rsquo;Angleterre<\/h2>\n<p>Une force de plusieurs centaines de Terre-Neuviens accompagna le premier contingent canadien dans son voyage vers l&rsquo;Angleterre qui dura deux semaines. \u00c0 leur arriv\u00e9e \u00e0 Plymouth, ils d\u00e9barqu\u00e8rent et mont\u00e8rent \u00e0 bord de trains qui les emmen\u00e8rent dans la plaine Salisbury, dans le sud.<\/p>\n<h2>Entra\u00eenement dans le froid et l&rsquo;humidit\u00e9<\/h2>\n<p>\u00c0 Salisbury, les Canadiens s&rsquo;entra\u00een\u00e8rent pendant quatre mois, le plus souvent dans une boue \u00e9pouvantable, alors que l&rsquo;Angleterre connaissait un de ses hivers les plus pluvieux depuis plusieurs d\u00e9cennies. La plupart des soldats r\u00e9sist\u00e8rent assez bien \u00e0 ces terribles conditions, mais ce ne fut pas le cas de l&rsquo;\u00e9quipement canadien. La majeure partie fut rapidement remplac\u00e9e par de l&rsquo;\u00e9quipement britannique. Les Canadiens apprirent les bases de la vie de soldat en Angleterre apr\u00e8s une mobilisation rapide et un hiver difficile et inconfortable. Le v\u00e9ritable entra\u00eenement, ils le subiraient au front.<\/p>\n<h3>Poursuivez votre exploration avec ces sujets :<\/h3>\n<ul class=\"related\">\n<li><a href=\"\/premiereguerremondiale\/histoire\/batailles-et-combats\/batailles-terrestres\/deuxieme-bataille-dypres\/\">La deuxi\u00e8me bataille d&rsquo;Ypres<\/a><\/li>\n<li><a href=\"\/premiereguerremondiale\/histoire\/les-gens\/en-uniforme\/tommy-canuck-le-fantassin\/\">Tommy Canuck, le fantassin<\/a><\/li>\n<li><a href=\"\/premiereguerremondiale\/histoire\/les-gens\/generaux\/e-a-h-alderson\/\">E.A.H. Alderson<\/a><\/li>\n<\/ul>\n","protected":false},"excerpt":{"rendered":"<p>Le premier contingent canadien fit voile vers l&rsquo;Angleterre en octobre 1914, avec plus de 30\u00a0000 volontaires, r\u00e9alisation remarquable dans un d\u00e9lai aussi court. Premier commandant Les gouvernements britannique et canadien ne trouv\u00e8rent aucun g\u00e9n\u00e9ral canadien ayant les comp\u00e9tences voulues pour commander le premier contingent. C&rsquo;est le lieutenant-g\u00e9n\u00e9ral E.A.H. Alderson, un officier britannique d&rsquo;exp\u00e9rience qui avait [&hellip;]<\/p>\n","protected":false},"author":1,"featured_media":3204,"parent":96,"menu_order":3,"comment_status":"open","ping_status":"open","template":"single-history.php","meta":{"footnotes":""},"_links":{"self":[{"href":"https:\/\/www.museedelaguerre.ca\/premiereguerremondiale\/wp-json\/wp\/v2\/pages\/109"}],"collection":[{"href":"https:\/\/www.museedelaguerre.ca\/premiereguerremondiale\/wp-json\/wp\/v2\/pages"}],"about":[{"href":"https:\/\/www.museedelaguerre.ca\/premiereguerremondiale\/wp-json\/wp\/v2\/types\/page"}],"author":[{"embeddable":true,"href":"https:\/\/www.museedelaguerre.ca\/premiereguerremondiale\/wp-json\/wp\/v2\/users\/1"}],"replies":[{"embeddable":true,"href":"https:\/\/www.museedelaguerre.ca\/premiereguerremondiale\/wp-json\/wp\/v2\/comments?post=109"}],"version-history":[{"count":2,"href":"https:\/\/www.museedelaguerre.ca\/premiereguerremondiale\/wp-json\/wp\/v2\/pages\/109\/revisions"}],"predecessor-version":[{"id":3007,"href":"https:\/\/www.museedelaguerre.ca\/premiereguerremondiale\/wp-json\/wp\/v2\/pages\/109\/revisions\/3007"}],"up":[{"embeddable":true,"href":"https:\/\/www.museedelaguerre.ca\/premiereguerremondiale\/wp-json\/wp\/v2\/pages\/96"}],"wp:featuredmedia":[{"embeddable":true,"href":"https:\/\/www.museedelaguerre.ca\/premiereguerremondiale\/wp-json\/wp\/v2\/media\/3204"}],"wp:attachment":[{"href":"https:\/\/www.museedelaguerre.ca\/premiereguerremondiale\/wp-json\/wp\/v2\/media?parent=109"}],"curies":[{"name":"wp","href":"https:\/\/api.w.org\/{rel}","templated":true}]}}