{"id":106,"date":"2014-07-15T17:58:46","date_gmt":"2014-07-15T17:58:46","guid":{"rendered":"https:\/\/www.museedelaguerre.ca\/premiere-guerre-mondial\/?page_id=106"},"modified":"2014-09-02T13:16:38","modified_gmt":"2014-09-02T13:16:38","slug":"entrainement-a-valcartier","status":"publish","type":"page","link":"https:\/\/www.museedelaguerre.ca\/premiereguerremondiale\/histoire\/lentree-en-guerre\/le-canada-entre-en-guerre\/entrainement-a-valcartier\/","title":{"rendered":"Entra\u00eenement \u00e0 Valcartier"},"content":{"rendered":"<p class=\"excerpt\">Valcartier (Qu\u00e9bec) \u00e9tait la principale base d&rsquo;entra\u00eenement du premier contingent canadien en 1914.<\/p>\n<h2>Sam Hughes et Valcartier<\/h2>\n<p>Le ministre de la Milice et de la D\u00e9fense, Sam Hughes, figure \u00e9nergique et controvers\u00e9e, dirigea la mobilisation au cours des trois premi\u00e8res ann\u00e9es de la guerre.<\/p>\n<p>Le 10 ao\u00fbt 1914, le gouvernement \u00e9tablit \u00e0 25\u00a0000 le nombre de soldats du premier contingent canadien pour le service outre-mer, et r\u00e9pondit ainsi \u00e0 la demande de Londres. Hughes, d\u00e9sireux de diriger et de coordonner personnellement une mobilisation rapide, d\u00e9cida d&rsquo;ignorer le plan de mobilisation \u00e9tabli et de proc\u00e9der \u00e0 un appel aux armes plus direct. Des hommes de toutes classes sociales et de tous \u00e2ges afflu\u00e8rent dans les man\u00e8ges militaires et les milices de tout le pays pour s&rsquo;enr\u00f4ler. Ils se retrouv\u00e8rent tous dans un unique camp rapidement mis sur pied \u00e0 Valcartier, o\u00f9 on leur remit leur \u00e9quipement et o\u00f9 on leur dispensa un entra\u00eenement et une pr\u00e9paration \u00e0 la guerre. Le camp compta jusqu&rsquo;\u00e0 35 000 troupes.<\/p>\n<h3>Poursuivez votre exploration avec ces sujets :<\/h3>\n<ul class=\"related\">\n<li><a href=\"\/premiereguerremondiale\/histoire\/la-vie-au-front\/structure-militaire\/le-corps-expeditionnaire-canadien\/\">Le Corps exp\u00e9ditionnaire canadien<\/a><\/li>\n<li><a href=\"\/premiereguerremondiale\/histoire\/les-gens\/leaders-canadiens\/sir-sam-hughes\/\">Sir Sam Hughes<\/a><\/li>\n<li><a href=\"\/premiereguerremondiale\/histoire\/batailles-et-combats\/la-guerre-aerienne\/lentrainement-aerien-au-canada\/\">L&rsquo;entra\u00eenement a\u00e9rien au Canada<\/a><\/li>\n<\/ul>\n","protected":false},"excerpt":{"rendered":"<p>Valcartier (Qu\u00e9bec) \u00e9tait la principale base d&rsquo;entra\u00eenement du premier contingent canadien en 1914. Sam Hughes et Valcartier Le ministre de la Milice et de la D\u00e9fense, Sam Hughes, figure \u00e9nergique et controvers\u00e9e, dirigea la mobilisation au cours des trois premi\u00e8res ann\u00e9es de la guerre. Le 10 ao\u00fbt 1914, le gouvernement \u00e9tablit \u00e0 25\u00a0000 le nombre [&hellip;]<\/p>\n","protected":false},"author":1,"featured_media":3186,"parent":96,"menu_order":2,"comment_status":"open","ping_status":"open","template":"single-history.php","meta":{"footnotes":""},"_links":{"self":[{"href":"https:\/\/www.museedelaguerre.ca\/premiereguerremondiale\/wp-json\/wp\/v2\/pages\/106"}],"collection":[{"href":"https:\/\/www.museedelaguerre.ca\/premiereguerremondiale\/wp-json\/wp\/v2\/pages"}],"about":[{"href":"https:\/\/www.museedelaguerre.ca\/premiereguerremondiale\/wp-json\/wp\/v2\/types\/page"}],"author":[{"embeddable":true,"href":"https:\/\/www.museedelaguerre.ca\/premiereguerremondiale\/wp-json\/wp\/v2\/users\/1"}],"replies":[{"embeddable":true,"href":"https:\/\/www.museedelaguerre.ca\/premiereguerremondiale\/wp-json\/wp\/v2\/comments?post=106"}],"version-history":[{"count":2,"href":"https:\/\/www.museedelaguerre.ca\/premiereguerremondiale\/wp-json\/wp\/v2\/pages\/106\/revisions"}],"predecessor-version":[{"id":3006,"href":"https:\/\/www.museedelaguerre.ca\/premiereguerremondiale\/wp-json\/wp\/v2\/pages\/106\/revisions\/3006"}],"up":[{"embeddable":true,"href":"https:\/\/www.museedelaguerre.ca\/premiereguerremondiale\/wp-json\/wp\/v2\/pages\/96"}],"wp:featuredmedia":[{"embeddable":true,"href":"https:\/\/www.museedelaguerre.ca\/premiereguerremondiale\/wp-json\/wp\/v2\/media\/3186"}],"wp:attachment":[{"href":"https:\/\/www.museedelaguerre.ca\/premiereguerremondiale\/wp-json\/wp\/v2\/media?parent=106"}],"curies":[{"name":"wp","href":"https:\/\/api.w.org\/{rel}","templated":true}]}}