{"id":1047,"date":"2014-07-30T18:21:56","date_gmt":"2014-07-30T18:21:56","guid":{"rendered":"https:\/\/www.museedelaguerre.ca\/premiereguerremondiale\/?page_id=1047"},"modified":"2014-08-15T19:11:40","modified_gmt":"2014-08-15T19:11:40","slug":"affiches-de-propagande","status":"publish","type":"page","link":"https:\/\/www.museedelaguerre.ca\/premiereguerremondiale\/ressources\/plans-de-lecon\/affiches-de-propagande\/","title":{"rendered":"Affiches de propagande"},"content":{"rendered":"<h3>Pour tous les territoires et provinces sauf le Qu\u00e9bec\u00a0: niveaux 7 \u00e0 12<\/h3>\n<h3>Pour le Qu\u00e9bec\u00a0: secondaire 1 \u00e0 5<\/h3>\n<p>Dans cette le\u00e7on les \u00e9l\u00e8ves apprennent \u00e0 conna\u00eetre les techniques utilis\u00e9es pour faire de la propagande et en discutent. \u00c0 partir de leurs connaissances, les \u00e9l\u00e8ves analysent des affiches de la Premi\u00e8re Guerre mondiale.\u00a0<a href=\"https:\/\/www.museedelaguerre.ca\/premiereguerremondiale\/wp-content\/mcme-uploads\/2014\/07\/4-a-4-all_f.pdf\" target=\"_blank\">T\u00e9l\u00e9chargez l&rsquo;ensemble des documents (pdf)<\/a>\u00a0[PDF 1546k]. Comprend deux plans de le\u00e7on, une feuille de travail et des images de qualit\u00e9 sup\u00e9rieure des affiches.<\/p>\n<h3>Ressources : Affiches de propagande<\/h3>\n<ul class=\"links\">\n<li class=\"pdf icon icon-download\"><a href=\"https:\/\/www.museedelaguerre.ca\/premiereguerremondiale\/wp-content\/mcme-uploads\/2014\/07\/4-a-4-e-resources-propaganda-posters_f.pdf\" target=\"_blank\">Ressources : Affiches de propagande (pdf)<\/a>\u00a0[PDF 1541k]<\/li>\n<li><a href=\"\/premiereguerremondiale\/objets-et-photos\/propagande\/affiches-de-recrutement\/this-is-your-flag-voici-votre-drapeau\/?back=1047\">This is Your Flag (Voici votre drapeau)<\/a><\/li>\n<li><a href=\"\/premiereguerremondiale\/objets-et-photos\/propagande\/affiches-de-recrutement\/shall-we-help-to-crush-tyranny-aiderons-nous-a-ecraser-la-tyrannie\/?back=1047\">Shall we Help to Crush Tyranny? (Aiderons-nous \u00e0 \u00e9craser la tyrannie?)<\/a><\/li>\n<li><a href=\"\/premiereguerremondiale\/objets-et-photos\/propagande\/affiches-de-recrutement\/heroes-of-st-julien-and-festubert-les-heros-de-st-julien-et-de-festubert\/?back=1047\">Heroes of St. Julien and Festubert<\/a><\/li>\n<li><a href=\"\/premiereguerremondiale\/objets-et-photos\/propagande\/affiches-de-recrutement\/heroes-of-st-julien-and-festubert-les-heros-de-st-julien-et-de-festubert\/?back=1047\">Les H\u00e9ros de St-Julien et de Festubert<\/a><\/li>\n<li><a href=\"\/premiereguerremondiale\/objets-et-photos\/propagande\/affiches-de-recrutement\/canadiens-francais-enrolez-vous\/?back=1047\">Canadiens-Francais, Enrolez Vous!<\/a><\/li>\n<li><a href=\"\/premiereguerremondiale\/objets-et-photos\/propagande\/affiches-de-recrutement\/150e-carabinier-150e-bataillon\/?back=1047 \">150e Carabiniers<\/a><\/li>\n<li><a href=\"\/premiereguerremondiale\/objets-et-photos\/propagande\/affiches-de-recrutement\/the-happy-man-lhomme-heureux\/?back=1047\">The Happy Man (L&rsquo;homme heureux)<\/a><\/li>\n<li><a href=\"\/premiereguerremondiale\/objets-et-photos\/propagande\/affiches-de-recrutement\/help-the-boys-aidez-les-gars\/?back=1047\">Help the Boys (Aidez les gars)<\/a><\/li>\n<li><a href=\"\/premiereguerremondiale\/objets-et-photos\/propagande\/affiches-de-recrutement\/fight-for-her-bats-toi-pour-elle\/?back=1047\">Fight for Her (Bats-toi pour elle)<\/a><\/li>\n<li><a href=\"\/premiereguerremondiale\/objets-et-photos\/propagande\/affiches-de-recrutement\/soldiers-of-the-soil-soldats-de-la-terre\/?back=1047\">Soldiers of the Soil (Soldats de la terre)<\/a><\/li>\n<li><a href=\"\/premiereguerremondiale\/objets-et-photos\/propagande\/objets-promotionnels-pour-leffort-de-guerre\/souscrivez-a-lemprunt-de-la-victoire\/?back=1047\">Souscrivez \u00e0 l&rsquo;Emprunt de la Victoire<\/a><\/li>\n<li><a href=\"\/premiereguerremondiale\/objets-et-photos\/propagande\/objets-promotionnels-pour-leffort-de-guerre\/canadians-must-provide-les-canadiens-doivent-contribuer\/?back=1047\">Canadians Must Provide (Les Canadiens doivent contribuer)<\/a><\/li>\n<li><a href=\"\/premiereguerremondiale\/objets-et-photos\/propagande\/documents-de-propagande-antiallemande\/allemand-un-jour-allemand-toujours-once-a-german-always-a-german\/?back=1047\">\u00ab\u00a0Allemand un jour, Allemand toujours!\u00a0\u00bb (?Once a German &#8211; Always a German!?)<\/a><\/li>\n<\/ul>\n","protected":false},"excerpt":{"rendered":"<p>Pour tous les territoires et provinces sauf le Qu\u00e9bec\u00a0: niveaux 7 \u00e0 12 Pour le Qu\u00e9bec\u00a0: secondaire 1 \u00e0 5 Dans cette le\u00e7on les \u00e9l\u00e8ves apprennent \u00e0 conna\u00eetre les techniques utilis\u00e9es pour faire de la propagande et en discutent. \u00c0 partir de leurs connaissances, les \u00e9l\u00e8ves analysent des affiches de la Premi\u00e8re Guerre mondiale.\u00a0T\u00e9l\u00e9chargez l&rsquo;ensemble [&hellip;]<\/p>\n","protected":false},"author":1,"featured_media":0,"parent":36,"menu_order":3,"comment_status":"open","ping_status":"open","template":"single-ressource.php","meta":{"footnotes":""},"_links":{"self":[{"href":"https:\/\/www.museedelaguerre.ca\/premiereguerremondiale\/wp-json\/wp\/v2\/pages\/1047"}],"collection":[{"href":"https:\/\/www.museedelaguerre.ca\/premiereguerremondiale\/wp-json\/wp\/v2\/pages"}],"about":[{"href":"https:\/\/www.museedelaguerre.ca\/premiereguerremondiale\/wp-json\/wp\/v2\/types\/page"}],"author":[{"embeddable":true,"href":"https:\/\/www.museedelaguerre.ca\/premiereguerremondiale\/wp-json\/wp\/v2\/users\/1"}],"replies":[{"embeddable":true,"href":"https:\/\/www.museedelaguerre.ca\/premiereguerremondiale\/wp-json\/wp\/v2\/comments?post=1047"}],"version-history":[{"count":7,"href":"https:\/\/www.museedelaguerre.ca\/premiereguerremondiale\/wp-json\/wp\/v2\/pages\/1047\/revisions"}],"predecessor-version":[{"id":3055,"href":"https:\/\/www.museedelaguerre.ca\/premiereguerremondiale\/wp-json\/wp\/v2\/pages\/1047\/revisions\/3055"}],"up":[{"embeddable":true,"href":"https:\/\/www.museedelaguerre.ca\/premiereguerremondiale\/wp-json\/wp\/v2\/pages\/36"}],"wp:attachment":[{"href":"https:\/\/www.museedelaguerre.ca\/premiereguerremondiale\/wp-json\/wp\/v2\/media?parent=1047"}],"curies":[{"name":"wp","href":"https:\/\/api.w.org\/{rel}","templated":true}]}}