{"id":1034,"date":"2014-07-30T15:31:26","date_gmt":"2014-07-30T15:31:26","guid":{"rendered":"https:\/\/www.museedelaguerre.ca\/premiereguerremondiale\/?page_id=1034"},"modified":"2014-08-14T15:13:00","modified_gmt":"2014-08-14T15:13:00","slug":"les-artefacts-racontent-des-histoires","status":"publish","type":"page","link":"https:\/\/www.museedelaguerre.ca\/premiereguerremondiale\/ressources\/plans-de-lecon\/les-artefacts-racontent-des-histoires\/","title":{"rendered":"Les artefacts racontent des histoires"},"content":{"rendered":"<h3>Pour tous les territoires et provinces sauf le Qu\u00e9bec\u00a0: niveaux 7 \u00e0 12<\/h3>\n<h3>Pour le Qu\u00e9bec\u00a0: secondaire 1 \u00e0 5<\/h3>\n<p>&nbsp;<\/p>\n<p>Les \u00e9l\u00e8ves examinent un artefact du site Web\u00a0<i>La Premi\u00e8re Guerre mondiale<\/i>\u00a0du Mus\u00e9e canadien de la guerre. \u00c0 partir de cet examen et d&rsquo;informations recueillies au cours d&rsquo;autres recherches qu&rsquo;ils auront effectu\u00e9es, les \u00e9l\u00e8ves r\u00e9digent une \u00e9tiquette d&rsquo;exposition pour leur objet.\u00a0<a href=\"https:\/\/www.museedelaguerre.ca\/premiereguerremondiale\/wp-content\/mcme-uploads\/2014\/07\/4-a-2-all_f.pdf\" target=\"_blank\">T\u00e9l\u00e9chargez l&rsquo;ensemble des documents (pdf).<\/a>\u00a0[PDF 30k] Comprend le plan de le\u00e7on et la feuille de travail.<\/p>\n<h3>Plan de le\u00e7on &#8211; Les artefacts racontent des histoires (pdfs):<\/h3>\n<ul class=\"links\">\n<li class=\"pdf icon icon-download\"><a href=\"https:\/\/www.museedelaguerre.ca\/premiereguerremondiale\/wp-content\/mcme-uploads\/2014\/07\/4-a-2-a-object-analysis-lesson-plan-7-12_f.pdf\" target=\"_blank\">Feuille de travail pour l&rsquo;analyse d&rsquo;un document primaire (pdf)<\/a>\u00a0[PDF 52k]<\/li>\n<li class=\"pdf icon icon-download\"><a href=\"https:\/\/www.museedelaguerre.ca\/premiereguerremondiale\/wp-content\/mcme-uploads\/2014\/07\/4-a-2-b-object-analysis-worksheet_f.pdf\" target=\"_blank\">Feuille de travail pour l&rsquo;analyse d&rsquo;artefacts (pdf)<\/a>\u00a0[PDF 30k]<\/li>\n<\/ul>\n","protected":false},"excerpt":{"rendered":"<p>Pour tous les territoires et provinces sauf le Qu\u00e9bec\u00a0: niveaux 7 \u00e0 12 Pour le Qu\u00e9bec\u00a0: secondaire 1 \u00e0 5 &nbsp; Les \u00e9l\u00e8ves examinent un artefact du site Web\u00a0La Premi\u00e8re Guerre mondiale\u00a0du Mus\u00e9e canadien de la guerre. \u00c0 partir de cet examen et d&rsquo;informations recueillies au cours d&rsquo;autres recherches qu&rsquo;ils auront effectu\u00e9es, les \u00e9l\u00e8ves r\u00e9digent [&hellip;]<\/p>\n","protected":false},"author":1,"featured_media":0,"parent":36,"menu_order":1,"comment_status":"open","ping_status":"open","template":"single-ressource.php","meta":{"footnotes":""},"_links":{"self":[{"href":"https:\/\/www.museedelaguerre.ca\/premiereguerremondiale\/wp-json\/wp\/v2\/pages\/1034"}],"collection":[{"href":"https:\/\/www.museedelaguerre.ca\/premiereguerremondiale\/wp-json\/wp\/v2\/pages"}],"about":[{"href":"https:\/\/www.museedelaguerre.ca\/premiereguerremondiale\/wp-json\/wp\/v2\/types\/page"}],"author":[{"embeddable":true,"href":"https:\/\/www.museedelaguerre.ca\/premiereguerremondiale\/wp-json\/wp\/v2\/users\/1"}],"replies":[{"embeddable":true,"href":"https:\/\/www.museedelaguerre.ca\/premiereguerremondiale\/wp-json\/wp\/v2\/comments?post=1034"}],"version-history":[{"count":2,"href":"https:\/\/www.museedelaguerre.ca\/premiereguerremondiale\/wp-json\/wp\/v2\/pages\/1034\/revisions"}],"predecessor-version":[{"id":2876,"href":"https:\/\/www.museedelaguerre.ca\/premiereguerremondiale\/wp-json\/wp\/v2\/pages\/1034\/revisions\/2876"}],"up":[{"embeddable":true,"href":"https:\/\/www.museedelaguerre.ca\/premiereguerremondiale\/wp-json\/wp\/v2\/pages\/36"}],"wp:attachment":[{"href":"https:\/\/www.museedelaguerre.ca\/premiereguerremondiale\/wp-json\/wp\/v2\/media?parent=1034"}],"curies":[{"name":"wp","href":"https:\/\/api.w.org\/{rel}","templated":true}]}}