{"id":1028,"date":"2014-07-30T14:55:49","date_gmt":"2014-07-30T14:55:49","guid":{"rendered":"https:\/\/www.museedelaguerre.ca\/premiereguerremondiale\/?page_id=1028"},"modified":"2014-08-14T15:11:39","modified_gmt":"2014-08-14T15:11:39","slug":"sources-primaires-et-secondaires","status":"publish","type":"page","link":"https:\/\/www.museedelaguerre.ca\/premiereguerremondiale\/ressources\/plans-de-lecon\/sources-primaires-et-secondaires\/","title":{"rendered":"Sources primaires et secondaires"},"content":{"rendered":"<h3>Pour tous les territoires et provinces sauf le Qu\u00e9bec\u00a0: niveaux 7 \u00e0 12<\/h3>\n<h3>Pour le Qu\u00e9bec\u00a0: secondaire 1 \u00e0 5<\/h3>\n<p>&nbsp;<\/p>\n<p>Les \u00e9l\u00e8ves apprennent \u00e0 diff\u00e9rencier les sources primaires et secondaires. Ils \u00e9valuent un exemple des deux types de sources, r\u00e9fl\u00e9chissant sur les avantages et d\u00e9savantages de l&rsquo;utilisation de chacune pour la recherche historique. La le\u00e7on peut servir d&rsquo;introduction \u00e0 une section sur la Premi\u00e8re Guerre mondiale.\u00a0<a href=\"https:\/\/www.museedelaguerre.ca\/premiereguerremondiale\/wp-content\/mcme-uploads\/2014\/07\/4-a-1-all_f.pdf\" target=\"_blank\">T\u00e9l\u00e9chargez l&rsquo;ensemble des documents(pdf).<\/a>\u00a0[PDF 43k] Comprend le plan de le\u00e7on et deux feuilles de travail.<\/p>\n<h3>Pla de le\u00e7on &#8211; Sources primaires et secondaires<\/h3>\n<ul class=\"links\">\n<li class=\"pdf icon icon-download\"><a href=\"https:\/\/www.museedelaguerre.ca\/premiereguerremondiale\/wp-content\/mcme-uploads\/2014\/07\/4-a-1-a-primary-secondary-7-12_f.pdf\" target=\"_blank\">Plan de cours, Comparaisons des sources primaires et secondaires (pdf)<\/a>\u00a0[PDF 47k]<\/li>\n<li class=\"pdf icon icon-download\"><a href=\"https:\/\/www.museedelaguerre.ca\/premiereguerremondiale\/wp-content\/mcme-uploads\/2014\/07\/4-a-1-b-primary-document-analysis_f.pdf\" target=\"_blank\">Feuille de travail pour l&rsquo;analyse d&rsquo;un document primaire (pdf)<\/a>\u00a0[PDF 31k]<\/li>\n<li class=\"pdf icon icon-download\"><a href=\"https:\/\/www.museedelaguerre.ca\/premiereguerremondiale\/wp-content\/mcme-uploads\/2014\/07\/4-a-1-c-secondary-source-analysis_f.pdf\" target=\"_blank\">Feuille de travail pour l&rsquo;analyse d&rsquo;une source secondaire (pdf)<\/a>\u00a0[PDF 31k]<\/li>\n<\/ul>\n","protected":false},"excerpt":{"rendered":"<p>Pour tous les territoires et provinces sauf le Qu\u00e9bec\u00a0: niveaux 7 \u00e0 12 Pour le Qu\u00e9bec\u00a0: secondaire 1 \u00e0 5 &nbsp; Les \u00e9l\u00e8ves apprennent \u00e0 diff\u00e9rencier les sources primaires et secondaires. Ils \u00e9valuent un exemple des deux types de sources, r\u00e9fl\u00e9chissant sur les avantages et d\u00e9savantages de l&rsquo;utilisation de chacune pour la recherche historique. La [&hellip;]<\/p>\n","protected":false},"author":1,"featured_media":0,"parent":36,"menu_order":0,"comment_status":"open","ping_status":"open","template":"single-ressource.php","meta":{"footnotes":""},"_links":{"self":[{"href":"https:\/\/www.museedelaguerre.ca\/premiereguerremondiale\/wp-json\/wp\/v2\/pages\/1028"}],"collection":[{"href":"https:\/\/www.museedelaguerre.ca\/premiereguerremondiale\/wp-json\/wp\/v2\/pages"}],"about":[{"href":"https:\/\/www.museedelaguerre.ca\/premiereguerremondiale\/wp-json\/wp\/v2\/types\/page"}],"author":[{"embeddable":true,"href":"https:\/\/www.museedelaguerre.ca\/premiereguerremondiale\/wp-json\/wp\/v2\/users\/1"}],"replies":[{"embeddable":true,"href":"https:\/\/www.museedelaguerre.ca\/premiereguerremondiale\/wp-json\/wp\/v2\/comments?post=1028"}],"version-history":[{"count":2,"href":"https:\/\/www.museedelaguerre.ca\/premiereguerremondiale\/wp-json\/wp\/v2\/pages\/1028\/revisions"}],"predecessor-version":[{"id":2875,"href":"https:\/\/www.museedelaguerre.ca\/premiereguerremondiale\/wp-json\/wp\/v2\/pages\/1028\/revisions\/2875"}],"up":[{"embeddable":true,"href":"https:\/\/www.museedelaguerre.ca\/premiereguerremondiale\/wp-json\/wp\/v2\/pages\/36"}],"wp:attachment":[{"href":"https:\/\/www.museedelaguerre.ca\/premiereguerremondiale\/wp-json\/wp\/v2\/media?parent=1028"}],"curies":[{"name":"wp","href":"https:\/\/api.w.org\/{rel}","templated":true}]}}