{"id":517,"date":"2012-10-24T20:28:30","date_gmt":"2012-10-24T20:28:30","guid":{"rendered":"http:\/\/localhost\/wordtest\/?page_id=11"},"modified":"2012-12-05T17:25:25","modified_gmt":"2012-12-05T17:25:25","slug":"question-1","status":"publish","type":"page","link":"https:\/\/www.museedelaguerre.ca\/guerre-de-1812\/votre-perspective\/partagez-votre-point-de-vue\/les-perspectives-et-vous\/question-1\/","title":{"rendered":"Question 1\/5"},"content":{"rendered":"<script type=\"text\/javascript\">var gform;gform||(document.addEventListener(\"gform_main_scripts_loaded\",function(){gform.scriptsLoaded=!0}),window.addEventListener(\"DOMContentLoaded\",function(){gform.domLoaded=!0}),gform={domLoaded:!1,scriptsLoaded:!1,initializeOnLoaded:function(o){gform.domLoaded&&gform.scriptsLoaded?o():!gform.domLoaded&&gform.scriptsLoaded?window.addEventListener(\"DOMContentLoaded\",o):document.addEventListener(\"gform_main_scripts_loaded\",o)},hooks:{action:{},filter:{}},addAction:function(o,n,r,t){gform.addHook(\"action\",o,n,r,t)},addFilter:function(o,n,r,t){gform.addHook(\"filter\",o,n,r,t)},doAction:function(o){gform.doHook(\"action\",o,arguments)},applyFilters:function(o){return gform.doHook(\"filter\",o,arguments)},removeAction:function(o,n){gform.removeHook(\"action\",o,n)},removeFilter:function(o,n,r){gform.removeHook(\"filter\",o,n,r)},addHook:function(o,n,r,t,i){null==gform.hooks[o][n]&&(gform.hooks[o][n]=[]);var e=gform.hooks[o][n];null==i&&(i=n+\"_\"+e.length),gform.hooks[o][n].push({tag:i,callable:r,priority:t=null==t?10:t})},doHook:function(n,o,r){var t;if(r=Array.prototype.slice.call(r,1),null!=gform.hooks[n][o]&&((o=gform.hooks[n][o]).sort(function(o,n){return o.priority-n.priority}),o.forEach(function(o){\"function\"!=typeof(t=o.callable)&&(t=window[t]),\"action\"==n?t.apply(null,r):r[0]=t.apply(null,r)})),\"filter\"==n)return r[0]},removeHook:function(o,n,t,i){var r;null!=gform.hooks[o][n]&&(r=(r=gform.hooks[o][n]).filter(function(o,n,r){return!!(null!=i&&i!=o.tag||null!=t&&t!=o.priority)}),gform.hooks[o][n]=r)}});<\/script>\n                <div class='gf_browser_gecko gform_wrapper gform_legacy_markup_wrapper gform-theme--no-framework' data-form-theme='legacy' data-form-index='0' id='gform_wrapper_22' >\n                        <div class='gform_heading'>\n                            <h3 class=\"gform_title\">1812 French 1<\/h3>\n                            <p class='gform_description'><\/p>\n                        <\/div><form method='post' enctype='multipart\/form-data'  id='gform_22'  action='\/guerre-de-1812\/wp-json\/wp\/v2\/pages\/517' data-formid='22' >\n                        <div class='gform-body gform_body'><ul id='gform_fields_22' class='gform_fields top_label form_sublabel_below description_below'><li id=\"field_22_1\"  class=\"gfield gfield--type-radio gfield--type-choice gfield_contains_required field_sublabel_below gfield--no-description field_description_below gfield_visibility_visible\"  data-js-reload=\"field_22_1\"><label class='gfield_label gform-field-label'  >Que signifie pour vous la guerre de 1812?<span class=\"gfield_required\"><span class=\"gfield_required gfield_required_asterisk\">*<\/span><\/span><\/label><div class='ginput_container ginput_container_radio'><ul class='gfield_radio' id='input_22_1'>\n\t\t\t<li class='gchoice gchoice_22_1_0'>\n\t\t\t\t<input name='input_1' type='radio' value='1'  id='choice_22_1_0'    \/>\n\t\t\t\t<label for='choice_22_1_0' id='label_22_1_0' class='gform-field-label gform-field-label--type-inline'><span>1.<\/span> Canadiens et Canadiennes combattant pour leur pays<\/label>\n\t\t\t<\/li>\n\t\t\t<li class='gchoice gchoice_22_1_1'>\n\t\t\t\t<input name='input_1' type='radio' value='2'  id='choice_22_1_1'    \/>\n\t\t\t\t<label for='choice_22_1_1' id='label_22_1_1' class='gform-field-label gform-field-label--type-inline'><span>2.<\/span> Les \u00c9tats-Unis tenant \u00e0 leur ind\u00e9pendance de la Grande-Bretagne<\/label>\n\t\t\t<\/li>\n\t\t\t<li class='gchoice gchoice_22_1_2'>\n\t\t\t\t<input name='input_1' type='radio' value='3'  id='choice_22_1_2'    \/>\n\t\t\t\t<label for='choice_22_1_2' id='label_22_1_2' class='gform-field-label gform-field-label--type-inline'><span>3.<\/span> La Grande-Bretagne se portant \u00e0 la rescousse du Canada<\/label>\n\t\t\t<\/li>\n\t\t\t<li class='gchoice gchoice_22_1_3'>\n\t\t\t\t<input name='input_1' type='radio' value='4'  id='choice_22_1_3'    \/>\n\t\t\t\t<label for='choice_22_1_3' id='label_22_1_3' class='gform-field-label gform-field-label--type-inline'><span>4.<\/span> Les Autochtones am\u00e9ricains se battant pour leur libert\u00e9 et leur ind\u00e9pendance<\/label>\n\t\t\t<\/li><\/ul><\/div><\/li><\/ul><\/div>\n        <div class='gform_footer top_label'> <input type='submit' id='gform_submit_button_22' class='gform_button button' value='Soumettre'  onclick='if(window[\"gf_submitting_22\"]){return false;}  window[\"gf_submitting_22\"]=true;  ' onkeypress='if( event.keyCode == 13 ){ if(window[\"gf_submitting_22\"]){return false;} window[\"gf_submitting_22\"]=true;  jQuery(\"#gform_22\").trigger(\"submit\",[true]); }' \/> \n            <input type='hidden' class='gform_hidden' name='is_submit_22' value='1' \/>\n            <input type='hidden' class='gform_hidden' name='gform_submit' value='22' \/>\n            \n            <input type='hidden' class='gform_hidden' name='gform_unique_id' value='' \/>\n            <input type='hidden' class='gform_hidden' name='state_22' value='WyJbXSIsIjYxMmVjN2E4MTg2NmNlOTAzMDcwYjhlMDc3YjY0YTg2Il0=' \/>\n            <input type='hidden' class='gform_hidden' name='gform_target_page_number_22' id='gform_target_page_number_22' value='0' \/>\n            <input type='hidden' class='gform_hidden' name='gform_source_page_number_22' id='gform_source_page_number_22' value='1' \/>\n            <input type='hidden' name='gform_field_values' value='' \/>\n            \n        <\/div>\n                        <\/form>\n                        <\/div><script type=\"text\/javascript\">\n\/* <![CDATA[ *\/\n gform.initializeOnLoaded( function() {gformInitSpinner( 22, 'https:\/\/www.museedelaguerre.ca\/guerre-de-1812\/wp-content\/plugins\/gravityforms\/images\/spinner.svg', true );jQuery('#gform_ajax_frame_22').on('load',function(){var contents = jQuery(this).contents().find('*').html();var is_postback = contents.indexOf('GF_AJAX_POSTBACK') >= 0;if(!is_postback){return;}var form_content = jQuery(this).contents().find('#gform_wrapper_22');var is_confirmation = jQuery(this).contents().find('#gform_confirmation_wrapper_22').length > 0;var is_redirect = contents.indexOf('gformRedirect(){') >= 0;var is_form = form_content.length > 0 && ! is_redirect && ! is_confirmation;var mt = parseInt(jQuery('html').css('margin-top'), 10) + parseInt(jQuery('body').css('margin-top'), 10) + 100;if(is_form){jQuery('#gform_wrapper_22').html(form_content.html());if(form_content.hasClass('gform_validation_error')){jQuery('#gform_wrapper_22').addClass('gform_validation_error');} else {jQuery('#gform_wrapper_22').removeClass('gform_validation_error');}setTimeout( function() { \/* delay the scroll by 50 milliseconds to fix a bug in chrome *\/  }, 50 );if(window['gformInitDatepicker']) {gformInitDatepicker();}if(window['gformInitPriceFields']) {gformInitPriceFields();}var current_page = jQuery('#gform_source_page_number_22').val();gformInitSpinner( 22, 'https:\/\/www.museedelaguerre.ca\/guerre-de-1812\/wp-content\/plugins\/gravityforms\/images\/spinner.svg', true );jQuery(document).trigger('gform_page_loaded', [22, current_page]);window['gf_submitting_22'] = false;}else if(!is_redirect){var confirmation_content = jQuery(this).contents().find('.GF_AJAX_POSTBACK').html();if(!confirmation_content){confirmation_content = contents;}setTimeout(function(){jQuery('#gform_wrapper_22').replaceWith(confirmation_content);jQuery(document).trigger('gform_confirmation_loaded', [22]);window['gf_submitting_22'] = false;wp.a11y.speak(jQuery('#gform_confirmation_message_22').text());}, 50);}else{jQuery('#gform_22').append(contents);if(window['gformRedirect']) {gformRedirect();}}jQuery(document).trigger('gform_post_render', [22, current_page]);gform.utils.trigger({ event: 'gform\/postRender', native: false, data: { formId: 22, currentPage: current_page } });} );} ); \n\/* ]]> *\/\n<\/script>\n\n","protected":false},"excerpt":{"rendered":"<p>Participez au sondage interactif des visiteurs du Mus\u00e9e. Voyez comment votre perspective de la guerre de 1812 se compare \u00e0 celles des autres.<\/p>\n","protected":false},"author":1,"featured_media":0,"parent":1874,"menu_order":1,"comment_status":"open","ping_status":"open","template":"page-survey.php","meta":{"footnotes":""},"_links":{"self":[{"href":"https:\/\/www.museedelaguerre.ca\/guerre-de-1812\/wp-json\/wp\/v2\/pages\/517"}],"collection":[{"href":"https:\/\/www.museedelaguerre.ca\/guerre-de-1812\/wp-json\/wp\/v2\/pages"}],"about":[{"href":"https:\/\/www.museedelaguerre.ca\/guerre-de-1812\/wp-json\/wp\/v2\/types\/page"}],"author":[{"embeddable":true,"href":"https:\/\/www.museedelaguerre.ca\/guerre-de-1812\/wp-json\/wp\/v2\/users\/1"}],"replies":[{"embeddable":true,"href":"https:\/\/www.museedelaguerre.ca\/guerre-de-1812\/wp-json\/wp\/v2\/comments?post=517"}],"version-history":[{"count":16,"href":"https:\/\/www.museedelaguerre.ca\/guerre-de-1812\/wp-json\/wp\/v2\/pages\/517\/revisions"}],"predecessor-version":[{"id":2499,"href":"https:\/\/www.museedelaguerre.ca\/guerre-de-1812\/wp-json\/wp\/v2\/pages\/517\/revisions\/2499"}],"up":[{"embeddable":true,"href":"https:\/\/www.museedelaguerre.ca\/guerre-de-1812\/wp-json\/wp\/v2\/pages\/1874"}],"wp:attachment":[{"href":"https:\/\/www.museedelaguerre.ca\/guerre-de-1812\/wp-json\/wp\/v2\/media?parent=517"}],"curies":[{"name":"wp","href":"https:\/\/api.w.org\/{rel}","templated":true}]}}