{"id":455,"date":"2012-10-31T20:41:29","date_gmt":"2012-10-31T20:41:29","guid":{"rendered":"https:\/\/www.museedelaguerre.ca\/guerre-de-1812\/?page_id=455"},"modified":"2012-11-15T16:22:18","modified_gmt":"2012-11-15T16:22:18","slug":"lexperience-de-la-guerre","status":"publish","type":"page","link":"https:\/\/www.museedelaguerre.ca\/guerre-de-1812\/explorez-histoire\/la-guerre-des-britanniques\/lexperience-de-la-guerre\/","title":{"rendered":"L\u2019exp\u00e9rience de la guerre"},"content":{"rendered":"<div class=\"accordion\">\n<h2>Qu\u00e9bec<\/h2>\n<div class=\"accordionPane\">\n<p>Les \u00c9tats-Unis ne pouvaient esp\u00e9rer vaincre la Grande-Bretagne en Am\u00e9rique du Nord sans s\u2019emparer de Qu\u00e9bec.<\/p>\n<div class=\"grid-row\">\n<div class=\"grid grid_4\">\n<a class=\"war-content\" title=\"De formidables d\u00e9fenses\" href=\"https:\/\/www.museedelaguerre.ca\/guerre-de-1812\/content_assets\/de-formidables-defenses\/\"><img loading=\"lazy\" decoding=\"async\" class=\"size-full page-image wp-image-1114\" title=\"Vue depuis les baraques des officiers, la citadelle, Qu\u00e9bec, le Cap Tourmente, l\u2019\u00eele d\u2019Orl\u00e9ans, 1840\" src=\"https:\/\/www.museedelaguerre.ca\/guerre-de-1812\/files\/2012\/10\/3B-GR08-View-from-Near-the-Officer-Barracks-Citadel-Quebec-Cap-Tourment-Island-of-Orleans-1840-thumb.jpg\" alt=\"Vue depuis les baraques des officiers, la citadelle, Qu\u00e9bec, le Cap Tourmente, l\u2019\u00eele d\u2019Orl\u00e9ans, 1840\" width=\"305\" height=\"207\" srcset=\"https:\/\/www.museedelaguerre.ca\/guerre-de-1812\/files\/2012\/10\/3B-GR08-View-from-Near-the-Officer-Barracks-Citadel-Quebec-Cap-Tourment-Island-of-Orleans-1840-thumb.jpg 305w, https:\/\/www.museedelaguerre.ca\/guerre-de-1812\/files\/2012\/10\/3B-GR08-View-from-Near-the-Officer-Barracks-Citadel-Quebec-Cap-Tourment-Island-of-Orleans-1840-thumb-300x203.jpg 300w\" sizes=\"(max-width: 305px) 100vw, 305px\" \/><\/a><p class=\"caption-title\">De formidables d\u00e9fenses<\/p><div class=\"hover-content\"><div class=\"copy\"><p><strong><em>Vue depuis les baraques des officiers, la citadelle,\r\nQu\u00e9bec, le Cap Tourmente, l\u2019\u00eele d\u2019Orl\u00e9ans, 1840<\/em><\/strong><\/p><pre>Aquarelle de Millicent Mary Chaplin, 1840\r\nBiblioth\u00e8que et Archives Canada, 1956-62-13<\/pre><\/div><\/div>\n<\/div>\n<div class=\"grid grid_4\">\n<a class=\"war-content\" title=\"Tunique d\u2019un officier de la milice de Qu\u00e9bec\" href=\"https:\/\/www.museedelaguerre.ca\/guerre-de-1812\/content_assets\/tunique-dun-officier-de-la-milice-de-quebec\/\"><img loading=\"lazy\" decoding=\"async\" class=\"size-full page-image wp-image-1122\" title=\"Tunique d\u2019un officier de la milice de Qu\u00e9bec\" src=\"https:\/\/www.museedelaguerre.ca\/guerre-de-1812\/files\/2012\/10\/3B-GR09-Quebec-City-Militia-Officers-Coat-thumb.jpg\" alt=\"Tunique d\u2019un officier de la milice de Qu\u00e9bec\" width=\"305\" height=\"207\" srcset=\"https:\/\/www.museedelaguerre.ca\/guerre-de-1812\/files\/2012\/10\/3B-GR09-Quebec-City-Militia-Officers-Coat-thumb.jpg 305w, https:\/\/www.museedelaguerre.ca\/guerre-de-1812\/files\/2012\/10\/3B-GR09-Quebec-City-Militia-Officers-Coat-thumb-300x203.jpg 300w\" sizes=\"(max-width: 305px) 100vw, 305px\" \/><\/a><p class=\"caption-title\">Tunique d\u2019un officier de la milice de Qu\u00e9bec<\/p><div class=\"hover-content\"><div class=\"copy\"><p><strong>Tunique d\u2019un officier de la milice de Qu\u00e9bec<\/strong><\/p><pre>MCG 19790001-006<\/pre><\/div><\/div>\n<\/div>\n<\/div>\n<\/div>\n<h2>Halifax<\/h2>\n<div class=\"accordionPane\">\n<p>Halifax, en Nouvelle-\u00c9cosse, constituait une base d\u2019op\u00e9rations essentielle pour la Royal Navy dans les eaux nord-am\u00e9ricaines.<\/p>\n<div class=\"grid-row\">\n<div class=\"grid grid_4\">\n<a class=\"war-content\" title=\"Mortier de Halifax\" href=\"https:\/\/www.museedelaguerre.ca\/guerre-de-1812\/content_assets\/mortier-de-halifax\/\"><img loading=\"lazy\" decoding=\"async\" class=\"size-full page-image wp-image-1131\" title=\"Mortier de Halifax\" src=\"https:\/\/www.museedelaguerre.ca\/guerre-de-1812\/files\/2012\/10\/3B-GR10-Halifax-Mortar-thumb.jpg\" alt=\"Mortier de Halifax\" width=\"305\" height=\"207\" srcset=\"https:\/\/www.museedelaguerre.ca\/guerre-de-1812\/files\/2012\/10\/3B-GR10-Halifax-Mortar-thumb.jpg 305w, https:\/\/www.museedelaguerre.ca\/guerre-de-1812\/files\/2012\/10\/3B-GR10-Halifax-Mortar-thumb-300x203.jpg 300w\" sizes=\"(max-width: 305px) 100vw, 305px\" \/><\/a><p class=\"caption-title\">Mortier de Halifax<\/p><div class=\"hover-content\"><div class=\"copy\"><p><strong>Mortier de Halifax<\/strong><\/p><pre>MCG 19430003-001<\/pre><\/div><\/div>\n<\/div>\n<div class=\"grid grid_4\">\n<a class=\"war-content\" title=\"Fusil, mod\u00e8le India\" href=\"https:\/\/www.museedelaguerre.ca\/guerre-de-1812\/content_assets\/fusil-modele-india\/\"><img loading=\"lazy\" decoding=\"async\" class=\"size-full page-image wp-image-1141\" title=\"Fusil \u00e0 silex, mod\u00e8le India\" src=\"https:\/\/www.museedelaguerre.ca\/guerre-de-1812\/files\/2012\/10\/3B-GR11-Flintlock-Musket-India-Pattern-thumb.jpg\" alt=\"Fusil \u00e0 silex, mod\u00e8le India\" width=\"305\" height=\"207\" srcset=\"https:\/\/www.museedelaguerre.ca\/guerre-de-1812\/files\/2012\/10\/3B-GR11-Flintlock-Musket-India-Pattern-thumb.jpg 305w, https:\/\/www.museedelaguerre.ca\/guerre-de-1812\/files\/2012\/10\/3B-GR11-Flintlock-Musket-India-Pattern-thumb-300x203.jpg 300w\" sizes=\"(max-width: 305px) 100vw, 305px\" \/><\/a><p class=\"caption-title\">Fusil, mod\u00e8le India<\/p><div class=\"hover-content\"><div class=\"copy\"><p><strong>Fusil \u00e0 silex, mod\u00e8le India<\/strong><\/p><pre>MCG 19770467-011<\/pre><\/div><\/div>\n<\/div>\n<\/div>\n<\/div>\n<h2>La guerre atteint l\u2019Am\u00e9rique.<\/h2>\n<div class=\"accordionPane\">\n<p>Pendant que l\u2019arm\u00e9e britannique d\u00e9fendait le Canada, la Royal Navy tentait de forcer les \u00c9tats-Unis \u00e0 mettre fin \u00e0 la guerre en imposant un blocus des c\u00f4tes am\u00e9ricaines et en menant des raids amphibies.<\/p>\n<div class=\"grid-row\">\n<div class=\"grid grid_4\">\n<a class=\"war-content\" title=\"Blocus de la c\u00f4te\" href=\"https:\/\/www.museedelaguerre.ca\/guerre-de-1812\/content_assets\/blocus-de-la-cote\/\"><img loading=\"lazy\" decoding=\"async\" class=\"size-full page-image wp-image-1173\" title=\"Le HMS Shannon remorque sa prise, la fr\u00e9gate am\u00e9ricaine Chesapeake dans le port de Halifax \" src=\"https:\/\/www.museedelaguerre.ca\/guerre-de-1812\/files\/2012\/10\/3B-GR12-HMS-Shannon-Leading-Her-Prize-the-American-Frigate-Chesapeake-into-Halifax-Harbour-thumb.jpg\" alt=\"Le HMS Shannon remorque sa prise, la fr\u00e9gate am\u00e9ricaine Chesapeake dans le port de Halifax\" width=\"305\" height=\"207\" srcset=\"https:\/\/www.museedelaguerre.ca\/guerre-de-1812\/files\/2012\/10\/3B-GR12-HMS-Shannon-Leading-Her-Prize-the-American-Frigate-Chesapeake-into-Halifax-Harbour-thumb.jpg 305w, https:\/\/www.museedelaguerre.ca\/guerre-de-1812\/files\/2012\/10\/3B-GR12-HMS-Shannon-Leading-Her-Prize-the-American-Frigate-Chesapeake-into-Halifax-Harbour-thumb-300x203.jpg 300w\" sizes=\"(max-width: 305px) 100vw, 305px\" \/><\/a><p class=\"caption-title\">Blocus de la c\u00f4te<\/p><div class=\"hover-content\"><div class=\"copy\"><p><strong><em>Le HMS<\/em> Shannon <em>remorque sa prise, la fr\u00e9gate am\u00e9ricaine<\/em> Chesapeake <em>dans le port de Halifax<\/em><\/strong><\/p><pre>Lithographie de John Christian Schetky, vers 1830\r\nBiblioth\u00e8que et Archives Canada, 1970-188-1937<\/pre><\/div><\/div>\n<\/div>\n<div class=\"grid grid_4\">\n<a class=\"war-content\" title=\"Des raids amphibies\" href=\"https:\/\/www.museedelaguerre.ca\/guerre-de-1812\/content_assets\/des-raids-amphibies\/\"><img loading=\"lazy\" decoding=\"async\" class=\"size-full page-image wp-image-1182\" title=\"L\u2019amiral Cockburn mettant Havre-de-Gr\u00e2ce \u00e0 feu et \u00e0 sac, le 1er juin 1813\" src=\"https:\/\/www.museedelaguerre.ca\/guerre-de-1812\/files\/2012\/10\/3B-GR13-Admiral-Cockburn-Burning-and-Plundering-Havre-de-Grace-on-1st-June-181-thumb.jpg\" alt=\"L\u2019amiral Cockburn mettant Havre-de-Gr\u00e2ce \u00e0 feu et \u00e0 sac, le 1er juin 1813\" width=\"305\" height=\"207\" srcset=\"https:\/\/www.museedelaguerre.ca\/guerre-de-1812\/files\/2012\/10\/3B-GR13-Admiral-Cockburn-Burning-and-Plundering-Havre-de-Grace-on-1st-June-181-thumb.jpg 305w, https:\/\/www.museedelaguerre.ca\/guerre-de-1812\/files\/2012\/10\/3B-GR13-Admiral-Cockburn-Burning-and-Plundering-Havre-de-Grace-on-1st-June-181-thumb-300x203.jpg 300w\" sizes=\"(max-width: 305px) 100vw, 305px\" \/><\/a><p class=\"caption-title\">Des raids amphibies<\/p><div class=\"hover-content\"><div class=\"copy\"><p><strong><em>L\u2019amiral Cockburn mettant Havre-de-Gr\u00e2ce \u00e0 feu et \u00e0 sac, le 1er juin 1813<\/em><\/strong><\/p><pre>Artiste inconnu\r\nAnne S. K. Brown Military Collection, Brown University Library, Providence, Rhode Island<\/pre><\/div><\/div>\n<\/div>\n<\/div>\n<\/div>\n<h2>La paix britannico-am\u00e9ricaine<\/h2>\n<div class=\"accordionPane\">\n<p>Pour la Grande-Bretagne, la signature du trait\u00e9 de Gand assurait une fin heureuse \u00e0 la guerre.<\/p>\n<div class=\"grid-row\">\n<div class=\"grid grid_4\">\n<a class=\"war-content\" title=\"Le trait\u00e9 de Gand\" href=\"https:\/\/www.museedelaguerre.ca\/guerre-de-1812\/content_assets\/le-traite-de-gand\/\"><img loading=\"lazy\" decoding=\"async\" class=\"size-full page-image wp-image-1190\" title=\"Cent ans de paix. La signature du trait\u00e9 de Gand pass\u00e9 entre la Grande-Bretagne et les \u00c9tats-Unis d\u2019Am\u00e9rique, le 24 d\u00e9cembre 1814.\" src=\"https:\/\/www.museedelaguerre.ca\/guerre-de-1812\/files\/2012\/10\/3B-GR14-The-Treaty-of-Ghent-thumb.jpg\" alt=\"Cent ans de paix. La signature du trait\u00e9 de Gand pass\u00e9 entre la Grande-Bretagne et les \u00c9tats-Unis d\u2019Am\u00e9rique, le 24 d\u00e9cembre 1814.\" width=\"305\" height=\"207\" srcset=\"https:\/\/www.museedelaguerre.ca\/guerre-de-1812\/files\/2012\/10\/3B-GR14-The-Treaty-of-Ghent-thumb.jpg 305w, https:\/\/www.museedelaguerre.ca\/guerre-de-1812\/files\/2012\/10\/3B-GR14-The-Treaty-of-Ghent-thumb-300x203.jpg 300w\" sizes=\"(max-width: 305px) 100vw, 305px\" \/><\/a><p class=\"caption-title\">Le trait\u00e9 de Gand<\/p><div class=\"hover-content\"><div class=\"copy\"><p><strong><em>Cent ans de paix. La signature du trait\u00e9 de Gand pass\u00e9 entre la Grande-Bretagne et les \u00c9tats-Unis d\u2019Am\u00e9rique, le 24 d\u00e9cembre 1814.<\/em><\/strong><\/p><pre>Gravure d\u2019Am\u00e9d\u00e9e Forestier, 1914\r\nBiblioth\u00e8que et Archives Canada, 1993-275-1<\/pre><\/div><\/div>\n<\/div>\n<\/div>\n<\/div>\n<\/div>\n","protected":false},"excerpt":{"rendered":"<p>Qu\u00e9bec Les \u00c9tats-Unis ne pouvaient esp\u00e9rer vaincre la Grande-Bretagne en Am\u00e9rique du Nord sans s\u2019emparer de Qu\u00e9bec. Halifax Halifax, en Nouvelle-\u00c9cosse, constituait une base d\u2019op\u00e9rations essentielle pour la Royal Navy dans les eaux nord-am\u00e9ricaines. La guerre atteint l\u2019Am\u00e9rique. Pendant que l\u2019arm\u00e9e britannique d\u00e9fendait le Canada, la Royal Navy tentait de forcer les \u00c9tats-Unis \u00e0 mettre [&hellip;]<\/p>\n","protected":false},"author":1,"featured_media":0,"parent":433,"menu_order":3,"comment_status":"open","ping_status":"open","template":"","meta":{"footnotes":""},"_links":{"self":[{"href":"https:\/\/www.museedelaguerre.ca\/guerre-de-1812\/wp-json\/wp\/v2\/pages\/455"}],"collection":[{"href":"https:\/\/www.museedelaguerre.ca\/guerre-de-1812\/wp-json\/wp\/v2\/pages"}],"about":[{"href":"https:\/\/www.museedelaguerre.ca\/guerre-de-1812\/wp-json\/wp\/v2\/types\/page"}],"author":[{"embeddable":true,"href":"https:\/\/www.museedelaguerre.ca\/guerre-de-1812\/wp-json\/wp\/v2\/users\/1"}],"replies":[{"embeddable":true,"href":"https:\/\/www.museedelaguerre.ca\/guerre-de-1812\/wp-json\/wp\/v2\/comments?post=455"}],"version-history":[{"count":19,"href":"https:\/\/www.museedelaguerre.ca\/guerre-de-1812\/wp-json\/wp\/v2\/pages\/455\/revisions"}],"predecessor-version":[{"id":2148,"href":"https:\/\/www.museedelaguerre.ca\/guerre-de-1812\/wp-json\/wp\/v2\/pages\/455\/revisions\/2148"}],"up":[{"embeddable":true,"href":"https:\/\/www.museedelaguerre.ca\/guerre-de-1812\/wp-json\/wp\/v2\/pages\/433"}],"wp:attachment":[{"href":"https:\/\/www.museedelaguerre.ca\/guerre-de-1812\/wp-json\/wp\/v2\/media?parent=455"}],"curies":[{"name":"wp","href":"https:\/\/api.w.org\/{rel}","templated":true}]}}