{"id":448,"date":"2012-10-31T20:35:31","date_gmt":"2012-10-31T20:35:31","guid":{"rendered":"https:\/\/www.museedelaguerre.ca\/guerre-de-1812\/?page_id=448"},"modified":"2012-11-15T16:21:29","modified_gmt":"2012-11-15T16:21:29","slug":"lentree-en-guerre","status":"publish","type":"page","link":"https:\/\/www.museedelaguerre.ca\/guerre-de-1812\/explorez-histoire\/la-guerre-des-britanniques\/lentree-en-guerre\/","title":{"rendered":"L\u2019entr\u00e9e en guerre"},"content":{"rendered":"<p>Les mesures britanniques destin\u00e9es \u00e0 forcer les marins am\u00e9ricains \u00e0 se joindre \u00e0 la Royal Navy et \u00e0 contr\u00f4ler le commerce am\u00e9ricain outre-mer engendr\u00e8rent la frustration chez les Am\u00e9ricains. En outre, chez ces derniers, plusieurs accusaient la Grande-Bretagne d\u2019utiliser les Autochtones am\u00e9ricains pour mener une guerre contre les terres de colonisation. R\u00e9agissant \u00e0 ce que les Am\u00e9ricains percevaient comme une longue s\u00e9rie de provocations des Britanniques, les \u00c9tats-Unis leur d\u00e9clar\u00e8rent la guerre le 18 juin 1812.<\/p>\n<article>\n<div class=\"grid-row\">\n<div class=\"grid grid_4\">\n<a class=\"war-content\" title=\"La guerre des Britanniques contre la France\" href=\"https:\/\/www.museedelaguerre.ca\/guerre-de-1812\/content_assets\/la-guerre-des-britanniques-contre-la-france\/\"><img loading=\"lazy\" decoding=\"async\" class=\"size-full page-image wp-image-1087\" title=\"L\u2019empereur Napol\u00e9on, dans son cabinet des Tuileries\" src=\"https:\/\/www.museedelaguerre.ca\/guerre-de-1812\/files\/2012\/10\/3B-GR05-The-Emperor-Napoleon-in-His-Study-at-the-Tuileries-thumb.jpg\" alt=\"L\u2019empereur Napol\u00e9on, dans son cabinet des Tuileries\" width=\"305\" height=\"207\" srcset=\"https:\/\/www.museedelaguerre.ca\/guerre-de-1812\/files\/2012\/10\/3B-GR05-The-Emperor-Napoleon-in-His-Study-at-the-Tuileries-thumb.jpg 305w, https:\/\/www.museedelaguerre.ca\/guerre-de-1812\/files\/2012\/10\/3B-GR05-The-Emperor-Napoleon-in-His-Study-at-the-Tuileries-thumb-300x203.jpg 300w\" sizes=\"(max-width: 305px) 100vw, 305px\" \/><\/a><p class=\"caption-title\">La guerre des Britanniques contre la France<\/p><div class=\"hover-content\"><div class=\"copy\"><p><strong><em>L\u2019empereur Napol\u00e9on, dans son cabinet des Tuileries<\/em><\/strong><\/p><pre>Peinture de Jacques-Louis David, 1812\r\nNational Gallery of Art, Washington, D. C.<\/pre><\/div><\/div>\n<\/div>\n<div class=\"grid grid_4\">\n<a class=\"war-content\" title=\"Le besoin de marins\" href=\"https:\/\/www.museedelaguerre.ca\/guerre-de-1812\/content_assets\/le-besoin-de-marins\/\"><img loading=\"lazy\" decoding=\"async\" class=\"size-full page-image wp-image-1097\" title=\"Le Castor et autres navires dans une mer agit\u00e9e\" src=\"https:\/\/www.museedelaguerre.ca\/guerre-de-1812\/files\/2012\/10\/3B-GR06-The-Ship-Castor-and-Other-Vessels-in-a-Choppy-Sea-thumb.jpg\" alt=\"Le Castor et autres navires dans une mer agit\u00e9e\" width=\"305\" height=\"207\" srcset=\"https:\/\/www.museedelaguerre.ca\/guerre-de-1812\/files\/2012\/10\/3B-GR06-The-Ship-Castor-and-Other-Vessels-in-a-Choppy-Sea-thumb.jpg 305w, https:\/\/www.museedelaguerre.ca\/guerre-de-1812\/files\/2012\/10\/3B-GR06-The-Ship-Castor-and-Other-Vessels-in-a-Choppy-Sea-thumb-300x203.jpg 300w\" sizes=\"(max-width: 305px) 100vw, 305px\" \/><\/a><p class=\"caption-title\">Le besoin de marins<\/p><div class=\"hover-content\"><div class=\"copy\"><p><strong><em>Le Castor et autres navires dans une mer agit\u00e9e<\/em><\/strong><\/p><pre>Peinture de Thomas Luny, 1802\r\nNational Maritime Museum, Greenwich, Royaume-Uni, BHC 3251<\/pre><\/div><\/div>\n<\/div>\n<\/div>\n<div class=\"grid-row\">\n<div class=\"grid grid_4\">\n<a class=\"war-content\" title=\"Les relations avec les Autochtones am\u00e9ricains\" href=\"https:\/\/www.museedelaguerre.ca\/guerre-de-1812\/content_assets\/les-relations-avec-les-autochtones-americains\/\"><img loading=\"lazy\" decoding=\"async\" class=\"size-full page-image wp-image-1106\" title=\"Une d\u00e9l\u00e9gation d\u2019Autochtones des tribus du Mississippi rencontre le gouverneur en chef de l\u2019Am\u00e9rique du Nord, George Prevost\" src=\"https:\/\/www.museedelaguerre.ca\/guerre-de-1812\/files\/2012\/10\/3B-GR07-Contacts-with-Native-Americans-thumb.jpg\" alt=\"Une d\u00e9l\u00e9gation d\u2019Autochtones des tribus du Mississippi rencontre le gouverneur en chef de l\u2019Am\u00e9rique du Nord, George Prevost\" width=\"305\" height=\"207\" srcset=\"https:\/\/www.museedelaguerre.ca\/guerre-de-1812\/files\/2012\/10\/3B-GR07-Contacts-with-Native-Americans-thumb.jpg 305w, https:\/\/www.museedelaguerre.ca\/guerre-de-1812\/files\/2012\/10\/3B-GR07-Contacts-with-Native-Americans-thumb-300x203.jpg 300w\" sizes=\"(max-width: 305px) 100vw, 305px\" \/><\/a><p class=\"caption-title\">Les relations avec les Autochtones am\u00e9ricains<\/p><div class=\"hover-content\"><div class=\"copy\"><p><strong><em>Une d\u00e9l\u00e9gation d\u2019Autochtones des tribus du Mississippi rencontre le gouverneur en chef de l\u2019Am\u00e9rique du Nord, George Prevost<\/em><\/strong><\/p><pre>Peinture de Rudolph von Steiger, 1814\r\nBiblioth\u00e8que et Archives Canada, 1989-264-1<\/pre><\/div><\/div>\n<\/div>\n<\/div>\n<\/article>\n","protected":false},"excerpt":{"rendered":"<p>Les mesures britanniques destin\u00e9es \u00e0 forcer les marins am\u00e9ricains \u00e0 se joindre \u00e0 la Royal Navy et \u00e0 contr\u00f4ler le commerce am\u00e9ricain outre-mer engendr\u00e8rent la frustration chez les Am\u00e9ricains. En outre, chez ces derniers, plusieurs accusaient la Grande-Bretagne d\u2019utiliser les Autochtones am\u00e9ricains pour mener une guerre contre les terres de colonisation. R\u00e9agissant \u00e0 ce que [&hellip;]<\/p>\n","protected":false},"author":1,"featured_media":0,"parent":433,"menu_order":2,"comment_status":"open","ping_status":"open","template":"","meta":{"footnotes":""},"_links":{"self":[{"href":"https:\/\/www.museedelaguerre.ca\/guerre-de-1812\/wp-json\/wp\/v2\/pages\/448"}],"collection":[{"href":"https:\/\/www.museedelaguerre.ca\/guerre-de-1812\/wp-json\/wp\/v2\/pages"}],"about":[{"href":"https:\/\/www.museedelaguerre.ca\/guerre-de-1812\/wp-json\/wp\/v2\/types\/page"}],"author":[{"embeddable":true,"href":"https:\/\/www.museedelaguerre.ca\/guerre-de-1812\/wp-json\/wp\/v2\/users\/1"}],"replies":[{"embeddable":true,"href":"https:\/\/www.museedelaguerre.ca\/guerre-de-1812\/wp-json\/wp\/v2\/comments?post=448"}],"version-history":[{"count":17,"href":"https:\/\/www.museedelaguerre.ca\/guerre-de-1812\/wp-json\/wp\/v2\/pages\/448\/revisions"}],"predecessor-version":[{"id":2147,"href":"https:\/\/www.museedelaguerre.ca\/guerre-de-1812\/wp-json\/wp\/v2\/pages\/448\/revisions\/2147"}],"up":[{"embeddable":true,"href":"https:\/\/www.museedelaguerre.ca\/guerre-de-1812\/wp-json\/wp\/v2\/pages\/433"}],"wp:attachment":[{"href":"https:\/\/www.museedelaguerre.ca\/guerre-de-1812\/wp-json\/wp\/v2\/media?parent=448"}],"curies":[{"name":"wp","href":"https:\/\/api.w.org\/{rel}","templated":true}]}}