{"id":1896,"date":"2012-11-07T16:49:28","date_gmt":"2012-11-07T16:49:28","guid":{"rendered":"https:\/\/www.museedelaguerre.ca\/guerre-de-1812\/?page_id=1896"},"modified":"2012-12-05T03:05:34","modified_gmt":"2012-12-05T03:05:34","slug":"question-1","status":"publish","type":"page","link":"https:\/\/www.museedelaguerre.ca\/guerre-de-1812\/votre-perspective\/partagez-votre-point-de-vue\/perspectives-sur-le-canada-et-la-guerre\/question-1\/","title":{"rendered":"Question 1\/4"},"content":{"rendered":"<script type=\"text\/javascript\">var gform;gform||(document.addEventListener(\"gform_main_scripts_loaded\",function(){gform.scriptsLoaded=!0}),window.addEventListener(\"DOMContentLoaded\",function(){gform.domLoaded=!0}),gform={domLoaded:!1,scriptsLoaded:!1,initializeOnLoaded:function(o){gform.domLoaded&&gform.scriptsLoaded?o():!gform.domLoaded&&gform.scriptsLoaded?window.addEventListener(\"DOMContentLoaded\",o):document.addEventListener(\"gform_main_scripts_loaded\",o)},hooks:{action:{},filter:{}},addAction:function(o,n,r,t){gform.addHook(\"action\",o,n,r,t)},addFilter:function(o,n,r,t){gform.addHook(\"filter\",o,n,r,t)},doAction:function(o){gform.doHook(\"action\",o,arguments)},applyFilters:function(o){return gform.doHook(\"filter\",o,arguments)},removeAction:function(o,n){gform.removeHook(\"action\",o,n)},removeFilter:function(o,n,r){gform.removeHook(\"filter\",o,n,r)},addHook:function(o,n,r,t,i){null==gform.hooks[o][n]&&(gform.hooks[o][n]=[]);var e=gform.hooks[o][n];null==i&&(i=n+\"_\"+e.length),gform.hooks[o][n].push({tag:i,callable:r,priority:t=null==t?10:t})},doHook:function(n,o,r){var t;if(r=Array.prototype.slice.call(r,1),null!=gform.hooks[n][o]&&((o=gform.hooks[n][o]).sort(function(o,n){return o.priority-n.priority}),o.forEach(function(o){\"function\"!=typeof(t=o.callable)&&(t=window[t]),\"action\"==n?t.apply(null,r):r[0]=t.apply(null,r)})),\"filter\"==n)return r[0]},removeHook:function(o,n,t,i){var r;null!=gform.hooks[o][n]&&(r=(r=gform.hooks[o][n]).filter(function(o,n,r){return!!(null!=i&&i!=o.tag||null!=t&&t!=o.priority)}),gform.hooks[o][n]=r)}});<\/script>\n                <div class='gf_browser_gecko gform_wrapper gform_legacy_markup_wrapper gform-theme--no-framework' data-form-theme='legacy' data-form-index='0' id='gform_wrapper_28' >\n                        <div class='gform_heading'>\n                            <h3 class=\"gform_title\">Perspectives sur le Canada et la guerre\u2028 - French - 1<\/h3>\n                            <p class='gform_description'><\/p>\n                        <\/div><form method='post' enctype='multipart\/form-data'  id='gform_28'  action='\/guerre-de-1812\/wp-json\/wp\/v2\/pages\/1896' data-formid='28' >\n                        <div class='gform-body gform_body'><ul id='gform_fields_28' class='gform_fields top_label form_sublabel_below description_below'><li id=\"field_28_1\"  class=\"gfield gfield--type-radio gfield--type-choice gfield_contains_required field_sublabel_below gfield--no-description field_description_below gfield_visibility_visible\"  data-js-reload=\"field_28_1\"><label class='gfield_label gform-field-label'  >D\u2019apr\u00e8s vous, quelle guerre ou quelle activit\u00e9 militaire a pu avoir l\u2019impact le plus important sur le Canada ?<span class=\"gfield_required\"><span class=\"gfield_required gfield_required_asterisk\">*<\/span><\/span><\/label><div class='ginput_container ginput_container_radio'><ul class='gfield_radio' id='input_28_1'>\n\t\t\t<li class='gchoice gchoice_28_1_0'>\n\t\t\t\t<input name='input_1' type='radio' value='1'  id='choice_28_1_0'    \/>\n\t\t\t\t<label for='choice_28_1_0' id='label_28_1_0' class='gform-field-label gform-field-label--type-inline'><span>1.<\/span> Les guerres des Premiers Peuples<\/label>\n\t\t\t<\/li>\n\t\t\t<li class='gchoice gchoice_28_1_1'>\n\t\t\t\t<input name='input_1' type='radio' value='2'  id='choice_28_1_1'    \/>\n\t\t\t\t<label for='choice_28_1_1' id='label_28_1_1' class='gform-field-label gform-field-label--type-inline'><span>2.<\/span> Les guerres post-contact<\/label>\n\t\t\t<\/li>\n\t\t\t<li class='gchoice gchoice_28_1_2'>\n\t\t\t\t<input name='input_1' type='radio' value='3'  id='choice_28_1_2'    \/>\n\t\t\t\t<label for='choice_28_1_2' id='label_28_1_2' class='gform-field-label gform-field-label--type-inline'><span>3.<\/span> La guerre de Sept Ans<\/label>\n\t\t\t<\/li>\n\t\t\t<li class='gchoice gchoice_28_1_3'>\n\t\t\t\t<input name='input_1' type='radio' value='4'  id='choice_28_1_3'    \/>\n\t\t\t\t<label for='choice_28_1_3' id='label_28_1_3' class='gform-field-label gform-field-label--type-inline'><span>4.<\/span> La guerre de l\u2019Ind\u00e9pendance am\u00e9ricaine<\/label>\n\t\t\t<\/li>\n\t\t\t<li class='gchoice gchoice_28_1_4'>\n\t\t\t\t<input name='input_1' type='radio' value='5'  id='choice_28_1_4'    \/>\n\t\t\t\t<label for='choice_28_1_4' id='label_28_1_4' class='gform-field-label gform-field-label--type-inline'><span>5.<\/span> La guerre de 1812<\/label>\n\t\t\t<\/li>\n\t\t\t<li class='gchoice gchoice_28_1_5'>\n\t\t\t\t<input name='input_1' type='radio' value='6'  id='choice_28_1_5'    \/>\n\t\t\t\t<label for='choice_28_1_5' id='label_28_1_5' class='gform-field-label gform-field-label--type-inline'><span>6.<\/span> La Premi\u00e8re Guerre mondiale<\/label>\n\t\t\t<\/li>\n\t\t\t<li class='gchoice gchoice_28_1_6'>\n\t\t\t\t<input name='input_1' type='radio' value='7'  id='choice_28_1_6'    \/>\n\t\t\t\t<label for='choice_28_1_6' id='label_28_1_6' class='gform-field-label gform-field-label--type-inline'><span>7.<\/span> La Seconde Guerre mondiale<\/label>\n\t\t\t<\/li>\n\t\t\t<li class='gchoice gchoice_28_1_7'>\n\t\t\t\t<input name='input_1' type='radio' value='8'  id='choice_28_1_7'    \/>\n\t\t\t\t<label for='choice_28_1_7' id='label_28_1_7' class='gform-field-label gform-field-label--type-inline'><span>8.<\/span> La Guerre froide et celle de la Cor\u00e9e<\/label>\n\t\t\t<\/li>\n\t\t\t<li class='gchoice gchoice_28_1_8'>\n\t\t\t\t<input name='input_1' type='radio' value='9'  id='choice_28_1_8'    \/>\n\t\t\t\t<label for='choice_28_1_8' id='label_28_1_8' class='gform-field-label gform-field-label--type-inline'><span>9.<\/span> Le maintien de la paix<\/label>\n\t\t\t<\/li>\n\t\t\t<li class='gchoice gchoice_28_1_9'>\n\t\t\t\t<input name='input_1' type='radio' value='10'  id='choice_28_1_9'    \/>\n\t\t\t\t<label for='choice_28_1_9' id='label_28_1_9' class='gform-field-label gform-field-label--type-inline'><span>10.<\/span> L\u2019Afghanistan<\/label>\n\t\t\t<\/li><\/ul><\/div><\/li><\/ul><\/div>\n        <div class='gform_footer top_label'> <input type='submit' id='gform_submit_button_28' class='gform_button button' value='Soumettre'  onclick='if(window[\"gf_submitting_28\"]){return false;}  window[\"gf_submitting_28\"]=true;  ' onkeypress='if( event.keyCode == 13 ){ if(window[\"gf_submitting_28\"]){return false;} window[\"gf_submitting_28\"]=true;  jQuery(\"#gform_28\").trigger(\"submit\",[true]); }' \/> \n            <input type='hidden' class='gform_hidden' name='is_submit_28' value='1' \/>\n            <input type='hidden' class='gform_hidden' name='gform_submit' value='28' \/>\n            \n            <input type='hidden' class='gform_hidden' name='gform_unique_id' value='' \/>\n            <input type='hidden' class='gform_hidden' name='state_28' value='WyJbXSIsIjYxMmVjN2E4MTg2NmNlOTAzMDcwYjhlMDc3YjY0YTg2Il0=' \/>\n            <input type='hidden' class='gform_hidden' name='gform_target_page_number_28' id='gform_target_page_number_28' value='0' \/>\n            <input type='hidden' class='gform_hidden' name='gform_source_page_number_28' id='gform_source_page_number_28' value='1' \/>\n            <input type='hidden' name='gform_field_values' value='' \/>\n            \n        <\/div>\n                        <\/form>\n                        <\/div><script type=\"text\/javascript\">\n\/* <![CDATA[ *\/\n gform.initializeOnLoaded( function() {gformInitSpinner( 28, 'https:\/\/www.museedelaguerre.ca\/guerre-de-1812\/wp-content\/plugins\/gravityforms\/images\/spinner.svg', true );jQuery('#gform_ajax_frame_28').on('load',function(){var contents = jQuery(this).contents().find('*').html();var is_postback = contents.indexOf('GF_AJAX_POSTBACK') >= 0;if(!is_postback){return;}var form_content = jQuery(this).contents().find('#gform_wrapper_28');var is_confirmation = jQuery(this).contents().find('#gform_confirmation_wrapper_28').length > 0;var is_redirect = contents.indexOf('gformRedirect(){') >= 0;var is_form = form_content.length > 0 && ! is_redirect && ! is_confirmation;var mt = parseInt(jQuery('html').css('margin-top'), 10) + parseInt(jQuery('body').css('margin-top'), 10) + 100;if(is_form){jQuery('#gform_wrapper_28').html(form_content.html());if(form_content.hasClass('gform_validation_error')){jQuery('#gform_wrapper_28').addClass('gform_validation_error');} else {jQuery('#gform_wrapper_28').removeClass('gform_validation_error');}setTimeout( function() { \/* delay the scroll by 50 milliseconds to fix a bug in chrome *\/  }, 50 );if(window['gformInitDatepicker']) {gformInitDatepicker();}if(window['gformInitPriceFields']) {gformInitPriceFields();}var current_page = jQuery('#gform_source_page_number_28').val();gformInitSpinner( 28, 'https:\/\/www.museedelaguerre.ca\/guerre-de-1812\/wp-content\/plugins\/gravityforms\/images\/spinner.svg', true );jQuery(document).trigger('gform_page_loaded', [28, current_page]);window['gf_submitting_28'] = false;}else if(!is_redirect){var confirmation_content = jQuery(this).contents().find('.GF_AJAX_POSTBACK').html();if(!confirmation_content){confirmation_content = contents;}setTimeout(function(){jQuery('#gform_wrapper_28').replaceWith(confirmation_content);jQuery(document).trigger('gform_confirmation_loaded', [28]);window['gf_submitting_28'] = false;wp.a11y.speak(jQuery('#gform_confirmation_message_28').text());}, 50);}else{jQuery('#gform_28').append(contents);if(window['gformRedirect']) {gformRedirect();}}jQuery(document).trigger('gform_post_render', [28, current_page]);gform.utils.trigger({ event: 'gform\/postRender', native: false, data: { formId: 28, currentPage: current_page } });} );} ); \n\/* ]]> *\/\n<\/script>\n\n","protected":false},"excerpt":{"rendered":"<p>L\u2019analyse des diff\u00e9rentes perspectives permet d\u2019approfondir la compr\u00e9hension des \u00e9v\u00e9nements historiques. Dans le cadre de cette activit\u00e9, utilisez vos connaissances de l\u2019histoire militaire du Canada et partagez votre point de vue sur la fa\u00e7on dont la guerre a pu fa\u00e7onner le pays.<\/p>\n","protected":false},"author":1,"featured_media":0,"parent":2448,"menu_order":1,"comment_status":"open","ping_status":"open","template":"page-survey.php","meta":{"footnotes":""},"_links":{"self":[{"href":"https:\/\/www.museedelaguerre.ca\/guerre-de-1812\/wp-json\/wp\/v2\/pages\/1896"}],"collection":[{"href":"https:\/\/www.museedelaguerre.ca\/guerre-de-1812\/wp-json\/wp\/v2\/pages"}],"about":[{"href":"https:\/\/www.museedelaguerre.ca\/guerre-de-1812\/wp-json\/wp\/v2\/types\/page"}],"author":[{"embeddable":true,"href":"https:\/\/www.museedelaguerre.ca\/guerre-de-1812\/wp-json\/wp\/v2\/users\/1"}],"replies":[{"embeddable":true,"href":"https:\/\/www.museedelaguerre.ca\/guerre-de-1812\/wp-json\/wp\/v2\/comments?post=1896"}],"version-history":[{"count":12,"href":"https:\/\/www.museedelaguerre.ca\/guerre-de-1812\/wp-json\/wp\/v2\/pages\/1896\/revisions"}],"predecessor-version":[{"id":2492,"href":"https:\/\/www.museedelaguerre.ca\/guerre-de-1812\/wp-json\/wp\/v2\/pages\/1896\/revisions\/2492"}],"up":[{"embeddable":true,"href":"https:\/\/www.museedelaguerre.ca\/guerre-de-1812\/wp-json\/wp\/v2\/pages\/2448"}],"wp:attachment":[{"href":"https:\/\/www.museedelaguerre.ca\/guerre-de-1812\/wp-json\/wp\/v2\/media?parent=1896"}],"curies":[{"name":"wp","href":"https:\/\/api.w.org\/{rel}","templated":true}]}}