{"id":1878,"date":"2012-11-07T16:40:03","date_gmt":"2012-11-07T16:40:03","guid":{"rendered":"https:\/\/www.museedelaguerre.ca\/guerre-de-1812\/?page_id=1878"},"modified":"2012-12-07T15:26:49","modified_gmt":"2012-12-07T15:26:49","slug":"qui-saura-vous-convaincre","status":"publish","type":"page","link":"https:\/\/www.museedelaguerre.ca\/guerre-de-1812\/votre-perspective\/partagez-votre-point-de-vue\/qui-saura-vous-convaincre\/","title":{"rendered":"Qui saura vous convaincre ?"},"content":{"rendered":"<p>Par leur courage et leur d\u00e9termination, plusieurs Canadiens et Canadiennes se sont distingu\u00e9s pendant la guerre de 1812. Lisez leur histoire et choisissez la personne qui vous \u00e9pate, puis cliquez sur le bouton, au bas de la page, pour soumettre votre r\u00e9ponse.<br \/>\n<script type=\"text\/javascript\">var gform;gform||(document.addEventListener(\"gform_main_scripts_loaded\",function(){gform.scriptsLoaded=!0}),window.addEventListener(\"DOMContentLoaded\",function(){gform.domLoaded=!0}),gform={domLoaded:!1,scriptsLoaded:!1,initializeOnLoaded:function(o){gform.domLoaded&&gform.scriptsLoaded?o():!gform.domLoaded&&gform.scriptsLoaded?window.addEventListener(\"DOMContentLoaded\",o):document.addEventListener(\"gform_main_scripts_loaded\",o)},hooks:{action:{},filter:{}},addAction:function(o,n,r,t){gform.addHook(\"action\",o,n,r,t)},addFilter:function(o,n,r,t){gform.addHook(\"filter\",o,n,r,t)},doAction:function(o){gform.doHook(\"action\",o,arguments)},applyFilters:function(o){return gform.doHook(\"filter\",o,arguments)},removeAction:function(o,n){gform.removeHook(\"action\",o,n)},removeFilter:function(o,n,r){gform.removeHook(\"filter\",o,n,r)},addHook:function(o,n,r,t,i){null==gform.hooks[o][n]&&(gform.hooks[o][n]=[]);var e=gform.hooks[o][n];null==i&&(i=n+\"_\"+e.length),gform.hooks[o][n].push({tag:i,callable:r,priority:t=null==t?10:t})},doHook:function(n,o,r){var t;if(r=Array.prototype.slice.call(r,1),null!=gform.hooks[n][o]&&((o=gform.hooks[n][o]).sort(function(o,n){return o.priority-n.priority}),o.forEach(function(o){\"function\"!=typeof(t=o.callable)&&(t=window[t]),\"action\"==n?t.apply(null,r):r[0]=t.apply(null,r)})),\"filter\"==n)return r[0]},removeHook:function(o,n,t,i){var r;null!=gform.hooks[o][n]&&(r=(r=gform.hooks[o][n]).filter(function(o,n,r){return!!(null!=i&&i!=o.tag||null!=t&&t!=o.priority)}),gform.hooks[o][n]=r)}});<\/script>\n                <div class='gf_browser_gecko gform_wrapper gform_legacy_markup_wrapper gform-theme--no-framework personalities_wrapper' data-form-theme='legacy' data-form-index='0' id='gform_wrapper_27' >\n                        <div class='gform_heading'>\n                            <h3 class=\"gform_title\">Qui saura vous convaincre ?<\/h3>\n                            <p class='gform_description'><\/p>\n                        <\/div><form method='post' enctype='multipart\/form-data'  id='gform_27' class='personalities' action='\/guerre-de-1812\/wp-json\/wp\/v2\/pages\/1878' data-formid='27' >\n                        <div class='gform-body gform_body'><ul id='gform_fields_27' class='gform_fields top_label form_sublabel_below description_below'><li id=\"field_27_1\"  class=\"gfield gfield--type-radio gfield--type-choice gfield_contains_required field_sublabel_below gfield--no-description field_description_below gfield_visibility_visible\"  data-js-reload=\"field_27_1\"><label class='gfield_label gform-field-label'  >Qui saura vous convaincre\u00a0?<span class=\"gfield_required\"><span class=\"gfield_required gfield_required_asterisk\">*<\/span><\/span><\/label><div class='ginput_container ginput_container_radio'><ul class='gfield_radio' id='input_27_1'>\n\t\t\t<li class='gchoice gchoice_27_1_0'>\n\t\t\t\t<input name='input_1' type='radio' value='1'  id='choice_27_1_0'    \/>\n\t\t\t\t<label for='choice_27_1_0' id='label_27_1_0' class='gform-field-label gform-field-label--type-inline'><h2><span>1.<\/span> Laura Secord - Mon exploit\u2028<\/h2> Lorsque j\u2019ai appris que les Am\u00e9ricains pr\u00e9voyaient attaquer un avant-poste britannique, j\u2019ai d\u00e9cid\u00e9 d\u2019agir. En d\u00e9pit de la chaleur et de l\u2019humidit\u00e9, j\u2019ai parcouru 32 kilom\u00e8tres \u00e0 travers champs et for\u00eats pour alerter les Britanniques. En chemin, j\u2019ai rencontr\u00e9 des guerriers des Premiers Peuples qui ont alors pr\u00e9par\u00e9 une embuscade et vaincu les Am\u00e9ricains.<p><em>Laura Secord<\/em><br \/>Niagara Falls Public Library, Niagara Falls, Ontario, D417337<\/p><\/label>\n\t\t\t<\/li>\n\t\t\t<li class='gchoice gchoice_27_1_1'>\n\t\t\t\t<input name='input_1' type='radio' value='2'  id='choice_27_1_1'    \/>\n\t\t\t\t<label for='choice_27_1_1' id='label_27_1_1' class='gform-field-label gform-field-label--type-inline'><h2><span>2.<\/span> Charles De Salaberry - Mon exploit<\/h2> \u2028J\u2019ai d\u2019abord servi dans l\u2019arm\u00e9e britannique en Europe. \u00c0 mon retour au Canada, j\u2019ai dirig\u00e9 les troupes victorieuses \u00e0 la bataille de la Ch\u00e2teauguay, une victoire importante qui permit de sauver Montr\u00e9al d\u2019une attaque am\u00e9ricaine. <p><em>Le colonel Charles de Salaberry<\/em><br \/>Peinture de Patrick Haldorsen<br \/>Collection Beaverbrook d'art militaire<br \/>MCG 19840034-002<\/p><\/label>\n\t\t\t<\/li>\n\t\t\t<li class='gchoice gchoice_27_1_2'>\n\t\t\t\t<input name='input_1' type='radio' value='3'  id='choice_27_1_2'    \/>\n\t\t\t\t<label for='choice_27_1_2' id='label_27_1_2' class='gform-field-label gform-field-label--type-inline'><h2><span>3.<\/span> Isaac Brock - Mon exploit\u2028<\/h2> J\u2019ai command\u00e9 les forces britanniques dans le Haut-Canada. Malgr\u00e9 le manque de ressources et d\u2019effectifs, nous avons d\u00e9fendu la colonie avec succ\u00e8s pendant les premiers mois de la guerre. En ao\u00fbt 1812, nous avons m\u00eame captur\u00e9 D\u00e9troit. J\u2019ai \u00e9t\u00e9 tu\u00e9 par un tir de mousquet \u00e0 la bataille de Queenston Heights, en octobre de cette ann\u00e9e-l\u00e0. <p><em>Le major-g\u00e9n\u00e9ral Isaac Brock<\/em><br \/>Peinture de Gerrit Schipper, 1812<br \/> \u00a9 2012 The States of Guernsey (Guernsey Museums & Galleries)<\/p><\/label>\n\t\t\t<\/li>\n\t\t\t<li class='gchoice gchoice_27_1_3'>\n\t\t\t\t<input name='input_1' type='radio' value='4'  id='choice_27_1_3'    \/>\n\t\t\t\t<label for='choice_27_1_3' id='label_27_1_3' class='gform-field-label gform-field-label--type-inline'><h2><span>4.<\/span> Mookomaanish - Mon exploit<\/h2> J\u2019\u00e9tais un chef odawa pendant la guerre de 1812. Mon nom, Mookomaanish, signifie \u00ab Petit couteau \u00bb. J\u2019ai combattu comme alli\u00e9 des Britanniques dans la guerre pour la d\u00e9fense du Canada contre l\u2019invasion am\u00e9ricaine et je me suis fait une r\u00e9putation de leader solide et humain. En 1815, j\u2019ai re\u00e7u une \u00e9p\u00e9e d\u2019honneur des Britanniques en reconnaissance des soins que j\u2019avais prodigu\u00e9s \u00e0 un prisonnier am\u00e9ricain bless\u00e9.<p><em>Mookomaanish<\/em> <br \/>Collection Beaverbrook d'art militaire<\/p><\/label>\n\t\t\t<\/li><\/ul><\/div><\/li><\/ul><\/div>\n        <div class='gform_footer top_label'> <input type='submit' id='gform_submit_button_27' class='gform_button button' value='Soumettre'  onclick='if(window[\"gf_submitting_27\"]){return false;}  window[\"gf_submitting_27\"]=true;  ' onkeypress='if( event.keyCode == 13 ){ if(window[\"gf_submitting_27\"]){return false;} window[\"gf_submitting_27\"]=true;  jQuery(\"#gform_27\").trigger(\"submit\",[true]); }' \/> \n            <input type='hidden' class='gform_hidden' name='is_submit_27' value='1' \/>\n            <input type='hidden' class='gform_hidden' name='gform_submit' value='27' \/>\n            \n            <input type='hidden' class='gform_hidden' name='gform_unique_id' value='' \/>\n            <input type='hidden' class='gform_hidden' name='state_27' value='WyJbXSIsIjYxMmVjN2E4MTg2NmNlOTAzMDcwYjhlMDc3YjY0YTg2Il0=' \/>\n            <input type='hidden' class='gform_hidden' name='gform_target_page_number_27' id='gform_target_page_number_27' value='0' \/>\n            <input type='hidden' class='gform_hidden' name='gform_source_page_number_27' id='gform_source_page_number_27' value='1' \/>\n            <input type='hidden' name='gform_field_values' value='' \/>\n            \n        <\/div>\n                        <\/form>\n                        <\/div><script type=\"text\/javascript\">\n\/* <![CDATA[ *\/\n gform.initializeOnLoaded( function() {gformInitSpinner( 27, 'https:\/\/www.museedelaguerre.ca\/guerre-de-1812\/wp-content\/plugins\/gravityforms\/images\/spinner.svg', true );jQuery('#gform_ajax_frame_27').on('load',function(){var contents = jQuery(this).contents().find('*').html();var is_postback = contents.indexOf('GF_AJAX_POSTBACK') >= 0;if(!is_postback){return;}var form_content = jQuery(this).contents().find('#gform_wrapper_27');var is_confirmation = jQuery(this).contents().find('#gform_confirmation_wrapper_27').length > 0;var is_redirect = contents.indexOf('gformRedirect(){') >= 0;var is_form = form_content.length > 0 && ! is_redirect && ! is_confirmation;var mt = parseInt(jQuery('html').css('margin-top'), 10) + parseInt(jQuery('body').css('margin-top'), 10) + 100;if(is_form){jQuery('#gform_wrapper_27').html(form_content.html());if(form_content.hasClass('gform_validation_error')){jQuery('#gform_wrapper_27').addClass('gform_validation_error');} else {jQuery('#gform_wrapper_27').removeClass('gform_validation_error');}setTimeout( function() { \/* delay the scroll by 50 milliseconds to fix a bug in chrome *\/  }, 50 );if(window['gformInitDatepicker']) {gformInitDatepicker();}if(window['gformInitPriceFields']) {gformInitPriceFields();}var current_page = jQuery('#gform_source_page_number_27').val();gformInitSpinner( 27, 'https:\/\/www.museedelaguerre.ca\/guerre-de-1812\/wp-content\/plugins\/gravityforms\/images\/spinner.svg', true );jQuery(document).trigger('gform_page_loaded', [27, current_page]);window['gf_submitting_27'] = false;}else if(!is_redirect){var confirmation_content = jQuery(this).contents().find('.GF_AJAX_POSTBACK').html();if(!confirmation_content){confirmation_content = contents;}setTimeout(function(){jQuery('#gform_wrapper_27').replaceWith(confirmation_content);jQuery(document).trigger('gform_confirmation_loaded', [27]);window['gf_submitting_27'] = false;wp.a11y.speak(jQuery('#gform_confirmation_message_27').text());}, 50);}else{jQuery('#gform_27').append(contents);if(window['gformRedirect']) {gformRedirect();}}jQuery(document).trigger('gform_post_render', [27, current_page]);gform.utils.trigger({ event: 'gform\/postRender', native: false, data: { formId: 27, currentPage: current_page } });} );} ); \n\/* ]]> *\/\n<\/script>\n<\/p>\n","protected":false},"excerpt":{"rendered":"<p>Votez pour la personnalit\u00e9 canadienne qui vous inspire le plus.<\/p>\n","protected":false},"author":1,"featured_media":0,"parent":2056,"menu_order":2,"comment_status":"open","ping_status":"open","template":"","meta":{"footnotes":""},"_links":{"self":[{"href":"https:\/\/www.museedelaguerre.ca\/guerre-de-1812\/wp-json\/wp\/v2\/pages\/1878"}],"collection":[{"href":"https:\/\/www.museedelaguerre.ca\/guerre-de-1812\/wp-json\/wp\/v2\/pages"}],"about":[{"href":"https:\/\/www.museedelaguerre.ca\/guerre-de-1812\/wp-json\/wp\/v2\/types\/page"}],"author":[{"embeddable":true,"href":"https:\/\/www.museedelaguerre.ca\/guerre-de-1812\/wp-json\/wp\/v2\/users\/1"}],"replies":[{"embeddable":true,"href":"https:\/\/www.museedelaguerre.ca\/guerre-de-1812\/wp-json\/wp\/v2\/comments?post=1878"}],"version-history":[{"count":13,"href":"https:\/\/www.museedelaguerre.ca\/guerre-de-1812\/wp-json\/wp\/v2\/pages\/1878\/revisions"}],"predecessor-version":[{"id":2522,"href":"https:\/\/www.museedelaguerre.ca\/guerre-de-1812\/wp-json\/wp\/v2\/pages\/1878\/revisions\/2522"}],"up":[{"embeddable":true,"href":"https:\/\/www.museedelaguerre.ca\/guerre-de-1812\/wp-json\/wp\/v2\/pages\/2056"}],"wp:attachment":[{"href":"https:\/\/www.museedelaguerre.ca\/guerre-de-1812\/wp-json\/wp\/v2\/media?parent=1878"}],"curies":[{"name":"wp","href":"https:\/\/api.w.org\/{rel}","templated":true}]}}