
{"id":9960,"date":"2018-01-19T09:44:26","date_gmt":"2018-01-19T14:49:34","guid":{"rendered":"https:\/\/www.warmuseum.ca\/boutique\/?post_type=product&#038;p=9960"},"modified":"2024-12-03T23:00:22","modified_gmt":"2024-12-04T04:00:22","slug":"pour-la-couronne-et-la-patrie-la-guerre-sud-africaine-et-la-premiere-guerre-mondiale","status":"publish","type":"product","link":"https:\/\/www.museedelaguerre.ca\/boutique\/produit\/pour-la-couronne-et-la-patrie-la-guerre-sud-africaine-et-la-premiere-guerre-mondiale\/","title":{"rendered":"Pour la Couronne et la patrie \u2013 La guerre sud-africaine et la Premi\u00e8re Guerre mondiale"},"content":{"rendered":"<p><strong>Pour la Couronne et la patrie \u2013 La guerre sud-africaine et la Premi\u00e8re Guerre mondiale<\/strong><br \/>\npar Tim Cook<\/p>\n<p>2018, ISBN : 978-0-660-07669-0<br \/>\n120 pages, 76 illustrations, 15 x 15 cm, broch\u00e9<\/p>\n<p>La contribution du Canada et les sacrifices consentis lors de la guerre sud-africaine et de la Premi\u00e8re Guerre mondiale ont favoris\u00e9 l\u2019\u00e9mergence d\u2019un fort sentiment national et d\u2019une reconnaissance internationale. Le co\u00fbt s\u2019est toutefois av\u00e9r\u00e9 \u00e9lev\u00e9. C\u2019est une exp\u00e9dition militaire relativement modeste qui a \u00e9t\u00e9 envoy\u00e9e par le gouvernement canadien afin de combattre aux c\u00f4t\u00e9s des Britanniques durant la guerre sud-africaine, mais cette d\u00e9cision de supporter des alli\u00e9s outre-mer marquait n\u00e9anmoins une \u00e9tape significative.<\/p>\n<p>Au cours de la Premi\u00e8re Guerre mondiale, plus de 620 000 Canadiens se sont enr\u00f4l\u00e9s afin de combattre pour la Couronne et la patrie. Le Corps canadien a particip\u00e9 \u00e0 des batailles co\u00fbteuses \u00e0 la Somme, \u00e0 Vimy, \u00e0 Passchendaele, \u00e0 Amiens, \u00e0 Arras et \u00e0 Mons. Les Canadiens ont aussi pris part \u00e0 la guerre a\u00e9rienne et \u00e0 celle qui s\u2019est d\u00e9roul\u00e9e sur les mers. Sur le front int\u00e9rieur, des femmes ont int\u00e9gr\u00e9 la force de travail pour appuyer l\u2019effort de guerre et des organisations patriotiques ont soutenu les soldats outre-mer, alors que la conscription a fortement \u00e9branl\u00e9 l\u2019unit\u00e9 canadienne. En pr\u00e9sentant des artefacts, des images, des affiches et des \u0153uvres d\u2019art, ce catalogue-souvenir s\u2019int\u00e9resse aux multiples fa\u00e7ons par lesquelles ces deux guerres outre-mer ont transform\u00e9 le Canada \u00e0 tout jamais.<\/p>\n","protected":false},"excerpt":{"rendered":"<p>La contribution du Canada et les sacrifices consentis lors de la guerre sud-africaine et de la Premi\u00e8re Guerre mondiale ont favoris\u00e9 l\u2019\u00e9mergence d\u2019un fort sentiment national et d\u2019une reconnaissance internationale. Le co\u00fbt s\u2019est toutefois av\u00e9r\u00e9 \u00e9lev\u00e9. En pr\u00e9sentant des artefacts, des images, des affiches et des \u0153uvres d\u2019art, ce catalogue-souvenir s\u2019int\u00e9resse aux multiples fa\u00e7ons par lesquelles ces deux guerres outre-mer ont transform\u00e9 le Canada \u00e0 tout jamais.<\/p>\n","protected":false},"featured_media":15281,"comment_status":"open","ping_status":"closed","template":"","meta":{"_acf_changed":false},"product_cat":[604,683],"product_tag":[1213],"acf":[],"_links":{"self":[{"href":"https:\/\/www.museedelaguerre.ca\/boutique\/wp-json\/wp\/v2\/product\/9960"}],"collection":[{"href":"https:\/\/www.museedelaguerre.ca\/boutique\/wp-json\/wp\/v2\/product"}],"about":[{"href":"https:\/\/www.museedelaguerre.ca\/boutique\/wp-json\/wp\/v2\/types\/product"}],"replies":[{"embeddable":true,"href":"https:\/\/www.museedelaguerre.ca\/boutique\/wp-json\/wp\/v2\/comments?post=9960"}],"wp:featuredmedia":[{"embeddable":true,"href":"https:\/\/www.museedelaguerre.ca\/boutique\/wp-json\/wp\/v2\/media\/15281"}],"wp:attachment":[{"href":"https:\/\/www.museedelaguerre.ca\/boutique\/wp-json\/wp\/v2\/media?parent=9960"}],"wp:term":[{"taxonomy":"product_cat","embeddable":true,"href":"https:\/\/www.museedelaguerre.ca\/boutique\/wp-json\/wp\/v2\/product_cat?post=9960"},{"taxonomy":"product_tag","embeddable":true,"href":"https:\/\/www.museedelaguerre.ca\/boutique\/wp-json\/wp\/v2\/product_tag?post=9960"}],"curies":[{"name":"wp","href":"https:\/\/api.w.org\/{rel}","templated":true}]}}