
{"id":9474,"date":"2017-03-29T09:28:31","date_gmt":"2017-03-29T13:28:42","guid":{"rendered":"https:\/\/www.museedelaguerre.ca\/boutique\/?post_type=product&#038;p=9474"},"modified":"2017-03-29T14:53:04","modified_gmt":"2017-03-29T18:53:04","slug":"epinglette-de-vimy","status":"publish","type":"product","link":"https:\/\/www.museedelaguerre.ca\/boutique\/produit\/epinglette-de-vimy\/","title":{"rendered":"\u00c9pinglette de Vimy (L\u00e9gion royale canadienne)"},"content":{"rendered":"<p>Afin de comm\u00e9morer le 100e anniversaire de la bataille de la cr\u00eate de Vimy, la L\u00e9gion royale canadienne a command\u00e9 le moulage de cette \u00e9pinglette. Un \u00e9mail peint agr\u00e9mente le design en relief form\u00e9 d&#8217;un alliage coul\u00e9 afin de repr\u00e9senter le M\u00e9morial national du Canada \u00e0 Vimy. Chaque \u00e9pinglette est pr\u00e9sent\u00e9e sur une carte descriptive attrayante.<\/p>\n","protected":false},"excerpt":{"rendered":"<p>\u00c9pinglette comm\u00e9morant la bataille de la cr\u00eate de Vimy.<\/p>\n","protected":false},"featured_media":9472,"comment_status":"open","ping_status":"closed","template":"","meta":{"_acf_changed":false},"product_cat":[951,953],"product_tag":[1213],"acf":[],"_links":{"self":[{"href":"https:\/\/www.museedelaguerre.ca\/boutique\/wp-json\/wp\/v2\/product\/9474"}],"collection":[{"href":"https:\/\/www.museedelaguerre.ca\/boutique\/wp-json\/wp\/v2\/product"}],"about":[{"href":"https:\/\/www.museedelaguerre.ca\/boutique\/wp-json\/wp\/v2\/types\/product"}],"replies":[{"embeddable":true,"href":"https:\/\/www.museedelaguerre.ca\/boutique\/wp-json\/wp\/v2\/comments?post=9474"}],"wp:featuredmedia":[{"embeddable":true,"href":"https:\/\/www.museedelaguerre.ca\/boutique\/wp-json\/wp\/v2\/media\/9472"}],"wp:attachment":[{"href":"https:\/\/www.museedelaguerre.ca\/boutique\/wp-json\/wp\/v2\/media?parent=9474"}],"wp:term":[{"taxonomy":"product_cat","embeddable":true,"href":"https:\/\/www.museedelaguerre.ca\/boutique\/wp-json\/wp\/v2\/product_cat?post=9474"},{"taxonomy":"product_tag","embeddable":true,"href":"https:\/\/www.museedelaguerre.ca\/boutique\/wp-json\/wp\/v2\/product_tag?post=9474"}],"curies":[{"name":"wp","href":"https:\/\/api.w.org\/{rel}","templated":true}]}}