
{"id":9450,"date":"2017-03-28T09:37:28","date_gmt":"2017-04-05T13:02:22","guid":{"rendered":"https:\/\/www.museedelaguerre.ca\/boutique\/?post_type=product&#038;p=9450"},"modified":"2024-12-03T23:00:22","modified_gmt":"2024-12-04T04:00:22","slug":"vimy-100-ans","status":"publish","type":"product","link":"https:\/\/www.museedelaguerre.ca\/boutique\/produit\/vimy-100-ans\/","title":{"rendered":"Vimy &#8211; 100 ans"},"content":{"rendered":"<p><strong>Vimy &#8211; 100 ans<\/strong><br \/>\npar Molly McCullough et M\u00e9lanie Morin-Pelletier<\/p>\n<p>2017, ISBN : 978-1-988282-07-7<br \/>\n120 pages, 63 illustrations, 15 x 15 cm, broch\u00e9<\/p>\n<p><em>D\u00e9couvrez les r\u00e9percussions \u00e0 long terme de la bataille de la cr\u00eate de Vimy, 100 ans plus tard<\/em>.<\/p>\n<p>La bataille de la cr\u00eate de Vimy livr\u00e9e en France du 9 au 12 avril 1917 a constitu\u00e9 pour le Canada l\u2019un des affrontements les plus co\u00fbteux de la Premi\u00e8re Guerre mondiale. Au cours du dernier si\u00e8cle, les Canadiens en ont comm\u00e9mor\u00e9 la victoire de maintes fa\u00e7ons et pour diverses raisons.<\/p>\n<p>Ce catalogue-souvenir explore non seulement l\u2019attaque de la cr\u00eate de Vimy, mais pr\u00e9sente \u00e9galement le si\u00e8cle de comm\u00e9morations qui a suivi. Il nous rappelle avec force que les comm\u00e9morations offrent un moyen d\u2019\u00e9difier le pass\u00e9 et d\u2019orienter la perception de notre identit\u00e9 nationale.<\/p>\n","protected":false},"excerpt":{"rendered":"<p>La bataille de la cr\u00eate de Vimy livr\u00e9e en France du 9 au 12 avril 1917 a constitu\u00e9 pour le Canada l\u2019un des affrontements les plus co\u00fbteux de la Premi\u00e8re Guerre mondiale. Au cours du dernier si\u00e8cle, les Canadiens en ont comm\u00e9mor\u00e9 la victoire de maintes fa\u00e7ons et pour diverses raisons. Ce catalogue-souvenir explore non seulement l\u2019attaque de la cr\u00eate de Vimy, mais pr\u00e9sente \u00e9galement le si\u00e8cle de comm\u00e9morations qui a suivi.<\/p>\n","protected":false},"featured_media":15287,"comment_status":"open","ping_status":"closed","template":"","meta":{"_acf_changed":false},"product_cat":[604,683],"product_tag":[1213],"acf":[],"_links":{"self":[{"href":"https:\/\/www.museedelaguerre.ca\/boutique\/wp-json\/wp\/v2\/product\/9450"}],"collection":[{"href":"https:\/\/www.museedelaguerre.ca\/boutique\/wp-json\/wp\/v2\/product"}],"about":[{"href":"https:\/\/www.museedelaguerre.ca\/boutique\/wp-json\/wp\/v2\/types\/product"}],"replies":[{"embeddable":true,"href":"https:\/\/www.museedelaguerre.ca\/boutique\/wp-json\/wp\/v2\/comments?post=9450"}],"wp:featuredmedia":[{"embeddable":true,"href":"https:\/\/www.museedelaguerre.ca\/boutique\/wp-json\/wp\/v2\/media\/15287"}],"wp:attachment":[{"href":"https:\/\/www.museedelaguerre.ca\/boutique\/wp-json\/wp\/v2\/media?parent=9450"}],"wp:term":[{"taxonomy":"product_cat","embeddable":true,"href":"https:\/\/www.museedelaguerre.ca\/boutique\/wp-json\/wp\/v2\/product_cat?post=9450"},{"taxonomy":"product_tag","embeddable":true,"href":"https:\/\/www.museedelaguerre.ca\/boutique\/wp-json\/wp\/v2\/product_tag?post=9450"}],"curies":[{"name":"wp","href":"https:\/\/api.w.org\/{rel}","templated":true}]}}