
{"id":9360,"date":"2016-12-14T10:19:11","date_gmt":"2016-12-14T15:19:24","guid":{"rendered":"https:\/\/www.museedelaguerre.ca\/boutique\/?post_type=product&#038;p=9360"},"modified":"2024-12-03T23:00:21","modified_gmt":"2024-12-04T04:00:21","slug":"surmonter-lepreuve-le-canada-et-la-seconde-guerre-mondiale","status":"publish","type":"product","link":"https:\/\/www.museedelaguerre.ca\/boutique\/produit\/surmonter-lepreuve-le-canada-et-la-seconde-guerre-mondiale\/","title":{"rendered":"Surmonter l\u2019\u00e9preuve : le Canada et la Seconde Guerre mondiale"},"content":{"rendered":"<p><strong>Surmonter l\u2019\u00e9preuve\u00a0: le Canada et la Seconde Guerre mondiale<\/strong><\/p>\n<p>par Jeff Noakes<\/p>\n<p>2016, ISBN 978-1-988282-01-5<br \/>\n120 pages, 58 illustrations, 15 cm x 15 cm, broch\u00e9e<\/p>\n<p>La Seconde Guerre mondiale a transform\u00e9 le Canada et modifi\u00e9 sa position sur l\u2019\u00e9chiquier mondial.<\/p>\n<p>Le d\u00e9clenchement de la guerre en septembre 1939, apr\u00e8s une d\u00e9cennie marqu\u00e9e par une crise \u00e9conomique et la mont\u00e9e en puissance de dictatures brutales, a plong\u00e9 le pays dans un deuxi\u00e8me conflit international. En fin de compte, les Canadiens ont servi dans la majorit\u00e9 des th\u00e9\u00e2tres d\u2019op\u00e9rations, alors que l\u2019on se mobilisait sur le front int\u00e9rieur pour appuyer l\u2019effort de guerre.<\/p>\n<p>Ce catalogue-souvenir met en lumi\u00e8re la galerie que consacre le Mus\u00e9e \u00e0 la Seconde Guerre mondiale. \u0152uvres d\u2019art, armes, uniformes, documents d\u2019archives et photographies : des plus percutants aux plus personnels, les artefacts, vestiges des combats, aident \u00e0 mieux comprendre les r\u00e9percussions de la guerre sur le Canada et sa population.<\/p>\n","protected":false},"excerpt":{"rendered":"<p>La Seconde Guerre mondiale a transform\u00e9 le Canada et modifi\u00e9 sa position sur l\u2019\u00e9chiquier mondial. Le d\u00e9clenchement de la guerre en septembre 1939 a plong\u00e9 le pays dans un deuxi\u00e8me conflit international. En fin de compte, les Canadiens ont servi dans la majorit\u00e9 des th\u00e9\u00e2tres d\u2019op\u00e9rations, alors que l\u2019on se mobilisait sur le front int\u00e9rieur pour appuyer l\u2019effort de guerre. Au sortir du conflit, le Canada, devenu une grande puissance \u00e9conomique, \u00e9tait d\u00e9termin\u00e9 \u00e0 changer les choses dans le monde.<\/p>\n","protected":false},"featured_media":15291,"comment_status":"open","ping_status":"closed","template":"","meta":{"_acf_changed":false},"product_cat":[604,683],"product_tag":[1213],"acf":[],"_links":{"self":[{"href":"https:\/\/www.museedelaguerre.ca\/boutique\/wp-json\/wp\/v2\/product\/9360"}],"collection":[{"href":"https:\/\/www.museedelaguerre.ca\/boutique\/wp-json\/wp\/v2\/product"}],"about":[{"href":"https:\/\/www.museedelaguerre.ca\/boutique\/wp-json\/wp\/v2\/types\/product"}],"replies":[{"embeddable":true,"href":"https:\/\/www.museedelaguerre.ca\/boutique\/wp-json\/wp\/v2\/comments?post=9360"}],"wp:featuredmedia":[{"embeddable":true,"href":"https:\/\/www.museedelaguerre.ca\/boutique\/wp-json\/wp\/v2\/media\/15291"}],"wp:attachment":[{"href":"https:\/\/www.museedelaguerre.ca\/boutique\/wp-json\/wp\/v2\/media?parent=9360"}],"wp:term":[{"taxonomy":"product_cat","embeddable":true,"href":"https:\/\/www.museedelaguerre.ca\/boutique\/wp-json\/wp\/v2\/product_cat?post=9360"},{"taxonomy":"product_tag","embeddable":true,"href":"https:\/\/www.museedelaguerre.ca\/boutique\/wp-json\/wp\/v2\/product_tag?post=9360"}],"curies":[{"name":"wp","href":"https:\/\/api.w.org\/{rel}","templated":true}]}}