
{"id":9177,"date":"2016-05-26T15:56:07","date_gmt":"2016-05-26T19:58:53","guid":{"rendered":"https:\/\/www.museedelaguerre.ca\/boutique\/?post_type=product&#038;p=9177"},"modified":"2024-12-03T23:00:21","modified_gmt":"2024-12-04T04:00:21","slug":"un-ciel-meurtrier-guerre-aerienne-1914-1918","status":"publish","type":"product","link":"https:\/\/www.museedelaguerre.ca\/boutique\/produit\/un-ciel-meurtrier-guerre-aerienne-1914-1918\/","title":{"rendered":"Un ciel meurtrier : Guerre a\u00e9rienne, 1914-1918"},"content":{"rendered":"<p><strong>Un ciel meurtrier : Guerre a\u00e9rienne, 1914-1918<\/strong><br \/>\nPar John Maker<\/p>\n<p>Juin 2016, ISBN : 978-0-660-03144-6<br \/>\n112 pages, illustr\u00e9, 15 cm x 15 cm, broch\u00e9<\/p>\n<p>Au-del\u00e0 des combats, d\u00e9couvrez les exp\u00e9riences fascinantes de six personnages, alli\u00e9s et ennemis, qui ont v\u00e9cu la toute premi\u00e8re guerre a\u00e9rienne. Revivez leur aventure alors qu\u2019ils apprennent \u00e0 piloter, recueillent des renseignements sur l\u2019ennemi, participent aux batailles a\u00e9riennes et larguent des bombes.<\/p>\n<p>Cette bande dessin\u00e9e in\u00e9dite suit l\u2019adolescente am\u00e9ricaine Marjorie Stinson, une instructrice de vol; James Moses, un observateur canadien et guerrier de la Conf\u00e9d\u00e9ration des Six-Nations; Maurice Arondel, un a\u00e9rostier fran\u00e7ais chevronn\u00e9; le capitaine Heinrich Mathy, commandant de zeppelin allemand; Manfred von Richthofen, le c\u00e9l\u00e8bre Baron rouge; et Eric Ohman, un pilote de chasse canadien. Leurs exp\u00e9riences vous font mieux conna\u00eetre l\u2019histoire de cette nouvelle forme de combat et ses r\u00e9percussions.<\/p>\n","protected":false},"excerpt":{"rendered":"<p>Par John Maker<\/p>\n<p>Au-del\u00e0 des combats, d\u00e9couvrez les exp\u00e9riences fascinantes de six personnages, alli\u00e9s et ennemis, qui ont v\u00e9cu la toute premi\u00e8re guerre a\u00e9rienne. Revivez leur aventure alors qu\u2019ils apprennent \u00e0 piloter, recueillent des renseignements sur l\u2019ennemi, participent aux batailles a\u00e9riennes, larguent des bombes et subissent les r\u00e9percussions de cette nouvelle forme de combat.<\/p>\n","protected":false},"featured_media":15297,"comment_status":"open","ping_status":"closed","template":"","meta":{"_acf_changed":false},"product_cat":[604,683],"product_tag":[1213],"acf":[],"_links":{"self":[{"href":"https:\/\/www.museedelaguerre.ca\/boutique\/wp-json\/wp\/v2\/product\/9177"}],"collection":[{"href":"https:\/\/www.museedelaguerre.ca\/boutique\/wp-json\/wp\/v2\/product"}],"about":[{"href":"https:\/\/www.museedelaguerre.ca\/boutique\/wp-json\/wp\/v2\/types\/product"}],"replies":[{"embeddable":true,"href":"https:\/\/www.museedelaguerre.ca\/boutique\/wp-json\/wp\/v2\/comments?post=9177"}],"wp:featuredmedia":[{"embeddable":true,"href":"https:\/\/www.museedelaguerre.ca\/boutique\/wp-json\/wp\/v2\/media\/15297"}],"wp:attachment":[{"href":"https:\/\/www.museedelaguerre.ca\/boutique\/wp-json\/wp\/v2\/media?parent=9177"}],"wp:term":[{"taxonomy":"product_cat","embeddable":true,"href":"https:\/\/www.museedelaguerre.ca\/boutique\/wp-json\/wp\/v2\/product_cat?post=9177"},{"taxonomy":"product_tag","embeddable":true,"href":"https:\/\/www.museedelaguerre.ca\/boutique\/wp-json\/wp\/v2\/product_tag?post=9177"}],"curies":[{"name":"wp","href":"https:\/\/api.w.org\/{rel}","templated":true}]}}