
{"id":8947,"date":"2015-12-08T09:29:09","date_gmt":"2015-12-08T14:35:30","guid":{"rendered":"https:\/\/www.museedelaguerre.ca\/boutique\/?post_type=product&#038;p=8947"},"modified":"2024-11-29T23:00:09","modified_gmt":"2024-11-30T04:00:09","slug":"document-fondateur-le-musee-canadien-de-la-guerre","status":"publish","type":"product","link":"https:\/\/www.museedelaguerre.ca\/boutique\/produit\/document-fondateur-le-musee-canadien-de-la-guerre\/","title":{"rendered":"Document fondateur : Le Mus\u00e9e canadien de la guerre"},"content":{"rendered":"<p><strong>Document fondateur\u00a0: Le Mus\u00e9e canadien de la guerre<\/strong><br \/>\npar Raymond Moriyama<\/p>\n<p>d\u00e9cembre 2015, ISBN 978-0-660-03399-0<br \/>\n120 p., 104 illustrations, 24 x 25 cm, broch\u00e9<\/p>\n<p>D\u00e9couvrez la vision architecturale \u00e0 l\u2019origine de l\u2019embl\u00e9matique mus\u00e9e national canadien de l\u2019histoire militaire.<\/p>\n<p>Depuis son ouverture le 8 mai 2005, \u00e0 l\u2019occasion du 60<sup>e<\/sup> anniversaire du jour de la Victoire, le Mus\u00e9e canadien de la guerre est devenu un symbole facilement identifiable. L\u2019\u00e9difice a remport\u00e9 un succ\u00e8s imm\u00e9diat et, au fil du temps, il est devenu une destination pris\u00e9e des Canadiens et des visiteurs qui souhaitent comprendre l\u2019influence de la guerre et de son histoire sur notre pays, tout en s\u2019\u00e9merveillant du symbolisme de cette \u0153uvre architecturale saisissante.<\/p>\n<p>Dans sa remarquable explication des sources d\u2019inspiration qui ont aliment\u00e9 la conception du Mus\u00e9e, l\u2019architecte de renom Raymond Moriyama apporte un \u00e9clairage sur la vision \u00e0 l\u2019origine de chaque \u00e9l\u00e9ment structurel \u2013 du clin d\u2019\u0153il au paysage canadien, aux sons de la nature dans la salle de la R\u00e9g\u00e9n\u00e9ration, en passant par l\u2019axe du soleil \u00e0 11 h le jour du Souvenir. <em>Le Document fondateur<\/em> est une publication de r\u00e9f\u00e9rence incontournable pour la conservation du Mus\u00e9e canadien de la guerre, qui d\u00e9crit le r\u00eave que nourrit Moriyama pour l\u2019avenir de l\u2019\u00e9difice et de son site.<\/p>\n","protected":false},"excerpt":{"rendered":"<p>par Raymond Moriyama<\/p>\n<p>D\u00e9couvrez la vision architecturale qui sous-tend le saisissant mus\u00e9e national canadien de l&#8217;histoire militaire. Depuis son ouverture au public le 8 mai 2005, \u00e0 l&#8217;occasion du 60<sup>e<\/sup> anniversaire du jour de la Victoire, le Mus\u00e9e canadien de la guerre est devenu un symbole reconnu. Dans sa remarquable explication sur les principes de conception du b\u00e2timent, l&#8217;architecte de renom Raymond Moriyama apporte un \u00e9clairage sur la vision qui sous-tend chaque \u00e9l\u00e9ment structurel et confie le r\u00eave qu&#8217;il nourrit pour l&#8217;avenir.<\/p>\n","protected":false},"featured_media":15301,"comment_status":"open","ping_status":"closed","template":"","meta":{"_acf_changed":false},"product_cat":[604,683],"product_tag":[1213],"acf":[],"_links":{"self":[{"href":"https:\/\/www.museedelaguerre.ca\/boutique\/wp-json\/wp\/v2\/product\/8947"}],"collection":[{"href":"https:\/\/www.museedelaguerre.ca\/boutique\/wp-json\/wp\/v2\/product"}],"about":[{"href":"https:\/\/www.museedelaguerre.ca\/boutique\/wp-json\/wp\/v2\/types\/product"}],"replies":[{"embeddable":true,"href":"https:\/\/www.museedelaguerre.ca\/boutique\/wp-json\/wp\/v2\/comments?post=8947"}],"wp:featuredmedia":[{"embeddable":true,"href":"https:\/\/www.museedelaguerre.ca\/boutique\/wp-json\/wp\/v2\/media\/15301"}],"wp:attachment":[{"href":"https:\/\/www.museedelaguerre.ca\/boutique\/wp-json\/wp\/v2\/media?parent=8947"}],"wp:term":[{"taxonomy":"product_cat","embeddable":true,"href":"https:\/\/www.museedelaguerre.ca\/boutique\/wp-json\/wp\/v2\/product_cat?post=8947"},{"taxonomy":"product_tag","embeddable":true,"href":"https:\/\/www.museedelaguerre.ca\/boutique\/wp-json\/wp\/v2\/product_tag?post=8947"}],"curies":[{"name":"wp","href":"https:\/\/api.w.org\/{rel}","templated":true}]}}