
{"id":8691,"date":"2015-06-08T09:21:49","date_gmt":"2015-06-08T13:21:49","guid":{"rendered":"https:\/\/www.warmuseum.ca\/boutique\/product\/la-galerie-lebreton-2\/"},"modified":"2024-12-03T23:00:20","modified_gmt":"2024-12-04T04:00:20","slug":"la-galerie-lebreton","status":"publish","type":"product","link":"https:\/\/www.museedelaguerre.ca\/boutique\/produit\/la-galerie-lebreton\/","title":{"rendered":"La galerie LeBreton : La collection de mat\u00e9riel militaire du Mus\u00e9e canadien de la guerre"},"content":{"rendered":"<p><strong>La galerie LeBreton : La collection de mat\u00e9riel militaire du Mus\u00e9e canadien de la guerre<br \/>\n<\/strong>par Andrew Burtch et Jeff Noakes<\/p>\n<p>f\u00e9vrier 2015, ISBN 978-0-660-97511-5<br \/>\n116 p., 66 illustrations, 15 x 15 cm, broch\u00e9<\/p>\n<p><em>Publi\u00e9 en collaboration avec les Amis du Mus\u00e9e canadien de la guerre<\/em><\/p>\n<p>Faites l\u2019exp\u00e9rience de la galerie LeBreton et de la superbe collection de technologies militaires du Mus\u00e9e canadien de la guerre. Voyez de pr\u00e8s des chars imposants, des pi\u00e8ces d\u2019artillerie et autres machines de guerre. Apprenez-en davantage sur la technologie militaire employ\u00e9e par les Canadiens et leurs ennemis en temps de paix comme en p\u00e9riode de conflit.<\/p>\n<p>Ce catalogue-souvenir pr\u00e9sente toute une gamme de v\u00e9hicules et d\u2019\u00e9quipements dont on a fait usage pendant les guerres au fil des 300 derni\u00e8res ann\u00e9es, dont un avion de chasse Voodoo, des pi\u00e8ces d\u2019artillerie du XIX<sup>e<\/sup> si\u00e8cle, des chars et autres v\u00e9hicules provenant de l\u2019une des plus importantes collections du genre au monde. Ces armements t\u00e9moignent de l\u2019ing\u00e9niosit\u00e9 humaine et de l\u2019intention sous-jacente \u00e0 leur cr\u00e9ation et \u00e0 leur utilisation, tout en laissant percevoir l\u2019exp\u00e9rience de ceux et celles qui ont d\u00fb affronter des ennemis ainsi \u00e9quip\u00e9s sur les champs de bataille.<\/p>\n","protected":false},"excerpt":{"rendered":"<p>par Andrew Burtch et Jeff Noakes<\/p>\n<p>Faites l\u2019exp\u00e9rience de la galerie LeBreton et de la superbe collection de technologies militaires du Mus\u00e9e canadien de la guerre. Voyez de pr\u00e8s des chars imposants, des pi\u00e8ces d\u2019artillerie et autres machines de guerre. Apprenez-en davantage sur la technologie militaire employ\u00e9e par les Canadiens et leurs ennemis en temps de paix comme en p\u00e9riode de conflit.<\/p>\n","protected":false},"featured_media":15310,"comment_status":"open","ping_status":"closed","template":"","meta":{"_acf_changed":false},"product_cat":[604,683],"product_tag":[1289,1213],"acf":[],"_links":{"self":[{"href":"https:\/\/www.museedelaguerre.ca\/boutique\/wp-json\/wp\/v2\/product\/8691"}],"collection":[{"href":"https:\/\/www.museedelaguerre.ca\/boutique\/wp-json\/wp\/v2\/product"}],"about":[{"href":"https:\/\/www.museedelaguerre.ca\/boutique\/wp-json\/wp\/v2\/types\/product"}],"replies":[{"embeddable":true,"href":"https:\/\/www.museedelaguerre.ca\/boutique\/wp-json\/wp\/v2\/comments?post=8691"}],"wp:featuredmedia":[{"embeddable":true,"href":"https:\/\/www.museedelaguerre.ca\/boutique\/wp-json\/wp\/v2\/media\/15310"}],"wp:attachment":[{"href":"https:\/\/www.museedelaguerre.ca\/boutique\/wp-json\/wp\/v2\/media?parent=8691"}],"wp:term":[{"taxonomy":"product_cat","embeddable":true,"href":"https:\/\/www.museedelaguerre.ca\/boutique\/wp-json\/wp\/v2\/product_cat?post=8691"},{"taxonomy":"product_tag","embeddable":true,"href":"https:\/\/www.museedelaguerre.ca\/boutique\/wp-json\/wp\/v2\/product_tag?post=8691"}],"curies":[{"name":"wp","href":"https:\/\/api.w.org\/{rel}","templated":true}]}}