
{"id":8282,"date":"2015-05-01T16:28:00","date_gmt":"2015-01-05T16:28:05","guid":{"rendered":"https:\/\/www.warmuseum.ca\/boutique\/product\/a-brush-with-war-military-art-from-korea-to-afghanistan-2\/"},"modified":"2024-11-29T23:00:12","modified_gmt":"2024-11-30T04:00:12","slug":"a-brush-with-war-military-art-from-korea-to-afghanistan","status":"publish","type":"product","link":"https:\/\/www.museedelaguerre.ca\/boutique\/produit\/a-brush-with-war-military-art-from-korea-to-afghanistan\/","title":{"rendered":"Sur le vif : L\u2019art militaire de la Cor\u00e9e \u00e0 l\u2019Afghanistan"},"content":{"rendered":"<p><strong>Sur le vif\u00a0: L\u2019art militaire de la Cor\u00e9e \u00e0 l\u2019Afghanistan<\/strong><br \/>\npar Laura Brandon et Glenn Ogden<\/p>\n<p>2009, ISBN 978-0-660-97317-3<br \/>\n74 p., 34 illustrations, 20 x 22 cm, broch\u00e9<\/p>\n<p>L\u2019exposition <strong>Sur le vif \u2013 L\u2019art militaire de la Cor\u00e9e \u00e0 l\u2019Afghanistan<\/strong> r\u00e9v\u00e8le la passionnante transformation en cours de l\u2019art militaire canadien \u00e0 travers 30 \u0153uvres s\u00e9lectionn\u00e9es offrant un puissant t\u00e9moignage visuel de l\u2019exp\u00e9rience militaire canadienne de 1946 \u00e0 2008. Ce guide d\u2019exposition en couleur montre comment les deux programmes canadiens d\u2019art officiel post\u00e9rieurs \u00e0 la Seconde Guerre mondiale ont permis \u00e0 des artistes canadiens de repousser les fronti\u00e8res de l\u2019art militaire canadien dans des directions diverses et importantes, pr\u00e9sentant notamment des r\u00e9actions hautement personnelles aux r\u00e9alit\u00e9s complexes des op\u00e9rations militaires du Canada \u00e0 l\u2019\u00e9tranger.<\/p>\n","protected":false},"excerpt":{"rendered":"<p>par Laura Brandon et Glenn Ogden<\/p>\n<p>Ce guide en couleur offre un puissant t\u00e9moignage visuel de l\u2019exp\u00e9rience militaire canadienne de 1946 \u00e0 2008, et montre comment des artistes canadiens repoussent les fronti\u00e8res de l\u2019art militaire canadien dans des directions diverses et importantes.<\/p>\n","protected":false},"featured_media":15340,"comment_status":"open","ping_status":"closed","template":"","meta":{"_acf_changed":false},"product_cat":[683],"product_tag":[1213],"acf":[],"_links":{"self":[{"href":"https:\/\/www.museedelaguerre.ca\/boutique\/wp-json\/wp\/v2\/product\/8282"}],"collection":[{"href":"https:\/\/www.museedelaguerre.ca\/boutique\/wp-json\/wp\/v2\/product"}],"about":[{"href":"https:\/\/www.museedelaguerre.ca\/boutique\/wp-json\/wp\/v2\/types\/product"}],"replies":[{"embeddable":true,"href":"https:\/\/www.museedelaguerre.ca\/boutique\/wp-json\/wp\/v2\/comments?post=8282"}],"wp:featuredmedia":[{"embeddable":true,"href":"https:\/\/www.museedelaguerre.ca\/boutique\/wp-json\/wp\/v2\/media\/15340"}],"wp:attachment":[{"href":"https:\/\/www.museedelaguerre.ca\/boutique\/wp-json\/wp\/v2\/media?parent=8282"}],"wp:term":[{"taxonomy":"product_cat","embeddable":true,"href":"https:\/\/www.museedelaguerre.ca\/boutique\/wp-json\/wp\/v2\/product_cat?post=8282"},{"taxonomy":"product_tag","embeddable":true,"href":"https:\/\/www.museedelaguerre.ca\/boutique\/wp-json\/wp\/v2\/product_tag?post=8282"}],"curies":[{"name":"wp","href":"https:\/\/api.w.org\/{rel}","templated":true}]}}