
{"id":8142,"date":"2015-05-01T16:32:00","date_gmt":"2015-01-05T16:32:25","guid":{"rendered":"https:\/\/www.warmuseum.ca\/boutique\/product\/peace-the-exibition-peace-the-exibition-2\/"},"modified":"2024-12-03T23:00:20","modified_gmt":"2024-12-04T04:00:20","slug":"peace-the-exibition-peace-the-exibition","status":"publish","type":"product","link":"https:\/\/www.museedelaguerre.ca\/boutique\/produit\/peace-the-exibition-peace-the-exibition\/","title":{"rendered":"Paix : L&#8217;exposition"},"content":{"rendered":"<p><strong>Paix\u00a0: L\u2019exposition<br \/>\n<\/strong>par Amber Lloydlangston et Kathryn Lyons<\/p>\n<p>mai 2013, ISBN 978-0-660-97455-2<br \/>\n112 p., 52 illustrations, 15 x 15 cm, broch\u00e9<\/p>\n<p>Le Canada a \u00e9t\u00e9 fa\u00e7onn\u00e9 par des gens qui ont \u0153uvr\u00e9 pour la d\u00e9fense de la paix : ils ont agi \u00e0 titre de n\u00e9gociateurs comp\u00e9tents, ont fourni de l\u2019aide humanitaire, ont pris les armes ou ont manifest\u00e9 contre la guerre et l\u2019armement. <strong>Paix \u2013 L\u2019exposition<\/strong> constitue la premi\u00e8re grande exposition consacr\u00e9e aux nombreux moyens utilis\u00e9s par les Canadiens pour se porter \u00e0 la d\u00e9fense de la paix. Elle regroupe plus de 300 artefacts uniques et remarquables qui illustrent 12 \u00e9pisodes historiques et invite les visiteurs \u00e0 ajouter leur voix au concert pour la paix.<\/p>\n<p>Ce catalogue-souvenir pr\u00e9sente la riche histoire de la paix au Canada \u00e0 partir de quelque 50 illustrations, accompagn\u00e9es d\u2019une chronologie des \u00e9pisodes cl\u00e9s. Il invite tous les Canadiens \u00e0 mieux comprendre la paix, puissant moteur d\u2019action et de changement de notre pass\u00e9. Une histoire qui se poursuit encore aujourd\u2019hui.<\/p>\n","protected":false},"excerpt":{"rendered":"<p>par Amber Lloydlangston et Kathryn Lyons<\/p>\n<p>Ce catalogue-souvenir pr\u00e9sente la riche histoire de la paix au Canada \u00e0 partir de quelque 50 illustrations, accompagn\u00e9es d\u2019une chronologie des \u00e9pisodes cl\u00e9s. Il invite tous les Canadiens \u00e0 mieux comprendre la paix, puissant moteur d\u2019action et de changement de notre pass\u00e9. Une histoire qui se poursuit encore aujourd\u2019hui.<\/p>\n","protected":false},"featured_media":15324,"comment_status":"open","ping_status":"closed","template":"","meta":{"_acf_changed":false},"product_cat":[604,683],"product_tag":[1213],"acf":[],"_links":{"self":[{"href":"https:\/\/www.museedelaguerre.ca\/boutique\/wp-json\/wp\/v2\/product\/8142"}],"collection":[{"href":"https:\/\/www.museedelaguerre.ca\/boutique\/wp-json\/wp\/v2\/product"}],"about":[{"href":"https:\/\/www.museedelaguerre.ca\/boutique\/wp-json\/wp\/v2\/types\/product"}],"replies":[{"embeddable":true,"href":"https:\/\/www.museedelaguerre.ca\/boutique\/wp-json\/wp\/v2\/comments?post=8142"}],"wp:featuredmedia":[{"embeddable":true,"href":"https:\/\/www.museedelaguerre.ca\/boutique\/wp-json\/wp\/v2\/media\/15324"}],"wp:attachment":[{"href":"https:\/\/www.museedelaguerre.ca\/boutique\/wp-json\/wp\/v2\/media?parent=8142"}],"wp:term":[{"taxonomy":"product_cat","embeddable":true,"href":"https:\/\/www.museedelaguerre.ca\/boutique\/wp-json\/wp\/v2\/product_cat?post=8142"},{"taxonomy":"product_tag","embeddable":true,"href":"https:\/\/www.museedelaguerre.ca\/boutique\/wp-json\/wp\/v2\/product_tag?post=8142"}],"curies":[{"name":"wp","href":"https:\/\/api.w.org\/{rel}","templated":true}]}}