
{"id":6058,"date":"2015-05-02T16:37:00","date_gmt":"2015-01-05T16:37:31","guid":{"rendered":"https:\/\/www.warmuseum.ca\/boutique\/product\/witness-2\/"},"modified":"2024-12-03T23:00:20","modified_gmt":"2024-12-04T04:00:20","slug":"witness","status":"publish","type":"product","link":"https:\/\/www.museedelaguerre.ca\/boutique\/produit\/witness\/","title":{"rendered":"T\u00e9moin : Art canadien de la Premi\u00e8re Guerre mondiale"},"content":{"rendered":"<p><strong>T\u00e9moin\u00a0: Art canadien de la Premi\u00e8re Guerre mondiale<br \/>\n<\/strong>par Amber Lloydlangston et Laura Brandon<\/p>\n<p>avril 2014, ISBN 978-0-660-97472-9<br \/>\n120 p., 56 illustrations, 15 x 15 cm, broch\u00e9<\/p>\n<p>Qu\u2019il s\u2019agisse d\u2019immenses toiles peintes par des artistes de guerre officiels ou de petites esquisses ex\u00e9cut\u00e9es par des soldats \u00e0 titre personnel, <em>T\u00e9moin\u00a0: Art canadien de la Premi\u00e8re Guerre mondiale <\/em>propose de jeter un regard sur la transformation d\u2019exp\u00e9riences de guerre v\u00e9cues par des Canadiens, au pays comme \u00e0 l\u2019\u00e9tranger, en \u0153uvres d\u2019art.<\/p>\n<p>Ce catalogue-souvenir en couleurs pr\u00e9sente 56 peintures, aquarelles, estampes et croquis r\u00e9alis\u00e9s par 52 artistes. Comme au moment de leur cr\u00e9ation, ces \u0153uvres nous aident \u00e0 comprendre et \u00e0 appr\u00e9cier \u00e0 leur juste valeur le r\u00f4le in\u00e9dit jou\u00e9 par les Canadiens de 1914 \u00e0 1918 et les sacrifices sans pr\u00e9c\u00e9dent qu\u2019ils ont consentis.<\/p>\n","protected":false},"excerpt":{"rendered":"<p>par Amber Lloydlangston et Laura Brandon<\/p>\n<p>Ce catalogue-souvenir en couleurs pr\u00e9sente 56 peintures, aquarelles, estampes et croquis r\u00e9alis\u00e9s par 52 artistes. Comme au moment de leur cr\u00e9ation, ces \u0153uvres nous aident \u00e0 comprendre et \u00e0 appr\u00e9cier \u00e0 leur juste valeur le r\u00f4le in\u00e9dit jou\u00e9 par les Canadiens de 1914 \u00e0 1918 et les sacrifices sans pr\u00e9c\u00e9dent qu\u2019ils ont consentis.<\/p>\n","protected":false},"featured_media":15314,"comment_status":"open","ping_status":"closed","template":"","meta":{"_acf_changed":false},"product_cat":[604,683],"product_tag":[1213],"acf":[],"_links":{"self":[{"href":"https:\/\/www.museedelaguerre.ca\/boutique\/wp-json\/wp\/v2\/product\/6058"}],"collection":[{"href":"https:\/\/www.museedelaguerre.ca\/boutique\/wp-json\/wp\/v2\/product"}],"about":[{"href":"https:\/\/www.museedelaguerre.ca\/boutique\/wp-json\/wp\/v2\/types\/product"}],"replies":[{"embeddable":true,"href":"https:\/\/www.museedelaguerre.ca\/boutique\/wp-json\/wp\/v2\/comments?post=6058"}],"wp:featuredmedia":[{"embeddable":true,"href":"https:\/\/www.museedelaguerre.ca\/boutique\/wp-json\/wp\/v2\/media\/15314"}],"wp:attachment":[{"href":"https:\/\/www.museedelaguerre.ca\/boutique\/wp-json\/wp\/v2\/media?parent=6058"}],"wp:term":[{"taxonomy":"product_cat","embeddable":true,"href":"https:\/\/www.museedelaguerre.ca\/boutique\/wp-json\/wp\/v2\/product_cat?post=6058"},{"taxonomy":"product_tag","embeddable":true,"href":"https:\/\/www.museedelaguerre.ca\/boutique\/wp-json\/wp\/v2\/product_tag?post=6058"}],"curies":[{"name":"wp","href":"https:\/\/api.w.org\/{rel}","templated":true}]}}