
{"id":6056,"date":"2015-05-01T16:37:00","date_gmt":"2015-01-05T16:37:31","guid":{"rendered":"https:\/\/www.warmuseum.ca\/boutique\/product\/transformations-eng-2\/"},"modified":"2024-12-03T23:00:19","modified_gmt":"2024-12-04T04:00:19","slug":"transformations-eng","status":"publish","type":"product","link":"https:\/\/www.museedelaguerre.ca\/boutique\/produit\/transformations-eng\/","title":{"rendered":"Transformations : A. Y. Jackson et Otto Dix"},"content":{"rendered":"<p><strong>Transformations\u00a0: A. Y. Jackson et Otto Dix<br \/>\n<\/strong>par Laura Brandon<\/p>\n<p>avril 2014, ISBN 978-0-660-97471-2<br \/>\n120 p., 50 illustrations, 15 x 15 cm, broch\u00e9<\/p>\n<p>Soldats durant la Premi\u00e8re Guerre mondiale, A. Y. Jackson, peintre du Groupe des Sept, et Otto Dix, artiste allemand, ont fait figurer dans leur art paysager d\u2019apr\u00e8s-guerre les atrocit\u00e9s dont ils ont \u00e9t\u00e9 t\u00e9moins sur les champs de bataille. <em>Transformations\u00a0: A. Y. Jackson et Otto Dix<\/em> illustre comment les souvenirs de carnage qu\u2019ils ont rapport\u00e9s du front sont une source d\u2019inspiration pour les deux artistes. Ils ont ainsi cr\u00e9\u00e9 des \u0153uvres \u00e9voquant avec tristesse la port\u00e9e de ce conflit et mettant en \u00e9vidence l\u2019\u00e9volution des identit\u00e9s canadienne et allemande apr\u00e8s la guerre.<\/p>\n<p>Divis\u00e9 en cinq chapitres suivant un d\u00e9roulement chronologique \u2013 du d\u00e9but de leur vie d\u2019artiste \u00e0 leur d\u00e9c\u00e8s \u2013 ce catalogue-souvenir relate les r\u00e9percussions de la Premi\u00e8re Guerre mondiale sur la carri\u00e8re de Jackson et Dix. Il comprend 44 illustrations couleur montrant peintures, gravures et dessins de paysage, dont certains n\u2019ont jamais \u00e9t\u00e9 expos\u00e9s au Canada.<\/p>\n","protected":false},"excerpt":{"rendered":"<p>par Laura Brandon<\/p>\n<p>Soldats durant la Premi\u00e8re Guerre mondiale, A. Y. Jackson, peintre du Groupe des Sept, et Otto Dix, artiste allemand, ont fait figurer dans leur art paysager d\u2019apr\u00e8s-guerre les atrocit\u00e9s dont ils ont \u00e9t\u00e9 t\u00e9moins sur les champs de bataille. Ce catalogue-souvenir relate les r\u00e9percussions de la Premi\u00e8re Guerre mondiale sur la carri\u00e8re de Jackson et Dix. Il comprend 44 illustrations couleur montrant peintures, gravures et dessins de paysage, dont certains n\u2019ont jamais \u00e9t\u00e9 expos\u00e9s au Canada.<\/p>\n","protected":false},"featured_media":15320,"comment_status":"open","ping_status":"closed","template":"","meta":{"_acf_changed":false},"product_cat":[604,683],"product_tag":[1213],"acf":[],"_links":{"self":[{"href":"https:\/\/www.museedelaguerre.ca\/boutique\/wp-json\/wp\/v2\/product\/6056"}],"collection":[{"href":"https:\/\/www.museedelaguerre.ca\/boutique\/wp-json\/wp\/v2\/product"}],"about":[{"href":"https:\/\/www.museedelaguerre.ca\/boutique\/wp-json\/wp\/v2\/types\/product"}],"replies":[{"embeddable":true,"href":"https:\/\/www.museedelaguerre.ca\/boutique\/wp-json\/wp\/v2\/comments?post=6056"}],"wp:featuredmedia":[{"embeddable":true,"href":"https:\/\/www.museedelaguerre.ca\/boutique\/wp-json\/wp\/v2\/media\/15320"}],"wp:attachment":[{"href":"https:\/\/www.museedelaguerre.ca\/boutique\/wp-json\/wp\/v2\/media?parent=6056"}],"wp:term":[{"taxonomy":"product_cat","embeddable":true,"href":"https:\/\/www.museedelaguerre.ca\/boutique\/wp-json\/wp\/v2\/product_cat?post=6056"},{"taxonomy":"product_tag","embeddable":true,"href":"https:\/\/www.museedelaguerre.ca\/boutique\/wp-json\/wp\/v2\/product_tag?post=6056"}],"curies":[{"name":"wp","href":"https:\/\/api.w.org\/{rel}","templated":true}]}}