
{"id":6050,"date":"2015-05-02T16:00:00","date_gmt":"2015-01-05T16:37:35","guid":{"rendered":"https:\/\/www.warmuseum.ca\/boutique\/product\/fighting-in-flanders-2\/"},"modified":"2024-12-03T23:00:20","modified_gmt":"2024-12-04T04:00:20","slug":"fighting-in-flanders","status":"publish","type":"product","link":"https:\/\/www.museedelaguerre.ca\/boutique\/produit\/fighting-in-flanders\/","title":{"rendered":"Se battre en Flandre : Gaz. Boue. M\u00e9moire."},"content":{"rendered":"<p><strong>Se battre en Flandre\u00a0: Gaz. Boue. M\u00e9moire.<\/strong><br \/>\npar M\u00e9lanie Morin-Pelletier<\/p>\n<p>novembre 2014, ISBN 978-0-660-97508-5<br \/>\n108 p., 61 illustrations, 15 x 15 cm, broch\u00e9<\/p>\n<p>D\u00e8s l\u2019amorce de la Premi\u00e8re Guerre mondiale, presque toute la Belgique a \u00e9t\u00e9 occup\u00e9e par les forces allemandes. <em>Se battre en Flandre<\/em> explore comment les Canadiens en Belgique ont d\u00fb s\u2019adapter \u00e0 ces d\u00e9fis de taille \u2013 de la premi\u00e8re utilisation de gaz toxiques lors de la deuxi\u00e8me bataille d\u2019Ypres \u00e0 la boue infernale de Passchendaele.<\/p>\n<p>Ce catalogue-souvenir pr\u00e9sente le c\u00e9l\u00e8bre po\u00e8me <em>In Flanders Fields<\/em>, de John McCrae, et examine comment la m\u00e9moire collective des Canadiens et des Belges a \u00e9volu\u00e9 au cours des 100 derni\u00e8res ann\u00e9es.<\/p>\n","protected":false},"excerpt":{"rendered":"<p>par M\u00e9lanie Morin-Pelletier<\/p>\n<p>D\u00e8s l\u2019amorce de la Premi\u00e8re Guerre mondiale, presque toute la Belgique a \u00e9t\u00e9 occup\u00e9e par les forces allemandes. Ce catalogue-souvenir explore comment les Canadiens en Belgique ont d\u00fb s\u2019adapter \u00e0 ces d\u00e9fis de taille \u2013 de la premi\u00e8re utilisation de gaz toxiques lors de la deuxi\u00e8me bataille d\u2019Ypres \u00e0 la boue infernale de Passchendaele.<\/p>\n","protected":false},"featured_media":15318,"comment_status":"open","ping_status":"closed","template":"","meta":{"_acf_changed":false},"product_cat":[604,683],"product_tag":[1213],"acf":[],"_links":{"self":[{"href":"https:\/\/www.museedelaguerre.ca\/boutique\/wp-json\/wp\/v2\/product\/6050"}],"collection":[{"href":"https:\/\/www.museedelaguerre.ca\/boutique\/wp-json\/wp\/v2\/product"}],"about":[{"href":"https:\/\/www.museedelaguerre.ca\/boutique\/wp-json\/wp\/v2\/types\/product"}],"replies":[{"embeddable":true,"href":"https:\/\/www.museedelaguerre.ca\/boutique\/wp-json\/wp\/v2\/comments?post=6050"}],"wp:featuredmedia":[{"embeddable":true,"href":"https:\/\/www.museedelaguerre.ca\/boutique\/wp-json\/wp\/v2\/media\/15318"}],"wp:attachment":[{"href":"https:\/\/www.museedelaguerre.ca\/boutique\/wp-json\/wp\/v2\/media?parent=6050"}],"wp:term":[{"taxonomy":"product_cat","embeddable":true,"href":"https:\/\/www.museedelaguerre.ca\/boutique\/wp-json\/wp\/v2\/product_cat?post=6050"},{"taxonomy":"product_tag","embeddable":true,"href":"https:\/\/www.museedelaguerre.ca\/boutique\/wp-json\/wp\/v2\/product_tag?post=6050"}],"curies":[{"name":"wp","href":"https:\/\/api.w.org\/{rel}","templated":true}]}}