
{"id":19615,"date":"2026-01-22T10:27:40","date_gmt":"2026-01-22T18:13:45","guid":{"rendered":"https:\/\/www.warmuseum.ca\/boutique\/?post_type=product&#038;p=19615"},"modified":"2026-01-23T09:12:56","modified_gmt":"2026-01-23T14:12:56","slug":"autocollants-de-la-collection-du-musee-canadien-de-la-guerre","status":"publish","type":"product","link":"https:\/\/www.museedelaguerre.ca\/boutique\/produit\/autocollants-de-la-collection-du-musee-canadien-de-la-guerre\/","title":{"rendered":"Autocollants de la collection du Mus\u00e9e canadien de la guerre"},"content":{"rendered":"","protected":false},"excerpt":{"rendered":"<p>Collectionnez ces 8 autocollants repr\u00e9sentant des v\u00e9hicules issus de la collection du Mus\u00e9e canadien de la guerre ! Mettant en vedette des machines embl\u00e9matiques de la terre, de l\u2019air et de la mer, chacun met en valeur l\u2019histoire militaire du Canada. Parfaits pour d\u00e9corer des cahiers, des ordinateurs portables ou des objets personnels.<\/p>\n<ul>\n<li>Autocollants imperm\u00e9ables de haute qualit\u00e9<\/li>\n<li>Chaque autocollant est vendu s\u00e9par\u00e9ment<\/li>\n<li>Fait au Canada<\/li>\n<\/ul>\n","protected":false},"featured_media":19627,"comment_status":"open","ping_status":"closed","template":"","meta":{"_acf_changed":false},"product_cat":[1260,1228,995],"product_tag":[1213],"acf":[],"_links":{"self":[{"href":"https:\/\/www.museedelaguerre.ca\/boutique\/wp-json\/wp\/v2\/product\/19615"}],"collection":[{"href":"https:\/\/www.museedelaguerre.ca\/boutique\/wp-json\/wp\/v2\/product"}],"about":[{"href":"https:\/\/www.museedelaguerre.ca\/boutique\/wp-json\/wp\/v2\/types\/product"}],"replies":[{"embeddable":true,"href":"https:\/\/www.museedelaguerre.ca\/boutique\/wp-json\/wp\/v2\/comments?post=19615"}],"wp:featuredmedia":[{"embeddable":true,"href":"https:\/\/www.museedelaguerre.ca\/boutique\/wp-json\/wp\/v2\/media\/19627"}],"wp:attachment":[{"href":"https:\/\/www.museedelaguerre.ca\/boutique\/wp-json\/wp\/v2\/media?parent=19615"}],"wp:term":[{"taxonomy":"product_cat","embeddable":true,"href":"https:\/\/www.museedelaguerre.ca\/boutique\/wp-json\/wp\/v2\/product_cat?post=19615"},{"taxonomy":"product_tag","embeddable":true,"href":"https:\/\/www.museedelaguerre.ca\/boutique\/wp-json\/wp\/v2\/product_tag?post=19615"}],"curies":[{"name":"wp","href":"https:\/\/api.w.org\/{rel}","templated":true}]}}