
{"id":19486,"date":"2025-12-24T08:14:23","date_gmt":"2025-12-24T13:14:24","guid":{"rendered":"https:\/\/www.warmuseum.ca\/boutique\/?post_type=product&#038;p=19486"},"modified":"2025-12-24T08:21:26","modified_gmt":"2025-12-24T13:21:26","slug":"casse-tete-de-1000-pieces-chars-de-la-deuxieme-guerre-mondiale","status":"publish","type":"product","link":"https:\/\/www.museedelaguerre.ca\/boutique\/produit\/casse-tete-de-1000-pieces-chars-de-la-deuxieme-guerre-mondiale\/","title":{"rendered":"Casse-t\u00eate de 1000 pi\u00e8ces Chars de la Deuxi\u00e8me Guerre mondiale"},"content":{"rendered":"","protected":false},"excerpt":{"rendered":"<p data-start=\"53\" data-end=\"203\">Un aper\u00e7u complet des chars de la Deuxi\u00e8me Guerre mondiale et des v\u00e9hicules qui nous ont men\u00e9s dans l\u2019une des plus grandes guerres de l\u2019histoire.<\/p>\n<ul>\n<li data-start=\"205\" data-end=\"334\">Casse-t\u00eate de 1000 pi\u00e8ces<\/li>\n<li data-start=\"205\" data-end=\"334\">Dimensions de la bo\u00eete : 10&#8243; x 14&#8243; x 2,37&#8243;<\/li>\n<li data-start=\"205\" data-end=\"334\">Dimensions du casse-t\u00eate assembl\u00e9 : 19,25&#8243; x 26,5&#8243;<\/li>\n<\/ul>\n","protected":false},"featured_media":19488,"comment_status":"open","ping_status":"closed","template":"","meta":{"_acf_changed":false},"product_cat":[1260,1184,1226],"product_tag":[],"acf":[],"_links":{"self":[{"href":"https:\/\/www.museedelaguerre.ca\/boutique\/wp-json\/wp\/v2\/product\/19486"}],"collection":[{"href":"https:\/\/www.museedelaguerre.ca\/boutique\/wp-json\/wp\/v2\/product"}],"about":[{"href":"https:\/\/www.museedelaguerre.ca\/boutique\/wp-json\/wp\/v2\/types\/product"}],"replies":[{"embeddable":true,"href":"https:\/\/www.museedelaguerre.ca\/boutique\/wp-json\/wp\/v2\/comments?post=19486"}],"wp:featuredmedia":[{"embeddable":true,"href":"https:\/\/www.museedelaguerre.ca\/boutique\/wp-json\/wp\/v2\/media\/19488"}],"wp:attachment":[{"href":"https:\/\/www.museedelaguerre.ca\/boutique\/wp-json\/wp\/v2\/media?parent=19486"}],"wp:term":[{"taxonomy":"product_cat","embeddable":true,"href":"https:\/\/www.museedelaguerre.ca\/boutique\/wp-json\/wp\/v2\/product_cat?post=19486"},{"taxonomy":"product_tag","embeddable":true,"href":"https:\/\/www.museedelaguerre.ca\/boutique\/wp-json\/wp\/v2\/product_tag?post=19486"}],"curies":[{"name":"wp","href":"https:\/\/api.w.org\/{rel}","templated":true}]}}