
{"id":19066,"date":"2026-01-06T10:27:39","date_gmt":"2025-10-21T18:43:39","guid":{"rendered":"https:\/\/www.warmuseum.ca\/boutique\/?post_type=product&#038;p=19066"},"modified":"2025-10-21T15:05:05","modified_gmt":"2025-10-21T19:05:05","slug":"the-good-allies-par-tim-cook","status":"publish","type":"product","link":"https:\/\/www.museedelaguerre.ca\/boutique\/produit\/the-good-allies-par-tim-cook\/","title":{"rendered":"The Good Allies par Tim Cook"},"content":{"rendered":"<p><strong>The Good Allies: How Canada and the United States Fought Together to Defeat Fascism during the Second World War<\/strong><\/p>\n<ul>\n<li><strong>Auteur :<\/strong> Tim Cook<\/li>\n<li><strong>Format :<\/strong> Livre \u00e0 couverture rigide<\/li>\n<li><strong>Nombre de pages :<\/strong> 576<\/li>\n<li><strong>ISBN :<\/strong> 9780735248229<\/li>\n<\/ul>\n<p>Lorsque la Seconde Guerre mondiale \u00e9clata en 1939, elle d\u00e9clencha une lutte meurtri\u00e8re entre les puissances de l&#8217;Axe et les Alli\u00e9s, mais aussi des n\u00e9gociations tendues entre ces derniers. Sur des questions de diplomatie, de politique \u00e9conomique, de puissance industrielle, de capacit\u00e9s militaires et m\u00eame de souverainet\u00e9 nationale, des milliers de vies et le sort du monde libre d\u00e9pendaient d&#8217;accords secrets et de compromis d\u00e9sesp\u00e9r\u00e9s entre soldats, diplomates et dirigeants.<\/p>\n<p>En Am\u00e9rique du Nord, le Canada et les \u00c9tats-Unis s&#8217;efforc\u00e8rent de forger une nouvelle alliance militaire pour prot\u00e9ger leurs c\u00f4tes et repousser les sous-marins allemands et la menace d&#8217;une invasion japonaise. Les \u00e9conomies de guerre furent \u00e9troitement li\u00e9es pour produire une contribution colossale en armes afin de maintenir la Grande-Bretagne et ses autres alli\u00e9s dans la guerre. La d\u00e9fense de l&#8217;Am\u00e9rique du Nord contre les menaces ennemies \u00e9tait essentielle avant que les \u00c9tats-Unis et le Canada puissent envoyer des arm\u00e9es de terre, des marines et des forces a\u00e9riennes outre-mer.<\/p>\n<p>Avec son style caract\u00e9ristique, Tim Cook s&#8217;appuie sur des t\u00e9moignages oculaires pour mettre \u00e0 nu avec vivacit\u00e9 la brutalit\u00e9 des combats et le courage des Nord-Am\u00e9ricains sous le feu ennemi. Derri\u00e8re les lignes de front, les communications charg\u00e9es et souvent secr\u00e8tes entre les dirigeants nationaux Churchill, Roosevelt et King r\u00e9v\u00e8lent comment leurs personnalit\u00e9s ont fa\u00e7onn\u00e9 l&#8217;issue de la guerre la plus destructrice de l&#8217;histoire, le sort de l&#8217;Empire britannique et l&#8217;alliance nord-am\u00e9ricaine qui perdure encore aujourd&#8217;hui.<\/p>\n<p>The Good Allies est un r\u00e9cit magistral de la transition des Canadiens et des Am\u00e9ricains, passant de rivaux m\u00e9fiants \u00e0 alli\u00e9s ind\u00e9fectibles, et de la prosp\u00e9rit\u00e9 du Canada \u00e0 l&#8217;ombre de la superpuissance militaire et mondiale. En explorant cette dimension complexe et cruciale de la Seconde Guerre mondiale et de son h\u00e9ritage, Cook raconte l&#8217;histoire de la coop\u00e9ration, du sacrifice et de l&#8217;union de deux nations pour sauver le monde de la menace fasciste.<\/p>\n","protected":false},"excerpt":{"rendered":"<p>Par le plus important historien de guerre de notre pays, un r\u00e9cit captivant des relations tumultueuses entre le Canada et les \u00c9tats-Unis pendant la Seconde Guerre mondiale. Les deux nations sont entr\u00e9es en guerre dans un climat de rivalit\u00e9 et de suspicion mutuelle, mais ont appris \u00e0 combattre ensemble avant d&#8217;en sortir triomphantes et li\u00e9es par une alliance qui perdure encore aujourd&#8217;hui.<\/p>\n<p>*Ce livre est seulement disponible en anglais.<\/p>\n","protected":false},"featured_media":19068,"comment_status":"open","ping_status":"closed","template":"","meta":{"_acf_changed":false},"product_cat":[1260,604,1195],"product_tag":[1213],"acf":[],"_links":{"self":[{"href":"https:\/\/www.museedelaguerre.ca\/boutique\/wp-json\/wp\/v2\/product\/19066"}],"collection":[{"href":"https:\/\/www.museedelaguerre.ca\/boutique\/wp-json\/wp\/v2\/product"}],"about":[{"href":"https:\/\/www.museedelaguerre.ca\/boutique\/wp-json\/wp\/v2\/types\/product"}],"replies":[{"embeddable":true,"href":"https:\/\/www.museedelaguerre.ca\/boutique\/wp-json\/wp\/v2\/comments?post=19066"}],"wp:featuredmedia":[{"embeddable":true,"href":"https:\/\/www.museedelaguerre.ca\/boutique\/wp-json\/wp\/v2\/media\/19068"}],"wp:attachment":[{"href":"https:\/\/www.museedelaguerre.ca\/boutique\/wp-json\/wp\/v2\/media?parent=19066"}],"wp:term":[{"taxonomy":"product_cat","embeddable":true,"href":"https:\/\/www.museedelaguerre.ca\/boutique\/wp-json\/wp\/v2\/product_cat?post=19066"},{"taxonomy":"product_tag","embeddable":true,"href":"https:\/\/www.museedelaguerre.ca\/boutique\/wp-json\/wp\/v2\/product_tag?post=19066"}],"curies":[{"name":"wp","href":"https:\/\/api.w.org\/{rel}","templated":true}]}}