
{"id":18833,"date":"2025-08-24T15:05:27","date_gmt":"2025-09-02T19:05:28","guid":{"rendered":"https:\/\/www.warmuseum.ca\/boutique\/?post_type=product&#038;p=18833"},"modified":"2025-11-28T17:03:16","modified_gmt":"2025-11-28T22:03:16","slug":"maquette-en-metal-char-dassaut-panzer-iv","status":"publish","type":"product","link":"https:\/\/www.museedelaguerre.ca\/boutique\/produit\/maquette-en-metal-char-dassaut-panzer-iv\/","title":{"rendered":"Maquette en m\u00e9tal &#8211; Char d\u2019assaut Panzer IV"},"content":{"rendered":"<p>Ce char d\u2019assaut allemand de la Seconde Guerre mondiale \u00e9tait dot\u00e9 d&#8217;une tourelle plus large, con\u00e7ue pour le combat entre chars. Plus de 8 000 chars Panzer IV furent produits pendant la guerre, repr\u00e9sentant environ la moiti\u00e9 des forces blind\u00e9es allemandes sur le front occidental.<\/p>\n","protected":false},"excerpt":{"rendered":"<p>Metal Earth est fabriqu\u00e9 \u00e0 partir de t\u00f4les d&#8217;acier de haute qualit\u00e9. Chaque mod\u00e8le pr\u00e9sente des d\u00e9tails \u00e9tonnants, avec des pi\u00e8ces d\u00e9coup\u00e9es dans une ou plusieurs t\u00f4les carr\u00e9es de 10 cm. Des instructions faciles \u00e0 suivre sont fournies avec chaque kit et ne n\u00e9cessitent ni colle ni soudure! Il suffit de d\u00e9couper les pi\u00e8ces et de plier les languettes aux points de connexion correspondants.<\/p>\n<ul>\n<li>Mod\u00e8le : Char d\u2019assaut Panzer IV<\/li>\n<li>Nombre de feuilles d&#8217;acier : 3<\/li>\n<li>Difficult\u00e9 : Avanc\u00e9<\/li>\n<li>Dimensions assembl\u00e9 : <span class=\"label\">5.51&#8243; L x 2.52&#8243; W x 2.36&#8243; H (14 L x 6.4 W x 6 H cm)<\/span><\/li>\n<li>\u00c2ge\u00a0: 14 ans et plus<\/li>\n<\/ul>\n","protected":false},"featured_media":18835,"comment_status":"open","ping_status":"closed","template":"","meta":{"_acf_changed":false},"product_cat":[1295,1184],"product_tag":[1242,1291],"acf":[],"_links":{"self":[{"href":"https:\/\/www.museedelaguerre.ca\/boutique\/wp-json\/wp\/v2\/product\/18833"}],"collection":[{"href":"https:\/\/www.museedelaguerre.ca\/boutique\/wp-json\/wp\/v2\/product"}],"about":[{"href":"https:\/\/www.museedelaguerre.ca\/boutique\/wp-json\/wp\/v2\/types\/product"}],"replies":[{"embeddable":true,"href":"https:\/\/www.museedelaguerre.ca\/boutique\/wp-json\/wp\/v2\/comments?post=18833"}],"wp:featuredmedia":[{"embeddable":true,"href":"https:\/\/www.museedelaguerre.ca\/boutique\/wp-json\/wp\/v2\/media\/18835"}],"wp:attachment":[{"href":"https:\/\/www.museedelaguerre.ca\/boutique\/wp-json\/wp\/v2\/media?parent=18833"}],"wp:term":[{"taxonomy":"product_cat","embeddable":true,"href":"https:\/\/www.museedelaguerre.ca\/boutique\/wp-json\/wp\/v2\/product_cat?post=18833"},{"taxonomy":"product_tag","embeddable":true,"href":"https:\/\/www.museedelaguerre.ca\/boutique\/wp-json\/wp\/v2\/product_tag?post=18833"}],"curies":[{"name":"wp","href":"https:\/\/api.w.org\/{rel}","templated":true}]}}