
{"id":18825,"date":"2025-09-04T09:40:51","date_gmt":"2025-09-02T18:13:52","guid":{"rendered":"https:\/\/www.warmuseum.ca\/boutique\/?post_type=product&#038;p=18825"},"modified":"2025-09-02T14:22:40","modified_gmt":"2025-09-02T18:22:40","slug":"maquette-en-metal-char-dassaut-sherman","status":"publish","type":"product","link":"https:\/\/www.museedelaguerre.ca\/boutique\/produit\/maquette-en-metal-char-dassaut-sherman\/","title":{"rendered":"Maquette en m\u00e9tal &#8211; Char d\u2019assaut Sherman"},"content":{"rendered":"<p>Le char d\u2019assaut <em>Sherman<\/em> fut le principal char utilis\u00e9 par les \u00c9tats-Unis pendant la Seconde Guerre mondiale. Il fut nomm\u00e9 d&#8217;apr\u00e8s le g\u00e9n\u00e9ral de l&#8217;Union William Tecumseh Sherman. Sa production d\u00e9passa les 50 000 exemplaires. Seul le char sovi\u00e9tique T-34 fut produit en plus grand nombre pendant la Seconde Guerre mondiale. Bien qu&#8217;il f\u00fbt totalement inadapt\u00e9 face aux Tigre I allemands de 56 tonnes, plus lourdement arm\u00e9s, et au Tigre II de 72 tonnes, sa mobilit\u00e9, sa fiabilit\u00e9 m\u00e9canique et son nombre consid\u00e9rable contribu\u00e8rent \u00e0 compenser leurs d\u00e9savantages strat\u00e9giques.<\/p>\n","protected":false},"excerpt":{"rendered":"<p>Metal Earth est fabriqu\u00e9 \u00e0 partir de t\u00f4les d&#8217;acier de haute qualit\u00e9. Chaque mod\u00e8le pr\u00e9sente des d\u00e9tails \u00e9tonnants, avec des pi\u00e8ces d\u00e9coup\u00e9es dans une ou plusieurs t\u00f4les carr\u00e9es de 10 cm. Des instructions faciles \u00e0 suivre sont fournies avec chaque kit et ne n\u00e9cessitent ni colle ni soudure! Il suffit de d\u00e9couper les pi\u00e8ces et de plier les languettes aux points de connexion correspondants.<\/p>\n<ul>\n<li>Mod\u00e8le : Char d\u2019assaut Sherman<\/li>\n<li>Nombre de feuilles d&#8217;acier : 2<\/li>\n<li>Difficult\u00e9 : Moyenne<\/li>\n<li>Dimensions assembl\u00e9 : <span class=\"label\">2.91&#8243;L x 1.38&#8243;W x 1.34&#8243;H (7.4 x 3.5 x 3.4 cm)<\/span><\/li>\n<li>\u00c2ge\u00a0: 14 ans et plus<\/li>\n<\/ul>\n","protected":false},"featured_media":18827,"comment_status":"open","ping_status":"closed","template":"","meta":{"_acf_changed":false},"product_cat":[1295,1184],"product_tag":[1246,1291],"acf":[],"_links":{"self":[{"href":"https:\/\/www.museedelaguerre.ca\/boutique\/wp-json\/wp\/v2\/product\/18825"}],"collection":[{"href":"https:\/\/www.museedelaguerre.ca\/boutique\/wp-json\/wp\/v2\/product"}],"about":[{"href":"https:\/\/www.museedelaguerre.ca\/boutique\/wp-json\/wp\/v2\/types\/product"}],"replies":[{"embeddable":true,"href":"https:\/\/www.museedelaguerre.ca\/boutique\/wp-json\/wp\/v2\/comments?post=18825"}],"wp:featuredmedia":[{"embeddable":true,"href":"https:\/\/www.museedelaguerre.ca\/boutique\/wp-json\/wp\/v2\/media\/18827"}],"wp:attachment":[{"href":"https:\/\/www.museedelaguerre.ca\/boutique\/wp-json\/wp\/v2\/media?parent=18825"}],"wp:term":[{"taxonomy":"product_cat","embeddable":true,"href":"https:\/\/www.museedelaguerre.ca\/boutique\/wp-json\/wp\/v2\/product_cat?post=18825"},{"taxonomy":"product_tag","embeddable":true,"href":"https:\/\/www.museedelaguerre.ca\/boutique\/wp-json\/wp\/v2\/product_tag?post=18825"}],"curies":[{"name":"wp","href":"https:\/\/api.w.org\/{rel}","templated":true}]}}