
{"id":18809,"date":"2025-08-24T13:47:58","date_gmt":"2025-09-02T17:47:59","guid":{"rendered":"https:\/\/www.warmuseum.ca\/boutique\/?post_type=product&#038;p=18809"},"modified":"2025-12-12T17:07:14","modified_gmt":"2025-12-12T22:07:14","slug":"maquette-en-metal-f-22-raptor","status":"publish","type":"product","link":"https:\/\/www.museedelaguerre.ca\/boutique\/produit\/maquette-en-metal-f-22-raptor\/","title":{"rendered":"Maquette en m\u00e9tal &#8211; F-22 Raptor"},"content":{"rendered":"<p>Le Lockheed Martin F-22\u00ae Raptor\u00ae est un avion de chasse monoplace bimoteur super-man\u0153uvrable de cinqui\u00e8me g\u00e9n\u00e9ration qui utilise la furtivit\u00e9, la vitesse, l&#8217;agilit\u00e9, la pr\u00e9cision et la connaissance de la situation, combin\u00e9es \u00e0 des capacit\u00e9s de combat air-air et air-sol, ce qui en fait le meilleur chasseur global au monde aujourd&#8217;hui.<\/p>\n","protected":false},"excerpt":{"rendered":"<p>Metal Earth est fabriqu\u00e9 \u00e0 partir de t\u00f4les d&#8217;acier de haute qualit\u00e9. Chaque mod\u00e8le pr\u00e9sente des d\u00e9tails \u00e9tonnants, avec des pi\u00e8ces d\u00e9coup\u00e9es dans une ou plusieurs t\u00f4les carr\u00e9es de 10 cm. Des instructions faciles \u00e0 suivre sont fournies avec chaque kit et ne n\u00e9cessitent ni colle ni soudure! Il suffit de d\u00e9couper les pi\u00e8ces et de plier les languettes aux points de connexion correspondants.<\/p>\n<ul>\n<li>Mod\u00e8le : F-22 Raptor<\/li>\n<li>Nombre de feuilles d&#8217;acier : 3<\/li>\n<li>Difficult\u00e9 : Moyenne<\/li>\n<li>Dimensions assembl\u00e9 : 5.5&#8243; L x 4&#8243; W x 2.1&#8243; H (14 L x 10.1 W x 5.5 H cm)<\/li>\n<li>\u00c2ge\u00a0: 14 ans et plus<\/li>\n<\/ul>\n","protected":false},"featured_media":18811,"comment_status":"open","ping_status":"closed","template":"","meta":{"_acf_changed":false},"product_cat":[1295,1184],"product_tag":[1246,1291],"acf":[],"_links":{"self":[{"href":"https:\/\/www.museedelaguerre.ca\/boutique\/wp-json\/wp\/v2\/product\/18809"}],"collection":[{"href":"https:\/\/www.museedelaguerre.ca\/boutique\/wp-json\/wp\/v2\/product"}],"about":[{"href":"https:\/\/www.museedelaguerre.ca\/boutique\/wp-json\/wp\/v2\/types\/product"}],"replies":[{"embeddable":true,"href":"https:\/\/www.museedelaguerre.ca\/boutique\/wp-json\/wp\/v2\/comments?post=18809"}],"wp:featuredmedia":[{"embeddable":true,"href":"https:\/\/www.museedelaguerre.ca\/boutique\/wp-json\/wp\/v2\/media\/18811"}],"wp:attachment":[{"href":"https:\/\/www.museedelaguerre.ca\/boutique\/wp-json\/wp\/v2\/media?parent=18809"}],"wp:term":[{"taxonomy":"product_cat","embeddable":true,"href":"https:\/\/www.museedelaguerre.ca\/boutique\/wp-json\/wp\/v2\/product_cat?post=18809"},{"taxonomy":"product_tag","embeddable":true,"href":"https:\/\/www.museedelaguerre.ca\/boutique\/wp-json\/wp\/v2\/product_tag?post=18809"}],"curies":[{"name":"wp","href":"https:\/\/api.w.org\/{rel}","templated":true}]}}