
{"id":18786,"date":"2025-08-29T15:23:49","date_gmt":"2025-08-29T19:23:49","guid":{"rendered":"https:\/\/www.warmuseum.ca\/boutique\/?post_type=product&#038;p=18786"},"modified":"2025-08-29T15:28:39","modified_gmt":"2025-08-29T19:28:39","slug":"maquette-en-metal-b-24-liberator","status":"publish","type":"product","link":"https:\/\/www.museedelaguerre.ca\/boutique\/produit\/maquette-en-metal-b-24-liberator\/","title":{"rendered":"Maquette en m\u00e9tal &#8211; B-24 Liberator"},"content":{"rendered":"<p>Le B-24 Liberator, de construction consolid\u00e9e, effectua son premier vol en 1939 et entra en service actif en 1941. Il fut l&#8217;avion am\u00e9ricain le plus produit de la Seconde Guerre mondiale, avec 18\u00a0482 exemplaires construits. Le Liberator fut utilis\u00e9 sur tous les th\u00e9\u00e2tres d&#8217;op\u00e9rations et pour diverses missions, allant du bombardement \u00e0 longue port\u00e9e et de la patrouille sous-marine au transport de fret prioritaire et de personnalit\u00e9s. Le Diamond Lil \u00e9tait le 18e B-24 de s\u00e9rie construit. Aujourd&#8217;hui, il est l&#8217;un des deux seuls B-24 en \u00e9tat de vol.<\/p>\n","protected":false},"excerpt":{"rendered":"<p>Metal Earth est fabriqu\u00e9 \u00e0 partir de t\u00f4les d&#8217;acier de haute qualit\u00e9. Chaque mod\u00e8le pr\u00e9sente des d\u00e9tails \u00e9tonnants, avec des pi\u00e8ces d\u00e9coup\u00e9es dans une ou plusieurs t\u00f4les carr\u00e9es de 10 cm. Des instructions faciles \u00e0 suivre sont fournies avec chaque kit et ne n\u00e9cessitent ni colle ni soudure! Il suffit de d\u00e9couper les pi\u00e8ces et de plier les languettes aux points de connexion correspondants.<\/p>\n<ul>\n<li>Mod\u00e8le : B-24 Liberator<\/li>\n<li>Nombre de feuilles d&#8217;acier : 3<\/li>\n<li>Difficult\u00e9 : Avanc\u00e9<\/li>\n<li>Dimensions assembl\u00e9 : <span class=\"label\">5.25&#8243;L x 8.25&#8243;W x 2.55&#8243;H (13.34 x 20.96 x 6.48 cm)<\/span><\/li>\n<li>\u00c2ge\u00a0: 14 ans et plus<\/li>\n<\/ul>\n","protected":false},"featured_media":18788,"comment_status":"open","ping_status":"closed","template":"","meta":{"_acf_changed":false},"product_cat":[1295,1184],"product_tag":[1246,1291],"acf":[],"_links":{"self":[{"href":"https:\/\/www.museedelaguerre.ca\/boutique\/wp-json\/wp\/v2\/product\/18786"}],"collection":[{"href":"https:\/\/www.museedelaguerre.ca\/boutique\/wp-json\/wp\/v2\/product"}],"about":[{"href":"https:\/\/www.museedelaguerre.ca\/boutique\/wp-json\/wp\/v2\/types\/product"}],"replies":[{"embeddable":true,"href":"https:\/\/www.museedelaguerre.ca\/boutique\/wp-json\/wp\/v2\/comments?post=18786"}],"wp:featuredmedia":[{"embeddable":true,"href":"https:\/\/www.museedelaguerre.ca\/boutique\/wp-json\/wp\/v2\/media\/18788"}],"wp:attachment":[{"href":"https:\/\/www.museedelaguerre.ca\/boutique\/wp-json\/wp\/v2\/media?parent=18786"}],"wp:term":[{"taxonomy":"product_cat","embeddable":true,"href":"https:\/\/www.museedelaguerre.ca\/boutique\/wp-json\/wp\/v2\/product_cat?post=18786"},{"taxonomy":"product_tag","embeddable":true,"href":"https:\/\/www.museedelaguerre.ca\/boutique\/wp-json\/wp\/v2\/product_tag?post=18786"}],"curies":[{"name":"wp","href":"https:\/\/api.w.org\/{rel}","templated":true}]}}