
{"id":18760,"date":"2025-08-29T14:44:08","date_gmt":"2025-08-29T18:44:09","guid":{"rendered":"https:\/\/www.warmuseum.ca\/boutique\/?post_type=product&#038;p=18760"},"modified":"2025-08-29T14:53:06","modified_gmt":"2025-08-29T18:53:06","slug":"maquette-en-metal-p-47-thunderbolt","status":"publish","type":"product","link":"https:\/\/www.museedelaguerre.ca\/boutique\/produit\/maquette-en-metal-p-47-thunderbolt\/","title":{"rendered":"Maquette en m\u00e9tal &#8211; P-47 Thunderbolt"},"content":{"rendered":"<p>Le P-47 Thunderbolt a servi de chasseur d&#8217;escorte \u00e0 haute altitude et de chasseur-bombardier \u00e0 basse altitude pour les forces alli\u00e9es pendant la Seconde Guerre mondiale. C&#8217;\u00e9tait l&#8217;avion de chasse le plus grand, le plus lourd et le plus cher de l&#8217;histoire \u00e0 \u00eatre propuls\u00e9 par un seul moteur \u00e0 pistons. L&#8217;avion a \u00e9t\u00e9 con\u00e7u et construit autour de son puissant moteur radial Pratt &amp; Whitney de 2\u00a0000 chevaux. Son allure imposante lui a valu le surnom de \u00ab\u00a0The Jug\u00a0\u00bb.<\/p>\n","protected":false},"excerpt":{"rendered":"<p>Metal Earth est fabriqu\u00e9 \u00e0 partir de t\u00f4les d&#8217;acier de haute qualit\u00e9. Chaque mod\u00e8le pr\u00e9sente des d\u00e9tails \u00e9tonnants, avec des pi\u00e8ces d\u00e9coup\u00e9es dans une ou plusieurs t\u00f4les carr\u00e9es de 10 cm. Des instructions faciles \u00e0 suivre sont fournies avec chaque kit et ne n\u00e9cessitent ni colle ni soudure! Il suffit de d\u00e9couper les pi\u00e8ces et de plier les languettes aux points de connexion correspondants.<\/p>\n<ul>\n<li>Mod\u00e8le : P-47 Thunderbolt<\/li>\n<li>Nombre de feuilles d&#8217;acier : 2<\/li>\n<li>Difficult\u00e9 : Moyenne<\/li>\n<li>Dimensions assembl\u00e9 : <span class=\"label\"><span class=\"value\">5.3&#8243; L x 4.5&#8243; W x 1.9&#8243; H<\/span>\u00a0\u00a0<span class=\"value\">(13.46 L x 11.43 W x 4.82 H cm)<\/span><\/span><\/li>\n<li>\u00c2ge\u00a0: 14 ans et plus<\/li>\n<\/ul>\n","protected":false},"featured_media":18762,"comment_status":"open","ping_status":"closed","template":"","meta":{"_acf_changed":false},"product_cat":[1295,1184],"product_tag":[1246,1291],"acf":[],"_links":{"self":[{"href":"https:\/\/www.museedelaguerre.ca\/boutique\/wp-json\/wp\/v2\/product\/18760"}],"collection":[{"href":"https:\/\/www.museedelaguerre.ca\/boutique\/wp-json\/wp\/v2\/product"}],"about":[{"href":"https:\/\/www.museedelaguerre.ca\/boutique\/wp-json\/wp\/v2\/types\/product"}],"replies":[{"embeddable":true,"href":"https:\/\/www.museedelaguerre.ca\/boutique\/wp-json\/wp\/v2\/comments?post=18760"}],"wp:featuredmedia":[{"embeddable":true,"href":"https:\/\/www.museedelaguerre.ca\/boutique\/wp-json\/wp\/v2\/media\/18762"}],"wp:attachment":[{"href":"https:\/\/www.museedelaguerre.ca\/boutique\/wp-json\/wp\/v2\/media?parent=18760"}],"wp:term":[{"taxonomy":"product_cat","embeddable":true,"href":"https:\/\/www.museedelaguerre.ca\/boutique\/wp-json\/wp\/v2\/product_cat?post=18760"},{"taxonomy":"product_tag","embeddable":true,"href":"https:\/\/www.museedelaguerre.ca\/boutique\/wp-json\/wp\/v2\/product_tag?post=18760"}],"curies":[{"name":"wp","href":"https:\/\/api.w.org\/{rel}","templated":true}]}}