
{"id":18752,"date":"2025-08-25T09:36:09","date_gmt":"2025-08-29T18:31:10","guid":{"rendered":"https:\/\/www.warmuseum.ca\/boutique\/?post_type=product&#038;p=18752"},"modified":"2025-08-29T14:40:08","modified_gmt":"2025-08-29T18:40:08","slug":"maquette-en-metal-fokker-dr-i-triplane","status":"publish","type":"product","link":"https:\/\/www.museedelaguerre.ca\/boutique\/produit\/maquette-en-metal-fokker-dr-i-triplane\/","title":{"rendered":"Maquette en m\u00e9tal &#8211; Fokker Dr.I Triplane"},"content":{"rendered":"<p>Le Fokker Dr. I triplan fut pilot\u00e9 pendant la Premi\u00e8re Guerre mondiale par le c\u00e9l\u00e8bre Manfred Von Richthofen. Sa conception \u00e0 trois ailes lui conf\u00e9rait une maniabilit\u00e9 sup\u00e9rieure, essentielle aux combats a\u00e9riens. En raison de la couleur cramoisie du triplan, Richthofen fut surnomm\u00e9 le \u00ab Diable rouge \u00bb par les Fran\u00e7ais (ce surnom fut chang\u00e9 en \u00ab Baron rouge \u00bb apr\u00e8s la guerre).<\/p>\n","protected":false},"excerpt":{"rendered":"<p>Metal Earth est fabriqu\u00e9 \u00e0 partir de t\u00f4les d&#8217;acier de haute qualit\u00e9. Chaque mod\u00e8le pr\u00e9sente des d\u00e9tails \u00e9tonnants, avec des pi\u00e8ces d\u00e9coup\u00e9es dans une ou plusieurs t\u00f4les carr\u00e9es de 10 cm. Des instructions faciles \u00e0 suivre sont fournies avec chaque kit et ne n\u00e9cessitent ni colle ni soudure! Il suffit de d\u00e9couper les pi\u00e8ces et de plier les languettes aux points de connexion correspondants.<\/p>\n<ul>\n<li>Mod\u00e8le : Fokker Dr.I Triplane<\/li>\n<li>Nombre de feuilles d&#8217;acier : 2<\/li>\n<li>Difficult\u00e9 : Moyenne<\/li>\n<li>Dimensions assembl\u00e9 : <span class=\"label\">3.22&#8243;L x 4.1&#8243;W x 1.88&#8243;H (8.17 x 10.41 x 4.77 cm)<\/span><\/li>\n<li>\u00c2ge\u00a0: 14 ans et plus<\/li>\n<\/ul>\n","protected":false},"featured_media":18754,"comment_status":"open","ping_status":"closed","template":"","meta":{"_acf_changed":false},"product_cat":[1295,1184],"product_tag":[1242,1291],"acf":[],"_links":{"self":[{"href":"https:\/\/www.museedelaguerre.ca\/boutique\/wp-json\/wp\/v2\/product\/18752"}],"collection":[{"href":"https:\/\/www.museedelaguerre.ca\/boutique\/wp-json\/wp\/v2\/product"}],"about":[{"href":"https:\/\/www.museedelaguerre.ca\/boutique\/wp-json\/wp\/v2\/types\/product"}],"replies":[{"embeddable":true,"href":"https:\/\/www.museedelaguerre.ca\/boutique\/wp-json\/wp\/v2\/comments?post=18752"}],"wp:featuredmedia":[{"embeddable":true,"href":"https:\/\/www.museedelaguerre.ca\/boutique\/wp-json\/wp\/v2\/media\/18754"}],"wp:attachment":[{"href":"https:\/\/www.museedelaguerre.ca\/boutique\/wp-json\/wp\/v2\/media?parent=18752"}],"wp:term":[{"taxonomy":"product_cat","embeddable":true,"href":"https:\/\/www.museedelaguerre.ca\/boutique\/wp-json\/wp\/v2\/product_cat?post=18752"},{"taxonomy":"product_tag","embeddable":true,"href":"https:\/\/www.museedelaguerre.ca\/boutique\/wp-json\/wp\/v2\/product_tag?post=18752"}],"curies":[{"name":"wp","href":"https:\/\/api.w.org\/{rel}","templated":true}]}}