
{"id":18744,"date":"2025-08-29T11:47:53","date_gmt":"2025-08-29T15:47:54","guid":{"rendered":"https:\/\/www.warmuseum.ca\/boutique\/?post_type=product&#038;p=18744"},"modified":"2025-08-29T11:52:01","modified_gmt":"2025-08-29T15:52:01","slug":"maquette-en-metal-f-15-eagle","status":"publish","type":"product","link":"https:\/\/www.museedelaguerre.ca\/boutique\/produit\/maquette-en-metal-f-15-eagle\/","title":{"rendered":"Maquette en m\u00e9tal &#8211; F-15 Eagle"},"content":{"rendered":"<p>Ce chasseur tactique bimoteur a \u00e9t\u00e9 con\u00e7u pour permettre \u00e0 l&#8217;US Air Force d&#8217;acqu\u00e9rir et de maintenir sa sup\u00e9riorit\u00e9 a\u00e9rienne en combat a\u00e9rien. Il a effectu\u00e9 son premier vol en juillet 1972 et est devenu l&#8217;un des avions de chasse modernes les plus performants, avec plus de 100 victoires a\u00e9riennes.<\/p>\n","protected":false},"excerpt":{"rendered":"<p>Metal Earth est fabriqu\u00e9 \u00e0 partir de t\u00f4les d&#8217;acier de haute qualit\u00e9. Chaque mod\u00e8le pr\u00e9sente des d\u00e9tails \u00e9tonnants, avec des pi\u00e8ces d\u00e9coup\u00e9es dans une ou plusieurs t\u00f4les carr\u00e9es de 10 cm. Des instructions faciles \u00e0 suivre sont fournies avec chaque kit et ne n\u00e9cessitent ni colle ni soudure! Il suffit de d\u00e9couper les pi\u00e8ces et de plier les languettes aux points de connexion correspondants.<\/p>\n<ul>\n<li>Mod\u00e8le : F-15 Eagle<\/li>\n<li>Nombre de feuilles d&#8217;acier : 1<\/li>\n<li>Difficult\u00e9 : Moyenne<\/li>\n<li>Dimensions assembl\u00e9 : <span class=\"label\">3.46&#8243;L x 2.36&#8243;W x 1.26&#8243;H (8.8 x 6 x 3.2 cm)<\/span><\/li>\n<li>\u00c2ge\u00a0: 14 ans et plus<\/li>\n<\/ul>\n","protected":false},"featured_media":18746,"comment_status":"open","ping_status":"closed","template":"","meta":{"_acf_changed":false},"product_cat":[1295,1184],"product_tag":[1246,1291],"acf":[],"_links":{"self":[{"href":"https:\/\/www.museedelaguerre.ca\/boutique\/wp-json\/wp\/v2\/product\/18744"}],"collection":[{"href":"https:\/\/www.museedelaguerre.ca\/boutique\/wp-json\/wp\/v2\/product"}],"about":[{"href":"https:\/\/www.museedelaguerre.ca\/boutique\/wp-json\/wp\/v2\/types\/product"}],"replies":[{"embeddable":true,"href":"https:\/\/www.museedelaguerre.ca\/boutique\/wp-json\/wp\/v2\/comments?post=18744"}],"wp:featuredmedia":[{"embeddable":true,"href":"https:\/\/www.museedelaguerre.ca\/boutique\/wp-json\/wp\/v2\/media\/18746"}],"wp:attachment":[{"href":"https:\/\/www.museedelaguerre.ca\/boutique\/wp-json\/wp\/v2\/media?parent=18744"}],"wp:term":[{"taxonomy":"product_cat","embeddable":true,"href":"https:\/\/www.museedelaguerre.ca\/boutique\/wp-json\/wp\/v2\/product_cat?post=18744"},{"taxonomy":"product_tag","embeddable":true,"href":"https:\/\/www.museedelaguerre.ca\/boutique\/wp-json\/wp\/v2\/product_tag?post=18744"}],"curies":[{"name":"wp","href":"https:\/\/api.w.org\/{rel}","templated":true}]}}