
{"id":18736,"date":"2025-08-29T11:33:44","date_gmt":"2025-08-29T15:33:46","guid":{"rendered":"https:\/\/www.warmuseum.ca\/boutique\/?post_type=product&#038;p=18736"},"modified":"2025-08-29T11:40:12","modified_gmt":"2025-08-29T15:40:12","slug":"maquette-en-metal-f4u-corsair","status":"publish","type":"product","link":"https:\/\/www.museedelaguerre.ca\/boutique\/produit\/maquette-en-metal-f4u-corsair\/","title":{"rendered":"Maquette en m\u00e9tal &#8211; F4U Corsair"},"content":{"rendered":"<p>Le F4U Corsair \u00e9tait le chasseur-bombardier embarqu\u00e9 le plus performant de la Seconde Guerre mondiale. Il \u00e9tait \u00e9quip\u00e9 du plus gros moteur disponible \u00e0 l&#8217;\u00e9poque\u00a0: le Pratt &amp; Whitney R-2800 Double Wasp, un 18 cylindres en \u00e9toile de 2\u00a0000\u00a0ch. Il fut le premier avion de guerre am\u00e9ricain \u00e0 d\u00e9passer les 640\u00a0km\/h en vol horizontal. L&#8217;avion \u00e9tait dot\u00e9 d&#8217;une aile de mouette invers\u00e9e inhabituelle pour maintenir un train d&#8217;atterrissage court tout en permettant l&#8217;utilisation de l&#8217;h\u00e9lice de grand diam\u00e8tre requise par ce puissant moteur.<\/p>\n","protected":false},"excerpt":{"rendered":"<p>Metal Earth est fabriqu\u00e9 \u00e0 partir de t\u00f4les d&#8217;acier de haute qualit\u00e9. Chaque mod\u00e8le pr\u00e9sente des d\u00e9tails \u00e9tonnants, avec des pi\u00e8ces d\u00e9coup\u00e9es dans une ou plusieurs t\u00f4les carr\u00e9es de 10 cm. Des instructions faciles \u00e0 suivre sont fournies avec chaque kit et ne n\u00e9cessitent ni colle ni soudure! Il suffit de d\u00e9couper les pi\u00e8ces et de plier les languettes aux points de connexion correspondants.<\/p>\n<ul>\n<li>Mod\u00e8le : F4U Corsair<\/li>\n<li>Nombre de feuilles d&#8217;acier : 1<\/li>\n<li>Difficult\u00e9 : Moyenne<\/li>\n<li>Dimensions assembl\u00e9 : <span class=\"label\">4.53&#8243;L x 3.74&#8243;W x 1.5&#8243;H (11.5 x 9.5 x 3.8 cm)<\/span><\/li>\n<li>\u00c2ge\u00a0: 14 ans et plus<\/li>\n<\/ul>\n","protected":false},"featured_media":18738,"comment_status":"open","ping_status":"closed","template":"","meta":{"_acf_changed":false},"product_cat":[1295,1184],"product_tag":[1246,1291],"acf":[],"_links":{"self":[{"href":"https:\/\/www.museedelaguerre.ca\/boutique\/wp-json\/wp\/v2\/product\/18736"}],"collection":[{"href":"https:\/\/www.museedelaguerre.ca\/boutique\/wp-json\/wp\/v2\/product"}],"about":[{"href":"https:\/\/www.museedelaguerre.ca\/boutique\/wp-json\/wp\/v2\/types\/product"}],"replies":[{"embeddable":true,"href":"https:\/\/www.museedelaguerre.ca\/boutique\/wp-json\/wp\/v2\/comments?post=18736"}],"wp:featuredmedia":[{"embeddable":true,"href":"https:\/\/www.museedelaguerre.ca\/boutique\/wp-json\/wp\/v2\/media\/18738"}],"wp:attachment":[{"href":"https:\/\/www.museedelaguerre.ca\/boutique\/wp-json\/wp\/v2\/media?parent=18736"}],"wp:term":[{"taxonomy":"product_cat","embeddable":true,"href":"https:\/\/www.museedelaguerre.ca\/boutique\/wp-json\/wp\/v2\/product_cat?post=18736"},{"taxonomy":"product_tag","embeddable":true,"href":"https:\/\/www.museedelaguerre.ca\/boutique\/wp-json\/wp\/v2\/product_tag?post=18736"}],"curies":[{"name":"wp","href":"https:\/\/api.w.org\/{rel}","templated":true}]}}