
{"id":18728,"date":"2025-08-25T11:16:05","date_gmt":"2025-08-29T15:16:07","guid":{"rendered":"https:\/\/www.warmuseum.ca\/boutique\/?post_type=product&#038;p=18728"},"modified":"2025-08-29T11:21:18","modified_gmt":"2025-08-29T15:21:18","slug":"maquette-en-metal-fokker-d-vii","status":"publish","type":"product","link":"https:\/\/www.museedelaguerre.ca\/boutique\/produit\/maquette-en-metal-fokker-d-vii\/","title":{"rendered":"Maquette en m\u00e9tal &#8211; Fokker D-VII"},"content":{"rendered":"<p>Manfred von Richthofen vanta cet avion comme le meilleur qu&#8217;il ait jamais pilot\u00e9. Il offrait d&#8217;excellentes performances, tout en \u00e9tant s\u00fbr et facile \u00e0 piloter. La recommandation de Richthofen conduisit \u00e0 la premi\u00e8re commande provisoire de 400 appareils de s\u00e9rie. Au total, l&#8217;Allemagne produisit environ 3\u00a0300 D-VII durant l&#8217;\u00e9t\u00e9 et l&#8217;automne 1918.<\/p>\n","protected":false},"excerpt":{"rendered":"<p>Metal Earth est fabriqu\u00e9 \u00e0 partir de t\u00f4les d&#8217;acier de haute qualit\u00e9. Chaque mod\u00e8le pr\u00e9sente des d\u00e9tails \u00e9tonnants, avec des pi\u00e8ces d\u00e9coup\u00e9es dans une ou plusieurs t\u00f4les carr\u00e9es de 10 cm. Des instructions faciles \u00e0 suivre sont fournies avec chaque kit et ne n\u00e9cessitent ni colle ni soudure! Il suffit de d\u00e9couper les pi\u00e8ces et de plier les languettes aux points de connexion correspondants.<\/p>\n<ul>\n<li>Mod\u00e8le : Fokker D-VII<\/li>\n<li>Nombre de feuilles d&#8217;acier : 1<\/li>\n<li>Difficult\u00e9 : Facile<\/li>\n<li>Dimensions assembl\u00e9 : <span class=\"label\">2.56&#8243;L x 2.56&#8243;W x 1.26&#8243;H (6.5 x 6.5 x 3.2 cm)<\/span><\/li>\n<li>\u00c2ge\u00a0: 14 ans et plus<\/li>\n<\/ul>\n","protected":false},"featured_media":18730,"comment_status":"open","ping_status":"closed","template":"","meta":{"_acf_changed":false},"product_cat":[1295,1184],"product_tag":[1242,1291],"acf":[],"_links":{"self":[{"href":"https:\/\/www.museedelaguerre.ca\/boutique\/wp-json\/wp\/v2\/product\/18728"}],"collection":[{"href":"https:\/\/www.museedelaguerre.ca\/boutique\/wp-json\/wp\/v2\/product"}],"about":[{"href":"https:\/\/www.museedelaguerre.ca\/boutique\/wp-json\/wp\/v2\/types\/product"}],"replies":[{"embeddable":true,"href":"https:\/\/www.museedelaguerre.ca\/boutique\/wp-json\/wp\/v2\/comments?post=18728"}],"wp:featuredmedia":[{"embeddable":true,"href":"https:\/\/www.museedelaguerre.ca\/boutique\/wp-json\/wp\/v2\/media\/18730"}],"wp:attachment":[{"href":"https:\/\/www.museedelaguerre.ca\/boutique\/wp-json\/wp\/v2\/media?parent=18728"}],"wp:term":[{"taxonomy":"product_cat","embeddable":true,"href":"https:\/\/www.museedelaguerre.ca\/boutique\/wp-json\/wp\/v2\/product_cat?post=18728"},{"taxonomy":"product_tag","embeddable":true,"href":"https:\/\/www.museedelaguerre.ca\/boutique\/wp-json\/wp\/v2\/product_tag?post=18728"}],"curies":[{"name":"wp","href":"https:\/\/api.w.org\/{rel}","templated":true}]}}