
{"id":18708,"date":"2025-08-27T10:59:57","date_gmt":"2025-08-27T14:59:58","guid":{"rendered":"https:\/\/www.warmuseum.ca\/boutique\/?post_type=product&#038;p=18708"},"modified":"2025-08-27T11:04:18","modified_gmt":"2025-08-27T15:04:18","slug":"maquette-en-metal-p-51-mustang","status":"publish","type":"product","link":"https:\/\/www.museedelaguerre.ca\/boutique\/produit\/maquette-en-metal-p-51-mustang\/","title":{"rendered":"Maquette en m\u00e9tal &#8211; P-51 Mustang"},"content":{"rendered":"<p>Le P-51 Mustang \u00e9tait un avion de chasse \u00e0 long rayon d&#8217;action de la Seconde Guerre mondiale, utilis\u00e9 comme escorte de bombardiers au-dessus de l&#8217;Allemagne. Propuls\u00e9 par le moteur britannique Rolls-Royce Merlin, il \u00e9tait in\u00e9gal\u00e9 par aucun autre avion de chasse \u00e0 pistons de la Seconde Guerre mondiale.<\/p>\n","protected":false},"excerpt":{"rendered":"<p>Metal Earth est fabriqu\u00e9 \u00e0 partir de t\u00f4les d&#8217;acier de haute qualit\u00e9. Chaque mod\u00e8le pr\u00e9sente des d\u00e9tails \u00e9tonnants, avec des pi\u00e8ces d\u00e9coup\u00e9es dans une ou plusieurs t\u00f4les carr\u00e9es de 10 cm. Des instructions faciles \u00e0 suivre sont fournies avec chaque kit et ne n\u00e9cessitent ni colle ni soudure! Il suffit de d\u00e9couper les pi\u00e8ces et de plier les languettes aux points de connexion correspondants.<\/p>\n<ul>\n<li>Mod\u00e8le : P-51 Mustang<\/li>\n<li>Nombre de feuilles d&#8217;acier : 1<\/li>\n<li>Difficult\u00e9 : Facile<\/li>\n<li>Dimensions assembl\u00e9 : 3.54&#8243; x 3.74&#8243; x 1.18&#8243; (9 x 9.5 x 3 cm)<\/li>\n<li>\u00c2ge\u00a0: 14 ans et plus<\/li>\n<\/ul>\n","protected":false},"featured_media":18710,"comment_status":"open","ping_status":"closed","template":"","meta":{"_acf_changed":false},"product_cat":[1295,1184],"product_tag":[1202,1246,1291],"acf":[],"_links":{"self":[{"href":"https:\/\/www.museedelaguerre.ca\/boutique\/wp-json\/wp\/v2\/product\/18708"}],"collection":[{"href":"https:\/\/www.museedelaguerre.ca\/boutique\/wp-json\/wp\/v2\/product"}],"about":[{"href":"https:\/\/www.museedelaguerre.ca\/boutique\/wp-json\/wp\/v2\/types\/product"}],"replies":[{"embeddable":true,"href":"https:\/\/www.museedelaguerre.ca\/boutique\/wp-json\/wp\/v2\/comments?post=18708"}],"wp:featuredmedia":[{"embeddable":true,"href":"https:\/\/www.museedelaguerre.ca\/boutique\/wp-json\/wp\/v2\/media\/18710"}],"wp:attachment":[{"href":"https:\/\/www.museedelaguerre.ca\/boutique\/wp-json\/wp\/v2\/media?parent=18708"}],"wp:term":[{"taxonomy":"product_cat","embeddable":true,"href":"https:\/\/www.museedelaguerre.ca\/boutique\/wp-json\/wp\/v2\/product_cat?post=18708"},{"taxonomy":"product_tag","embeddable":true,"href":"https:\/\/www.museedelaguerre.ca\/boutique\/wp-json\/wp\/v2\/product_tag?post=18708"}],"curies":[{"name":"wp","href":"https:\/\/api.w.org\/{rel}","templated":true}]}}