
{"id":18686,"date":"2025-08-27T10:33:39","date_gmt":"2025-08-27T14:33:40","guid":{"rendered":"https:\/\/www.warmuseum.ca\/boutique\/?post_type=product&#038;p=18686"},"modified":"2025-08-27T10:39:05","modified_gmt":"2025-08-27T14:39:05","slug":"maquette-en-metal-f-35-lightning-ii","status":"publish","type":"product","link":"https:\/\/www.museedelaguerre.ca\/boutique\/produit\/maquette-en-metal-f-35-lightning-ii\/","title":{"rendered":"Maquette en m\u00e9tal &#8211; F-35 Lightning II"},"content":{"rendered":"<p>Le F-35 Lightning II est une famille de chasseurs multir\u00f4les monoplaces et monomoteurs de cinqui\u00e8me g\u00e9n\u00e9ration, con\u00e7us pour effectuer des missions d&#8217;attaque au sol, de reconnaissance et de d\u00e9fense a\u00e9rienne gr\u00e2ce \u00e0 leur furtivit\u00e9. La gamme F-35 se d\u00e9cline en trois mod\u00e8les principaux\u00a0: le F-35A utilise des d\u00e9collages et atterrissages conventionnels, le F-35B est destin\u00e9 aux d\u00e9collages courts et aux atterrissages verticaux, et le F-35C est bas\u00e9 sur porte-avions. Les F-35 sont destin\u00e9s \u00e0 fournir l&#8217;essentiel de la puissance a\u00e9rienne tactique de l&#8217;US Air Force, du Corps des Marines et de la Navy au cours des prochaines d\u00e9cennies.<\/p>\n","protected":false},"excerpt":{"rendered":"<p>Metal Earth est fabriqu\u00e9 \u00e0 partir de t\u00f4les d&#8217;acier de haute qualit\u00e9. Chaque mod\u00e8le pr\u00e9sente des d\u00e9tails \u00e9tonnants, avec des pi\u00e8ces d\u00e9coup\u00e9es dans une ou plusieurs t\u00f4les carr\u00e9es de 10 cm. Des instructions faciles \u00e0 suivre sont fournies avec chaque kit et ne n\u00e9cessitent ni colle ni soudure! Il suffit de d\u00e9couper les pi\u00e8ces et de plier les languettes aux points de connexion correspondants.<\/p>\n<ul>\n<li>Mod\u00e8le : F-35 Lightning II<\/li>\n<li>Nombre de feuilles d&#8217;acier : 1<\/li>\n<li>Difficult\u00e9 : Moyenne<\/li>\n<li>Dimensions assembl\u00e9 : 3.07&#8243; x 2.17&#8243; x 1.69&#8243; (7.8 x 5.5 x 4.3 cm)<\/li>\n<li>\u00c2ge\u00a0: 14 ans et plus<\/li>\n<\/ul>\n","protected":false},"featured_media":18688,"comment_status":"open","ping_status":"closed","template":"","meta":{"_acf_changed":false},"product_cat":[1295,1184],"product_tag":[1246,1291],"acf":[],"_links":{"self":[{"href":"https:\/\/www.museedelaguerre.ca\/boutique\/wp-json\/wp\/v2\/product\/18686"}],"collection":[{"href":"https:\/\/www.museedelaguerre.ca\/boutique\/wp-json\/wp\/v2\/product"}],"about":[{"href":"https:\/\/www.museedelaguerre.ca\/boutique\/wp-json\/wp\/v2\/types\/product"}],"replies":[{"embeddable":true,"href":"https:\/\/www.museedelaguerre.ca\/boutique\/wp-json\/wp\/v2\/comments?post=18686"}],"wp:featuredmedia":[{"embeddable":true,"href":"https:\/\/www.museedelaguerre.ca\/boutique\/wp-json\/wp\/v2\/media\/18688"}],"wp:attachment":[{"href":"https:\/\/www.museedelaguerre.ca\/boutique\/wp-json\/wp\/v2\/media?parent=18686"}],"wp:term":[{"taxonomy":"product_cat","embeddable":true,"href":"https:\/\/www.museedelaguerre.ca\/boutique\/wp-json\/wp\/v2\/product_cat?post=18686"},{"taxonomy":"product_tag","embeddable":true,"href":"https:\/\/www.museedelaguerre.ca\/boutique\/wp-json\/wp\/v2\/product_tag?post=18686"}],"curies":[{"name":"wp","href":"https:\/\/api.w.org\/{rel}","templated":true}]}}