
{"id":18678,"date":"2025-09-03T09:37:20","date_gmt":"2025-08-27T14:25:21","guid":{"rendered":"https:\/\/www.warmuseum.ca\/boutique\/?post_type=product&#038;p=18678"},"modified":"2025-08-27T10:29:43","modified_gmt":"2025-08-27T14:29:43","slug":"maquette-en-metal-ch-47-chinook","status":"publish","type":"product","link":"https:\/\/www.museedelaguerre.ca\/boutique\/produit\/maquette-en-metal-ch-47-chinook\/","title":{"rendered":"Maquette en m\u00e9tal &#8211; CH-47 Chinook"},"content":{"rendered":"<p>Cet h\u00e9licopt\u00e8re de transport lourd am\u00e9ricain \u00e0 rotor tandem a \u00e9t\u00e9 utilis\u00e9 pour la premi\u00e8re fois pendant la guerre du Vietnam. Propuls\u00e9 par deux turbomoteurs de 4733 chevaux, il a une vitesse de pointe de 315 km\/h, ce qui le place au-dessus de tout autre h\u00e9licopt\u00e8re utilitaire et d&#8217;attaque de l&#8217;\u00e9poque. Il est toujours en production et en service sur le front, avec plus de 1 200 exemplaires construits \u00e0 ce jour.<\/p>\n","protected":false},"excerpt":{"rendered":"<p>Metal Earth est fabriqu\u00e9 \u00e0 partir de t\u00f4les d&#8217;acier de haute qualit\u00e9. Chaque mod\u00e8le pr\u00e9sente des d\u00e9tails \u00e9tonnants, avec des pi\u00e8ces d\u00e9coup\u00e9es dans une ou plusieurs t\u00f4les carr\u00e9es de 10 cm. Des instructions faciles \u00e0 suivre sont fournies avec chaque kit et ne n\u00e9cessitent ni colle ni soudure! Il suffit de d\u00e9couper les pi\u00e8ces et de plier les languettes aux points de connexion correspondants.<\/p>\n<ul>\n<li>Mod\u00e8le : CH-47 Chinook<\/li>\n<li>Nombre de feuilles d&#8217;acier : 2<\/li>\n<li>Difficult\u00e9 : Moyenne<\/li>\n<li>Dimensions assembl\u00e9 : 7.4&#8243; x 3.74&#8243; x 1.89&#8243; (18.8 x 9.5 x 4.8 cm)<\/li>\n<li>\u00c2ge\u00a0: 14 ans et plus<\/li>\n<\/ul>\n","protected":false},"featured_media":18680,"comment_status":"open","ping_status":"closed","template":"","meta":{"_acf_changed":false},"product_cat":[1295,1184],"product_tag":[1202,1246,1291],"acf":[],"_links":{"self":[{"href":"https:\/\/www.museedelaguerre.ca\/boutique\/wp-json\/wp\/v2\/product\/18678"}],"collection":[{"href":"https:\/\/www.museedelaguerre.ca\/boutique\/wp-json\/wp\/v2\/product"}],"about":[{"href":"https:\/\/www.museedelaguerre.ca\/boutique\/wp-json\/wp\/v2\/types\/product"}],"replies":[{"embeddable":true,"href":"https:\/\/www.museedelaguerre.ca\/boutique\/wp-json\/wp\/v2\/comments?post=18678"}],"wp:featuredmedia":[{"embeddable":true,"href":"https:\/\/www.museedelaguerre.ca\/boutique\/wp-json\/wp\/v2\/media\/18680"}],"wp:attachment":[{"href":"https:\/\/www.museedelaguerre.ca\/boutique\/wp-json\/wp\/v2\/media?parent=18678"}],"wp:term":[{"taxonomy":"product_cat","embeddable":true,"href":"https:\/\/www.museedelaguerre.ca\/boutique\/wp-json\/wp\/v2\/product_cat?post=18678"},{"taxonomy":"product_tag","embeddable":true,"href":"https:\/\/www.museedelaguerre.ca\/boutique\/wp-json\/wp\/v2\/product_tag?post=18678"}],"curies":[{"name":"wp","href":"https:\/\/api.w.org\/{rel}","templated":true}]}}