
{"id":18453,"date":"2025-07-04T14:01:34","date_gmt":"2025-07-04T18:01:34","guid":{"rendered":"https:\/\/www.warmuseum.ca\/boutique\/?post_type=product&#038;p=18453"},"modified":"2025-07-04T14:56:54","modified_gmt":"2025-07-04T18:56:54","slug":"crash-harrison-recits-dun-pilote-de-bombardier-qui-a-defie-la-mort","status":"publish","type":"product","link":"https:\/\/www.museedelaguerre.ca\/boutique\/produit\/crash-harrison-recits-dun-pilote-de-bombardier-qui-a-defie-la-mort\/","title":{"rendered":"Crash Harrison : R\u00e9cits d&#8217;un pilote de bombardier qui a d\u00e9fi\u00e9 la mort"},"content":{"rendered":"<p><strong>Crash Harrison : R\u00e9cits d&#8217;un pilote de bombardier qui a d\u00e9fi\u00e9 la mort<\/strong><\/p>\n<ul>\n<li><strong>Autrice :<\/strong> Deana J. Driver<\/li>\n<li><strong>Format :<\/strong> Livre broch\u00e9 6&#8243; x 9&#8243;<\/li>\n<li><strong>Nombre de pages :<\/strong> 176 pages, 98 photos et 2 cartes<\/li>\n<li><strong>ISBN :<\/strong> 978-1927570-82-1<\/li>\n<\/ul>\n<p>Reginald Harrison a grandi dans une ferme de la Saskatchewan pendant les ann\u00e9es 1930. Son int\u00e9r\u00eat pour l&#8217;aviation a \u00e9t\u00e9 \u00e9veill\u00e9 avant m\u00eame qu&#8217;il ne voie des pilotes de chasse effectuer des pirouettes dans le ciel au-dessus de la ferme familiale lorsqu&#8217;ils s&#8217;entra\u00eenaient pour la Seconde Guerre mondiale. En qu\u00eate d&#8217;aventure, Reg s&#8217;est enr\u00f4l\u00e9 et est devenu pilote de bombardier en Angleterre. Il a surv\u00e9cu \u00e0 quatre \u00e9crasements \u2013 dont aucun n&#8217;\u00e9tait de sa faute \u2013 et \u00e0 plusieurs accidents \u00e9vit\u00e9s de justesse. Il est l&#8217;un des rares Canadiens \u00e0 faire partie du c\u00e9l\u00e8bre \u00ab <em>Guinea Pig Club<\/em> \u00bb apr\u00e8s avoir subi une greffe de peau reconstructive pendant la guerre. Un camarade aviateur l&#8217;a un jour surnomm\u00e9 \u00ab Crash \u00bb, et le surnom est rest\u00e9.<\/p>\n<p>Apr\u00e8s la guerre, Reg s&#8217;est install\u00e9 \u00e0 Saskatoon et a aid\u00e9 les anciens combattants \u00e0 obtenir des fermes et d&#8217;autres aides gr\u00e2ce aux programmes f\u00e9d\u00e9raux de l&#8217;Administration des terres des anciens combattants. Il a rencontr\u00e9 sa future \u00e9pouse juste apr\u00e8s la guerre, dans un moment qui ne peut \u00eatre d\u00e9crit que comme \u00ab une sc\u00e8ne de film \u00bb. Reg Harrison a \u00e9t\u00e9 nomm\u00e9 \u00ab Snowbird honoraire \u00bb par la c\u00e9l\u00e8bre \u00e9quipe de d\u00e9monstration de voltige des Forces canadiennes et est un v\u00e9t\u00e9ran de guerre c\u00e9l\u00e8bre dont les histoires captiveront et \u00e9duqueront les lecteurs, des adolescents aux personnes \u00e2g\u00e9es.<\/p>\n","protected":false},"excerpt":{"rendered":"<p><strong>Ce livre est seulement disponible en anglais.<\/strong><\/p>\n<p>Ce livre, compt\u00e9 par Reginald Harrison, raconte son enfance dans les Prairies poussi\u00e9reuses pendant la Grande D\u00e9pression, puis son d\u00e9part \u00e0 la guerre et ses exp\u00e9riences de survie \u00e0 des accidents et \u00e0 des combats intenses. Ce livre contient page apr\u00e8s page des d\u00e9tails sur la participation du Canada \u00e0 la Seconde Guerre mondiale et sur les exp\u00e9riences de Reg Harrison, ainsi que des anecdotes amusantes sur Reg \u00ab Crash \u00bb Harrison, une chronologie des \u00e9v\u00e9nements et des ressources utiles.<\/p>\n<p>L\u2019histoire \u00e9mouvante de Reginald est mise en valeur dans l\u2019exposition <em>Derni\u00e8res voix de la Seconde Guerre mondiale<\/em> du Mus\u00e9e canadien de la guerre.<\/p>\n","protected":false},"featured_media":18460,"comment_status":"open","ping_status":"closed","template":"","meta":{"_acf_changed":false},"product_cat":[604],"product_tag":[1213],"acf":[],"_links":{"self":[{"href":"https:\/\/www.museedelaguerre.ca\/boutique\/wp-json\/wp\/v2\/product\/18453"}],"collection":[{"href":"https:\/\/www.museedelaguerre.ca\/boutique\/wp-json\/wp\/v2\/product"}],"about":[{"href":"https:\/\/www.museedelaguerre.ca\/boutique\/wp-json\/wp\/v2\/types\/product"}],"replies":[{"embeddable":true,"href":"https:\/\/www.museedelaguerre.ca\/boutique\/wp-json\/wp\/v2\/comments?post=18453"}],"wp:featuredmedia":[{"embeddable":true,"href":"https:\/\/www.museedelaguerre.ca\/boutique\/wp-json\/wp\/v2\/media\/18460"}],"wp:attachment":[{"href":"https:\/\/www.museedelaguerre.ca\/boutique\/wp-json\/wp\/v2\/media?parent=18453"}],"wp:term":[{"taxonomy":"product_cat","embeddable":true,"href":"https:\/\/www.museedelaguerre.ca\/boutique\/wp-json\/wp\/v2\/product_cat?post=18453"},{"taxonomy":"product_tag","embeddable":true,"href":"https:\/\/www.museedelaguerre.ca\/boutique\/wp-json\/wp\/v2\/product_tag?post=18453"}],"curies":[{"name":"wp","href":"https:\/\/api.w.org\/{rel}","templated":true}]}}