
{"id":18368,"date":"2025-06-19T13:22:10","date_gmt":"2025-06-19T20:22:12","guid":{"rendered":"https:\/\/www.warmuseum.ca\/boutique\/?post_type=product&#038;p=18368"},"modified":"2025-06-20T09:54:06","modified_gmt":"2025-06-20T13:54:06","slug":"grand-verre-a-shooter-du-musee-canadien-de-la-guerre-225-oz","status":"publish","type":"product","link":"https:\/\/www.museedelaguerre.ca\/boutique\/produit\/grand-verre-a-shooter-du-musee-canadien-de-la-guerre-225-oz\/","title":{"rendered":"Grand verre \u00e0 shooter du Mus\u00e9e canadien de la guerre (2,25 oz)"},"content":{"rendered":"","protected":false},"excerpt":{"rendered":"<p>Levez votre verre avec notre grand shooter de 2,25 oz. Fabriqu\u00e9 en verre clair et durable, il est parfait pour toute c\u00e9l\u00e9bration et constitue un excellent souvenir. Sa grande forme le rend id\u00e9al pour les shooters superpos\u00e9s, color\u00e9s, ou plus volumineux.<\/p>\n<p>Le logo du Mus\u00e9e canadien de la guerre est grav\u00e9 au laser, ce qui en fait un bel ajout \u00e0 votre collection de bar maison.<\/p>\n<ul>\n<li>Capacit\u00e9 : 2,25 oz (66 ml)<\/li>\n<li>Diam\u00e8tre sup\u00e9rieur : 3,8 cm<\/li>\n<li>Hauteur : 10,5 cm<\/li>\n<li>Va au lave-vaisselle<\/li>\n<\/ul>\n","protected":false},"featured_media":18362,"comment_status":"open","ping_status":"closed","template":"","meta":{"_acf_changed":false},"product_cat":[1287,1228,995,667,1192],"product_tag":[],"acf":[],"_links":{"self":[{"href":"https:\/\/www.museedelaguerre.ca\/boutique\/wp-json\/wp\/v2\/product\/18368"}],"collection":[{"href":"https:\/\/www.museedelaguerre.ca\/boutique\/wp-json\/wp\/v2\/product"}],"about":[{"href":"https:\/\/www.museedelaguerre.ca\/boutique\/wp-json\/wp\/v2\/types\/product"}],"replies":[{"embeddable":true,"href":"https:\/\/www.museedelaguerre.ca\/boutique\/wp-json\/wp\/v2\/comments?post=18368"}],"wp:featuredmedia":[{"embeddable":true,"href":"https:\/\/www.museedelaguerre.ca\/boutique\/wp-json\/wp\/v2\/media\/18362"}],"wp:attachment":[{"href":"https:\/\/www.museedelaguerre.ca\/boutique\/wp-json\/wp\/v2\/media?parent=18368"}],"wp:term":[{"taxonomy":"product_cat","embeddable":true,"href":"https:\/\/www.museedelaguerre.ca\/boutique\/wp-json\/wp\/v2\/product_cat?post=18368"},{"taxonomy":"product_tag","embeddable":true,"href":"https:\/\/www.museedelaguerre.ca\/boutique\/wp-json\/wp\/v2\/product_tag?post=18368"}],"curies":[{"name":"wp","href":"https:\/\/api.w.org\/{rel}","templated":true}]}}