
{"id":18364,"date":"2025-06-19T15:40:33","date_gmt":"2025-06-19T19:40:35","guid":{"rendered":"https:\/\/www.warmuseum.ca\/boutique\/?post_type=product&#038;p=18364"},"modified":"2025-06-19T15:57:53","modified_gmt":"2025-06-19T19:57:53","slug":"verre-de-pub-du-musee-canadien-de-la-guerre-20-oz","status":"publish","type":"product","link":"https:\/\/www.museedelaguerre.ca\/boutique\/produit\/verre-de-pub-du-musee-canadien-de-la-guerre-20-oz\/","title":{"rendered":"Verre de pub du Mus\u00e9e canadien de la guerre (20 oz)"},"content":{"rendered":"","protected":false},"excerpt":{"rendered":"<p>Ce verre de pub de 20 oz polyvalent a une forme lisse qui tient bien en main. Il est id\u00e9al pour presque toutes les types de boissons.<\/p>\n<p>Le logo du Mus\u00e9e canadien de la guerre est grav\u00e9 au laser, ce qui en fait un bel ajout \u00e0 votre collection de bar maison.<\/p>\n<ul>\n<li>Capacit\u00e9 : 20 oz (591 ml)<\/li>\n<li>Diam\u00e8tre sup\u00e9rieur : 7,9 cm<\/li>\n<li>Hauteur : 16 cm<\/li>\n<li>Va au lave-vaisselle<\/li>\n<\/ul>\n","protected":false},"featured_media":18356,"comment_status":"open","ping_status":"closed","template":"","meta":{"_acf_changed":false},"product_cat":[1287,1228,995,667,1192],"product_tag":[],"acf":[],"_links":{"self":[{"href":"https:\/\/www.museedelaguerre.ca\/boutique\/wp-json\/wp\/v2\/product\/18364"}],"collection":[{"href":"https:\/\/www.museedelaguerre.ca\/boutique\/wp-json\/wp\/v2\/product"}],"about":[{"href":"https:\/\/www.museedelaguerre.ca\/boutique\/wp-json\/wp\/v2\/types\/product"}],"replies":[{"embeddable":true,"href":"https:\/\/www.museedelaguerre.ca\/boutique\/wp-json\/wp\/v2\/comments?post=18364"}],"wp:featuredmedia":[{"embeddable":true,"href":"https:\/\/www.museedelaguerre.ca\/boutique\/wp-json\/wp\/v2\/media\/18356"}],"wp:attachment":[{"href":"https:\/\/www.museedelaguerre.ca\/boutique\/wp-json\/wp\/v2\/media?parent=18364"}],"wp:term":[{"taxonomy":"product_cat","embeddable":true,"href":"https:\/\/www.museedelaguerre.ca\/boutique\/wp-json\/wp\/v2\/product_cat?post=18364"},{"taxonomy":"product_tag","embeddable":true,"href":"https:\/\/www.museedelaguerre.ca\/boutique\/wp-json\/wp\/v2\/product_tag?post=18364"}],"curies":[{"name":"wp","href":"https:\/\/api.w.org\/{rel}","templated":true}]}}