
{"id":18352,"date":"2025-06-19T14:47:55","date_gmt":"2025-06-19T18:47:55","guid":{"rendered":"https:\/\/www.warmuseum.ca\/boutique\/?post_type=product&#038;p=18352"},"modified":"2025-06-19T15:50:07","modified_gmt":"2025-06-19T19:50:07","slug":"verre-pilsner-du-musee-canadien-de-la-guerre-20-oz","status":"publish","type":"product","link":"https:\/\/www.museedelaguerre.ca\/boutique\/produit\/verre-pilsner-du-musee-canadien-de-la-guerre-20-oz\/","title":{"rendered":"Verre Pilsner du Mus\u00e9e canadien de la guerre (20 oz)"},"content":{"rendered":"","protected":false},"excerpt":{"rendered":"<p>Ce verre pilsner de 20 oz a une forme \u00e9lanc\u00e9e qui s\u2019\u00e9largit vers le haut, ce qui la rend confortable \u00e0 tenir. Son grand rebord aide \u00e0 garder une belle mousse et \u00e0 faire ressortir les ar\u00f4mes de vos bi\u00e8res blondes et pilsners pr\u00e9f\u00e9r\u00e9es.<\/p>\n<p>Le logo du Mus\u00e9e canadien de la guerre est grav\u00e9 au laser, ce qui en fait un bel ajout \u00e0 votre collection de bar maison.<\/p>\n<ul>\n<li>Capacit\u00e9 : 20 oz (591 ml)<\/li>\n<li>Diam\u00e8tre sup\u00e9rieur : 8,3 cm<\/li>\n<li>Hauteur : 21 cm<\/li>\n<li>Va au lave-vaisselle<\/li>\n<\/ul>\n","protected":false},"featured_media":18358,"comment_status":"open","ping_status":"closed","template":"","meta":{"_acf_changed":false},"product_cat":[1287,1228,995,667,1192],"product_tag":[],"acf":[],"_links":{"self":[{"href":"https:\/\/www.museedelaguerre.ca\/boutique\/wp-json\/wp\/v2\/product\/18352"}],"collection":[{"href":"https:\/\/www.museedelaguerre.ca\/boutique\/wp-json\/wp\/v2\/product"}],"about":[{"href":"https:\/\/www.museedelaguerre.ca\/boutique\/wp-json\/wp\/v2\/types\/product"}],"replies":[{"embeddable":true,"href":"https:\/\/www.museedelaguerre.ca\/boutique\/wp-json\/wp\/v2\/comments?post=18352"}],"wp:featuredmedia":[{"embeddable":true,"href":"https:\/\/www.museedelaguerre.ca\/boutique\/wp-json\/wp\/v2\/media\/18358"}],"wp:attachment":[{"href":"https:\/\/www.museedelaguerre.ca\/boutique\/wp-json\/wp\/v2\/media?parent=18352"}],"wp:term":[{"taxonomy":"product_cat","embeddable":true,"href":"https:\/\/www.museedelaguerre.ca\/boutique\/wp-json\/wp\/v2\/product_cat?post=18352"},{"taxonomy":"product_tag","embeddable":true,"href":"https:\/\/www.museedelaguerre.ca\/boutique\/wp-json\/wp\/v2\/product_tag?post=18352"}],"curies":[{"name":"wp","href":"https:\/\/api.w.org\/{rel}","templated":true}]}}