
{"id":18012,"date":"2026-01-06T10:28:51","date_gmt":"2025-04-09T18:44:37","guid":{"rendered":"https:\/\/www.warmuseum.ca\/boutique\/?post_type=product&#038;p=18012"},"modified":"2025-04-09T14:44:38","modified_gmt":"2025-04-09T18:44:38","slug":"tartan-du-20e-anniversaire-du-musee-canadien-de-la-guerre","status":"publish","type":"product","link":"https:\/\/www.museedelaguerre.ca\/boutique\/produit\/tartan-du-20e-anniversaire-du-musee-canadien-de-la-guerre\/","title":{"rendered":"Tartan du 20e Anniversaire du Mus\u00e9e Canadien de la Guerre"},"content":{"rendered":"<p>Ce tartan unique a \u00e9t\u00e9 cr\u00e9\u00e9 pour souligner le 20<sup>e<\/sup>\u00a0anniversaire de l\u2019inauguration du Mus\u00e9e canadien de la guerre sur son nouveau site des plaines LeBreton, \u00e0 Ottawa. Il est con\u00e7u pour refl\u00e9ter d\u2019importants \u00e9v\u00e8nements de l\u2019histoire du Mus\u00e9e. Ses couleurs s\u2019inspirent de l\u2019architecture du Mus\u00e9e et son emplacement au c\u0153ur de la capitale f\u00e9d\u00e9rale.<\/p>\n<p>Le gris b\u00e9ton repr\u00e9sente le mat\u00e9riau principal du b\u00e2timent. Les nuances de vert refl\u00e8tent sa nature durable et son toit vert garni d\u2019esp\u00e8ces v\u00e9g\u00e9tales locales, tandis que le cuivre symbolise la toiture et le mat\u00e9riau du rev\u00eatement ext\u00e9rieur du Mus\u00e9e, ainsi que son lien avec les \u00e9difices du Parlement. Le bleu repr\u00e9sente la rivi\u00e8re des Outaouais qui longe le Mus\u00e9e; le brun, la terre sur laquelle il est construit; le rouge, son lien avec le Canada.<\/p>\n","protected":false},"excerpt":{"rendered":"<p>Ce tartan unique souligne le 20<sup>e<\/sup>\u00a0anniversaire de l\u2019inauguration du Mus\u00e9e canadien de la guerre sur son nouveau site des plaines LeBreton, \u00e0 Ottawa. Il est con\u00e7u pour refl\u00e9ter d\u2019importants \u00e9v\u00e8nements de l\u2019histoire du Mus\u00e9e. Ses couleurs repr\u00e9sentent le Mus\u00e9e et son architecture, notamment son toit vert, le th\u00e8me de la r\u00e9g\u00e9n\u00e9ration et l\u2019emplacement b\u00e2timent, \u00e0 proximit\u00e9 de la rivi\u00e8re des Outaouais et au c\u0153ur de la capitale f\u00e9d\u00e9rale.<\/p>\n","protected":false},"featured_media":19509,"comment_status":"open","ping_status":"closed","template":"","meta":{"_acf_changed":false},"product_cat":[1260,1228,995,660,661],"product_tag":[],"acf":[],"_links":{"self":[{"href":"https:\/\/www.museedelaguerre.ca\/boutique\/wp-json\/wp\/v2\/product\/18012"}],"collection":[{"href":"https:\/\/www.museedelaguerre.ca\/boutique\/wp-json\/wp\/v2\/product"}],"about":[{"href":"https:\/\/www.museedelaguerre.ca\/boutique\/wp-json\/wp\/v2\/types\/product"}],"replies":[{"embeddable":true,"href":"https:\/\/www.museedelaguerre.ca\/boutique\/wp-json\/wp\/v2\/comments?post=18012"}],"wp:featuredmedia":[{"embeddable":true,"href":"https:\/\/www.museedelaguerre.ca\/boutique\/wp-json\/wp\/v2\/media\/19509"}],"wp:attachment":[{"href":"https:\/\/www.museedelaguerre.ca\/boutique\/wp-json\/wp\/v2\/media?parent=18012"}],"wp:term":[{"taxonomy":"product_cat","embeddable":true,"href":"https:\/\/www.museedelaguerre.ca\/boutique\/wp-json\/wp\/v2\/product_cat?post=18012"},{"taxonomy":"product_tag","embeddable":true,"href":"https:\/\/www.museedelaguerre.ca\/boutique\/wp-json\/wp\/v2\/product_tag?post=18012"}],"curies":[{"name":"wp","href":"https:\/\/api.w.org\/{rel}","templated":true}]}}