
{"id":17632,"date":"2025-03-05T09:06:41","date_gmt":"2025-03-05T14:06:41","guid":{"rendered":"https:\/\/www.warmuseum.ca\/boutique\/?post_type=product&#038;p=17632"},"modified":"2025-05-08T09:30:50","modified_gmt":"2025-05-08T13:30:50","slug":"dernieres-voix-de-la-seconde-guerre-mondiale-catalogue","status":"publish","type":"product","link":"https:\/\/www.museedelaguerre.ca\/boutique\/produit\/dernieres-voix-de-la-seconde-guerre-mondiale-catalogue\/","title":{"rendered":"Derni\u00e8res voix de la Seconde Guerre mondiale (Catalogue d\u2019exposition)"},"content":{"rendered":"<p>D\u00e9couvrez les histoires inoubliables et les puissants t\u00e9moignages des <em>Derni\u00e8res voix de la Seconde Guerre mondiale<\/em>.<\/p>\n<p>Pour souligner le 80e anniversaire de la fin du conflit, cette poignante publication comm\u00e9morative donne la parole \u00e0 des personnes qui ont servi pour le Canada et qui sont encore parmi nous, ainsi qu\u2019\u00e0 des proches de v\u00e9t\u00e9ranes et de v\u00e9t\u00e9rans. Leurs paroles, tir\u00e9es d\u2019entrevues d\u2019histoire orale, sont pr\u00e9sent\u00e9es en compagnie de photos, d\u2019objets personnels et d\u2019\u0153uvres d\u2019art qui aident \u00e0 illustrer le v\u00e9cu complexe des ex-militaires.<\/p>\n<p>Ce livre explore le parcours de v\u00e9t\u00e9ranes et de v\u00e9t\u00e9rans pour reb\u00e2tir leur vie et trouver un sens \u00e0 leur v\u00e9cu. Il jette \u00e9galement une lumi\u00e8re nouvelle sur les difficult\u00e9s, les gratifications et le legs du service militaire qui ont profond\u00e9ment fa\u00e7onn\u00e9 leur vie, mais aussi celle des g\u00e9n\u00e9rations qui ont suivi, parfois de mani\u00e8re inattendue.<\/p>\n<p><strong>Autrices :<\/strong> Marie-Louise Deruaz, Teresa Iacobelli et M\u00e9lanie Morin-Pelletier<br \/>\n<strong>Nombre de pages :<\/strong> 96 pages avec 68 illustrations<br \/>\n<strong>ISBN :<\/strong> 978-0-660-72643-4<\/p>\n","protected":false},"excerpt":{"rendered":"<p><strong>Catalogue de poche illustr\u00e9 de 6&#215;6 pouces<\/strong> r\u00e9dig\u00e9 par Marie-Louise Deruaz, Teresa Iacobelli et M\u00e9lanie Morin-Pelletier.<\/p>\n<p>D\u00e9couvrez les histoires inoubliables et les puissants t\u00e9moignages des <em>Derni\u00e8res voix de la Seconde Guerre mondiale<\/em>. Pour souligner le 80e anniversaire de la fin du conflit, cette poignante publication comm\u00e9morative donne la parole \u00e0 des personnes qui ont servi pour le Canada et qui sont encore parmi nous, ainsi qu\u2019\u00e0 des proches de v\u00e9t\u00e9ranes et de v\u00e9t\u00e9rans<\/p>\n","protected":false},"featured_media":17642,"comment_status":"open","ping_status":"closed","template":"","meta":{"_acf_changed":false},"product_cat":[1258,1250,604,683],"product_tag":[1213],"acf":[],"_links":{"self":[{"href":"https:\/\/www.museedelaguerre.ca\/boutique\/wp-json\/wp\/v2\/product\/17632"}],"collection":[{"href":"https:\/\/www.museedelaguerre.ca\/boutique\/wp-json\/wp\/v2\/product"}],"about":[{"href":"https:\/\/www.museedelaguerre.ca\/boutique\/wp-json\/wp\/v2\/types\/product"}],"replies":[{"embeddable":true,"href":"https:\/\/www.museedelaguerre.ca\/boutique\/wp-json\/wp\/v2\/comments?post=17632"}],"wp:featuredmedia":[{"embeddable":true,"href":"https:\/\/www.museedelaguerre.ca\/boutique\/wp-json\/wp\/v2\/media\/17642"}],"wp:attachment":[{"href":"https:\/\/www.museedelaguerre.ca\/boutique\/wp-json\/wp\/v2\/media?parent=17632"}],"wp:term":[{"taxonomy":"product_cat","embeddable":true,"href":"https:\/\/www.museedelaguerre.ca\/boutique\/wp-json\/wp\/v2\/product_cat?post=17632"},{"taxonomy":"product_tag","embeddable":true,"href":"https:\/\/www.museedelaguerre.ca\/boutique\/wp-json\/wp\/v2\/product_tag?post=17632"}],"curies":[{"name":"wp","href":"https:\/\/api.w.org\/{rel}","templated":true}]}}