
{"id":17434,"date":"2025-01-23T15:13:47","date_gmt":"2025-01-23T20:13:48","guid":{"rendered":"https:\/\/www.warmuseum.ca\/boutique\/?post_type=product&#038;p=17434"},"modified":"2025-02-04T14:11:22","modified_gmt":"2025-02-04T19:11:22","slug":"couvre-oreiller-collection-code-morse","status":"publish","type":"product","link":"https:\/\/www.museedelaguerre.ca\/boutique\/produit\/couvre-oreiller-collection-code-morse\/","title":{"rendered":"Couvre-oreiller \u2013 Collection Code Morse"},"content":{"rendered":"<p>Mesure 44 cm sur 44 cm \u00e0 plat<\/p>\n<p>Fabriqu\u00e9 en polylin lavable \u00e0 la machine : 95% polyester, 5% coton<\/p>\n","protected":false},"excerpt":{"rendered":"<p>Ce couvre-oreiller, qui fait partie de la collection du Mus\u00e9e canadien de la guerre, met en valeur l&#8217;architecture angulaire frappante du mus\u00e9e, con\u00e7ue pour cr\u00e9er un sentiment de d\u00e9s\u00e9quilibre. Cet effet de d\u00e9sorientation symbolise l&#8217;instabilit\u00e9 et le chaos de la guerre.<\/p>\n<p>Il y a \u00e9galement une s\u00e9rie de petites fen\u00eatres au sommet du b\u00e2timent. Certaines sont courtes. D&#8217;autres sont longues. Elles repr\u00e9sentent les lettres du code Morse et sont dispos\u00e9es de mani\u00e8re \u00e0 exprimer \u00ab Lest we forget \u00bb en anglais et \u00ab N&#8217;oublions jamais \u00bb en fran\u00e7ais.<\/p>\n<p>Sa conception est compl\u00e9t\u00e9e par une fermeture \u00e9claire, qui permet de l&#8217;enlever facilement et de le laver \u00e0 la machine.<\/p>\n","protected":false},"featured_media":19728,"comment_status":"open","ping_status":"closed","template":"","meta":{"_acf_changed":false},"product_cat":[1248,995,667],"product_tag":[],"acf":[],"_links":{"self":[{"href":"https:\/\/www.museedelaguerre.ca\/boutique\/wp-json\/wp\/v2\/product\/17434"}],"collection":[{"href":"https:\/\/www.museedelaguerre.ca\/boutique\/wp-json\/wp\/v2\/product"}],"about":[{"href":"https:\/\/www.museedelaguerre.ca\/boutique\/wp-json\/wp\/v2\/types\/product"}],"replies":[{"embeddable":true,"href":"https:\/\/www.museedelaguerre.ca\/boutique\/wp-json\/wp\/v2\/comments?post=17434"}],"wp:featuredmedia":[{"embeddable":true,"href":"https:\/\/www.museedelaguerre.ca\/boutique\/wp-json\/wp\/v2\/media\/19728"}],"wp:attachment":[{"href":"https:\/\/www.museedelaguerre.ca\/boutique\/wp-json\/wp\/v2\/media?parent=17434"}],"wp:term":[{"taxonomy":"product_cat","embeddable":true,"href":"https:\/\/www.museedelaguerre.ca\/boutique\/wp-json\/wp\/v2\/product_cat?post=17434"},{"taxonomy":"product_tag","embeddable":true,"href":"https:\/\/www.museedelaguerre.ca\/boutique\/wp-json\/wp\/v2\/product_tag?post=17434"}],"curies":[{"name":"wp","href":"https:\/\/api.w.org\/{rel}","templated":true}]}}