
{"id":17432,"date":"2025-01-23T15:10:54","date_gmt":"2025-01-23T20:10:54","guid":{"rendered":"https:\/\/www.warmuseum.ca\/boutique\/?post_type=product&#038;p=17432"},"modified":"2025-02-10T09:30:31","modified_gmt":"2025-02-10T14:30:31","slug":"ornement-collection-code-morse","status":"publish","type":"product","link":"https:\/\/www.museedelaguerre.ca\/boutique\/produit\/ornement-collection-code-morse\/","title":{"rendered":"Ornement \u2013 Collection Code Morse"},"content":{"rendered":"<p>Mesure 3.5&#8243; x 3.5&#8243; (8.9 cm x 8.9 cm)<\/p>\n<p>Fabriqu\u00e9 \u00e0 Niagara Falls, ON, Canada, \u00e0 partir d&#8217;aluminium recycl\u00e9<\/p>\n","protected":false},"excerpt":{"rendered":"<p>Cet ornement, qui fait partie de la collection du Mus\u00e9e canadien de la guerre, met en valeur l&#8217;architecture angulaire frappante du mus\u00e9e, con\u00e7ue pour cr\u00e9er un sentiment de d\u00e9s\u00e9quilibre. Cet effet de d\u00e9sorientation symbolise l&#8217;instabilit\u00e9 et le chaos de la guerre.<\/p>\n<p>Il y a \u00e9galement une s\u00e9rie de petites fen\u00eatres au sommet du b\u00e2timent. Certaines sont courtes. D&#8217;autres sont longues. Elles repr\u00e9sentent les lettres du code Morse et sont dispos\u00e9es de mani\u00e8re \u00e0 exprimer \u00ab Lest we forget \u00bb en anglais et \u00ab N&#8217;oublions jamais \u00bb en fran\u00e7ais.<\/p>\n","protected":false},"featured_media":17476,"comment_status":"open","ping_status":"closed","template":"","meta":{"_acf_changed":false},"product_cat":[1248,995,667],"product_tag":[],"acf":[],"_links":{"self":[{"href":"https:\/\/www.museedelaguerre.ca\/boutique\/wp-json\/wp\/v2\/product\/17432"}],"collection":[{"href":"https:\/\/www.museedelaguerre.ca\/boutique\/wp-json\/wp\/v2\/product"}],"about":[{"href":"https:\/\/www.museedelaguerre.ca\/boutique\/wp-json\/wp\/v2\/types\/product"}],"replies":[{"embeddable":true,"href":"https:\/\/www.museedelaguerre.ca\/boutique\/wp-json\/wp\/v2\/comments?post=17432"}],"wp:featuredmedia":[{"embeddable":true,"href":"https:\/\/www.museedelaguerre.ca\/boutique\/wp-json\/wp\/v2\/media\/17476"}],"wp:attachment":[{"href":"https:\/\/www.museedelaguerre.ca\/boutique\/wp-json\/wp\/v2\/media?parent=17432"}],"wp:term":[{"taxonomy":"product_cat","embeddable":true,"href":"https:\/\/www.museedelaguerre.ca\/boutique\/wp-json\/wp\/v2\/product_cat?post=17432"},{"taxonomy":"product_tag","embeddable":true,"href":"https:\/\/www.museedelaguerre.ca\/boutique\/wp-json\/wp\/v2\/product_tag?post=17432"}],"curies":[{"name":"wp","href":"https:\/\/api.w.org\/{rel}","templated":true}]}}