
{"id":16698,"date":"2024-08-29T11:24:16","date_gmt":"2024-08-29T15:21:26","guid":{"rendered":"https:\/\/www.warmuseum.ca\/boutique\/?post_type=product&#038;p=16698"},"modified":"2024-08-29T11:21:26","modified_gmt":"2024-08-29T15:21:26","slug":"canada-and-the-korean-war","status":"publish","type":"product","link":"https:\/\/www.museedelaguerre.ca\/boutique\/produit\/canada-and-the-korean-war\/","title":{"rendered":"Canada and the Korean War"},"content":{"rendered":"<p>La Cor\u00e9e a \u00e9t\u00e9 la premi\u00e8re guerre de la guerre froide. Il s&#8217;agit \u00e9galement de l&#8217;engagement militaire le plus important du Canada au XXe si\u00e8cle, apr\u00e8s les deux guerres mondiales. Le Canada et la guerre de Cor\u00e9e r\u00e9unit d&#8217;\u00e9minents sp\u00e9cialistes qui explorent les th\u00e8mes et les batailles cl\u00e9s d&#8217;un conflit d\u00e9terminant mais peu \u00e9tudi\u00e9.<\/p>\n<p>Avant 1950, le Canada n&#8217;avait que peu d&#8217;enjeux et d&#8217;int\u00e9r\u00eats en Cor\u00e9e, mais le risque que le conflit repr\u00e9sentait pour l&#8217;ordre fragile de l&#8217;apr\u00e8s-guerre \u00e9tait jug\u00e9 trop grand pour que le pays reste \u00e0 l&#8217;\u00e9cart. De 1950 \u00e0 1953, plus de 30 000 militaires canadiens ont servi sur le front de la guerre de Cor\u00e9e, et les d\u00e9penses de d\u00e9fense en \u00ab temps de paix \u00bb ont atteint un niveau sans pr\u00e9c\u00e9dent. Aux c\u00f4t\u00e9s de la superpuissance am\u00e9ricaine \u00e9mergente, des forces locales et des alli\u00e9s du Commonwealth, les Canadiens ont combattu un ennemi d\u00e9termin\u00e9 et inventif sur terre, en mer et dans les airs. L&#8217;armistice final a laiss\u00e9 une p\u00e9ninsule divis\u00e9e dans l&#8217;inqui\u00e9tude.<\/p>\n<p>Ce recueil fait la synth\u00e8se des perspectives canadiennes et internationales sur un conflit qui a fa\u00e7onn\u00e9 non seulement les forces arm\u00e9es canadiennes, mais aussi l&#8217;\u00e9volution des relations entre le Canada et la Cor\u00e9e. Ce faisant, Le Canada et la guerre de Cor\u00e9e met en lumi\u00e8re la fa\u00e7on dont la guerre a \u00e9t\u00e9 encadr\u00e9e et recadr\u00e9e dans la m\u00e9moire publique.<\/p>\n<p>Cette superbe \u00e9tude int\u00e9ressera les membres de la communaut\u00e9 de l&#8217;histoire militaire am\u00e9ricaine, britannique, chinoise et cor\u00e9enne et sera tr\u00e8s pertinente pour les cours de premier cycle en histoire militaire canadienne, en histoire internationale et en guerre froide. Plus largement, son lectorat s&#8217;\u00e9tendra aux anciens combattants canadiens, \u00e0 leurs familles et \u00e0 tous ceux qui s&#8217;int\u00e9ressent de mani\u00e8re g\u00e9n\u00e9rale \u00e0 l&#8217;histoire militaire du Canada.<\/p>\n","protected":false},"excerpt":{"rendered":"<p><em>Le Canada et la guerre de Cor\u00e9e<\/em> est un recueil d&#8217;essais r\u00e9dig\u00e9s par des chercheurs de renom qui explore la participation du Canada \u00e0 la guerre de Cor\u00e9e, son engagement militaire le plus important apr\u00e8s les deux guerres mondiales. Bien que le Canada ait initialement montr\u00e9 peu d&#8217;int\u00e9r\u00eat pour la Cor\u00e9e, la menace pour la stabilit\u00e9 d&#8217;apr\u00e8s-guerre a conduit au d\u00e9ploiement de plus de 30 000 membres des forces arm\u00e9es canadiennes entre 1950 et 1953. Le livre examine les th\u00e8mes cl\u00e9s, les batailles, ainsi que l&#8217;impact plus large de la guerre sur les forces arm\u00e9es canadiennes et les relations entre le Canada et la Cor\u00e9e. Il aborde \u00e9galement la mani\u00e8re dont le conflit a \u00e9t\u00e9 m\u00e9moris\u00e9 dans la m\u00e9moire collective, ce qui en fait une lecture pertinente pour les chercheurs en histoire militaire, les \u00e9tudiants, les v\u00e9t\u00e9rans et ceux qui s&#8217;int\u00e9ressent \u00e0 l&#8217;histoire canadienne.<\/p>\n<p><strong>Version anglaise seulement.<\/strong><\/p>\n","protected":false},"featured_media":16697,"comment_status":"open","ping_status":"closed","template":"","meta":{"_acf_changed":false},"product_cat":[604,1195],"product_tag":[],"acf":[],"_links":{"self":[{"href":"https:\/\/www.museedelaguerre.ca\/boutique\/wp-json\/wp\/v2\/product\/16698"}],"collection":[{"href":"https:\/\/www.museedelaguerre.ca\/boutique\/wp-json\/wp\/v2\/product"}],"about":[{"href":"https:\/\/www.museedelaguerre.ca\/boutique\/wp-json\/wp\/v2\/types\/product"}],"replies":[{"embeddable":true,"href":"https:\/\/www.museedelaguerre.ca\/boutique\/wp-json\/wp\/v2\/comments?post=16698"}],"wp:featuredmedia":[{"embeddable":true,"href":"https:\/\/www.museedelaguerre.ca\/boutique\/wp-json\/wp\/v2\/media\/16697"}],"wp:attachment":[{"href":"https:\/\/www.museedelaguerre.ca\/boutique\/wp-json\/wp\/v2\/media?parent=16698"}],"wp:term":[{"taxonomy":"product_cat","embeddable":true,"href":"https:\/\/www.museedelaguerre.ca\/boutique\/wp-json\/wp\/v2\/product_cat?post=16698"},{"taxonomy":"product_tag","embeddable":true,"href":"https:\/\/www.museedelaguerre.ca\/boutique\/wp-json\/wp\/v2\/product_tag?post=16698"}],"curies":[{"name":"wp","href":"https:\/\/api.w.org\/{rel}","templated":true}]}}