
{"id":16252,"date":"2024-05-09T14:50:18","date_gmt":"2024-05-09T18:51:53","guid":{"rendered":"https:\/\/www.warmuseum.ca\/boutique\/?post_type=product&#038;p=16252"},"modified":"2024-05-09T14:51:53","modified_gmt":"2024-05-09T18:51:53","slug":"casquette-ocre-de-larc","status":"publish","type":"product","link":"https:\/\/www.museedelaguerre.ca\/boutique\/produit\/casquette-ocre-de-larc\/","title":{"rendered":"Casquette Ocre de l&#8217;ARC"},"content":{"rendered":"<p>Fond\u00e9e en 1924, l\u2019ARC (Aviation Royale du Canada) incarne le courage, l\u2019innovation et le d\u00e9vouement au service national. Tout au long de son histoire, l\u2019ARC a jou\u00e9 un r\u00f4le d\u00e9terminant dans la protection du ciel canadien, en s\u2019engageant dans des missions humanitaires vitales et en encourageant les efforts de maintien de la paix au niveau international. Joignez-vous \u00e0 nous rendre hommage aux personnes courageuses qui ont servi et continuent de servir dans l\u2019ARC.<\/p>\n","protected":false},"excerpt":{"rendered":"<p>Cette casquette ocre est orn\u00e9e d&#8217;un appliqu\u00e9 en feutre deux \u00e9paisseurs du logo de l&#8217;ARC sur le devant et d&#8217;une bande velcro ajustable \u00e0 l&#8217;arri\u00e8re pour un ajustement parfait.<\/p>\n<p>Cette casquette est offerte en taille unique seulement.<\/p>\n","protected":false},"featured_media":16249,"comment_status":"open","ping_status":"closed","template":"","meta":{"_acf_changed":false},"product_cat":[1260,660,662],"product_tag":[1202],"acf":[],"_links":{"self":[{"href":"https:\/\/www.museedelaguerre.ca\/boutique\/wp-json\/wp\/v2\/product\/16252"}],"collection":[{"href":"https:\/\/www.museedelaguerre.ca\/boutique\/wp-json\/wp\/v2\/product"}],"about":[{"href":"https:\/\/www.museedelaguerre.ca\/boutique\/wp-json\/wp\/v2\/types\/product"}],"replies":[{"embeddable":true,"href":"https:\/\/www.museedelaguerre.ca\/boutique\/wp-json\/wp\/v2\/comments?post=16252"}],"wp:featuredmedia":[{"embeddable":true,"href":"https:\/\/www.museedelaguerre.ca\/boutique\/wp-json\/wp\/v2\/media\/16249"}],"wp:attachment":[{"href":"https:\/\/www.museedelaguerre.ca\/boutique\/wp-json\/wp\/v2\/media?parent=16252"}],"wp:term":[{"taxonomy":"product_cat","embeddable":true,"href":"https:\/\/www.museedelaguerre.ca\/boutique\/wp-json\/wp\/v2\/product_cat?post=16252"},{"taxonomy":"product_tag","embeddable":true,"href":"https:\/\/www.museedelaguerre.ca\/boutique\/wp-json\/wp\/v2\/product_tag?post=16252"}],"curies":[{"name":"wp","href":"https:\/\/api.w.org\/{rel}","templated":true}]}}